{"id":1244,"date":"2017-06-16T13:42:00","date_gmt":"2017-06-16T11:42:00","guid":{"rendered":"http:\/\/anthuriuminfo.com\/de\/?page_id=1244"},"modified":"2018-08-30T17:22:49","modified_gmt":"2018-08-30T15:22:49","slug":"herzstiftung","status":"publish","type":"page","link":"https:\/\/anthuriuminfo.com\/de\/herzstiftung\/","title":{"rendered":"Anthurium-Aktion f\u00fcr die Herzstiftung: Gemeinsamer Einsatz f\u00fcr eine Welt ohne Herz-Kreislauf-Erkrankungen"},"content":{"rendered":"<p>Wie gro\u00dfartig w\u00e4re es, wenn es endlich keine Herz- und Kreislauf-Krankheiten mehr geben w\u00fcrde. Jedes Jahr sammeln Anthurieng\u00e4rtner- und Z\u00fcchter Geld f\u00fcr die niederl\u00e4ndische und die deutsche Herzstiftung mit Hilfe der markanten herzf\u00f6rmigen Bl\u00fctenbl\u00e4tter ihrer attraktiven Schnitt- und Topfanthurien. Auch Sie k\u00f6nnen diese Aktion unterst\u00fctzen!<br \/>\n<!--more--><\/p>\n<h3>Anthurieng\u00e4rtner f\u00fcr die Herzstiftung aktiv<\/h3>\n<p>Nach der erfolgreichen Zusammenarbeit zwischen den Anthurieng\u00e4rtnern und -z\u00fcchtern und der Herzstiftung im vergangenen Jahr &#8211; mit ihrer Herzstiftungsauktion und der Sammelaktion &#8211; steht der Monat September auch in diesem Jahr im Zeichen dieser guten Sache. Und Sie haben die M\u00f6glichkeit, selbst ein St\u00fcckchen dazu beizutragen!<\/p>\n<h3>Kaufen Sie eine Anthurie!<\/h3>\n<p>Vom 1. bis zum 30. September k\u00f6nnen Sie an die Herzstiftung spenden, indem Sie eine Anthurie kaufen. M\u00f6chten Sie diese Aktion unterst\u00fctzen?\u00a0Die speziell im Rahmen der Herzstiftungs-Aktion angebotenen Anthurien sind unter anderem bei Edeka und Rewe erh\u00e4ltlich.\u00a0Von jeder Anthurie in einer Herzstiftungs-Verpackung geht 1 Euro an die besagte Stiftung. Die Aktions-Anthurien sind an der besonderen Verpackung der Herzstiftung zu erkennen.<\/p>\n<p><img loading=\"lazy\" decoding=\"async\" class=\"size-medium wp-image-1816 alignnone\" src=\"http:\/\/anthuriuminfo.com\/de\/wp-content\/uploads\/sites\/2\/2017\/06\/Hartstichting-verpakking-DE-800x566.png\" alt=\"\" width=\"800\" height=\"566\" srcset=\"https:\/\/anthuriuminfo.com\/de\/wp-content\/uploads\/sites\/2\/2017\/06\/Hartstichting-verpakking-DE-800x566.png 800w, https:\/\/anthuriuminfo.com\/de\/wp-content\/uploads\/sites\/2\/2017\/06\/Hartstichting-verpakking-DE-768x543.png 768w, https:\/\/anthuriuminfo.com\/de\/wp-content\/uploads\/sites\/2\/2017\/06\/Hartstichting-verpakking-DE.png 1123w\" sizes=\"auto, (max-width: 800px) 100vw, 800px\" \/><\/p>\n<h3>Wie kam die Aktion zustande?<\/h3>\n<p>Neben dem umweltfreundlichen Anbau eines nachhaltigen Produktes wollen sich die Anthurieng\u00e4rtner f\u00fcr einen guten Zweck engagieren. Die G\u00e4rtner haben die Aktion gestartet, weil nach wissenschaftlichen Erkenntnissen das Vorhandensein von Zimmerpflanzen zu einer schnelleren Genesung nach einer Krankheit beitr\u00e4gt. Die Anthurie ist au\u00dferdem die einzige Pflanze mit einer herzf\u00f6rmigen Bl\u00fcte, die deshalb den Vergleich mit dem menschlichen Herzen nahelegt. Darum engagieren sich die Anthurieng\u00e4rtner seit 2014 f\u00fcr die Niederl\u00e4ndische und f\u00fcr die Deutsche Herzstiftung und unterst\u00fctzen so die Forschung auf dem Gebiet der Herz-Kreislauf-Erkrankungen.<\/p>\n<h3>Ein Herz f\u00fcr ein Herz<\/h3>\n<p>Die Anthurie bietet eine F\u00fclle an Verwendungsm\u00f6glichkeiten in jedem Interieur. Ob Sie sich f\u00fcr eine auffallende Farbe wie Orange, Herzrot und leuchtendes Pink oder f\u00fcr einen nat\u00fcrlichen Farbton wie Gr\u00fcn und strahlendes Wei\u00df entscheiden m\u00f6chten &#8211; bei der Anthurie finden Sie sie alle. Mit der Unterst\u00fctzung dieser Aktion bekommen Sie eine sch\u00f6ne Pflanze und tragen gleichzeitig zu einem guten Zweck bei. Sie machen doch auch mit, oder?!<\/p>\n<figure id=\"attachment_2855\" aria-describedby=\"caption-attachment-2855\" style=\"width: 800px\" class=\"wp-caption alignnone\"><img loading=\"lazy\" decoding=\"async\" class=\"size-medium wp-image-2855\" src=\"http:\/\/anthuriuminfo.com\/wp-content\/uploads\/2017\/12\/Anthurium_Plant_planten_verzorging_tips_verzorgingstips_standplaats_hoeveel_water_geven_bloemen_flamingoplant_anturium_flamingoflower_care_verzorgingstips_piemelplant_penisplant_rode_bloem-21-800x541.jpg\" alt=\"Styling tip: hoe decoreer je met anthurium potplanten?\" width=\"800\" height=\"541\" \/><figcaption id=\"caption-attachment-2855\" class=\"wp-caption-text\">Foto: Anthura<\/figcaption><\/figure>\n<p><em>Die speziell im Rahmen der Herzstiftungs-Aktion angebotenen Anthurien sind unter anderem bei Edeka und Rewe erh\u00e4ltlich.\u00a0M\u00f6chten Sie als Einzelh\u00e4ndler teilnehmen oder mehr \u00fcber die Aktion erfahren? Schicken Sie dann eine E-Mail an <\/em><em><a href=\"mailto:info@anthurium.info\">info@anthurium.info<\/a><\/em><em>.\u00a0Erfahren Sie mehr \u00fcber unsere Partnerschaft mit der Herzstiftung auf <\/em><em><a href=\"https:\/\/www.hartstichting.nl\/partners\/stichting-promotie-anthurium\">https:\/\/www.herzstiftung.de\/<\/a><\/em><em>.\u00a0<\/em><\/p>\n","protected":false},"excerpt":{"rendered":"<p class=\"excerpt\">Wie gro\u00dfartig w\u00e4re es, wenn es endlich keine Herz- und Kreislauf-Krankheiten mehr geben w\u00fcrde. Jedes Jahr sammeln Anthurieng\u00e4rtner- und Z\u00fcchter Geld f\u00fcr die niederl\u00e4ndische und die deutsche Herzstiftung mit Hilfe der markanten herzf\u00f6rmigen Bl\u00fctenbl\u00e4tter ihrer attraktiven Schnitt- und Topfanthurien. Auch Sie k\u00f6nnen diese Aktion unterst\u00fctzen!<\/p>\n","protected":false},"author":2,"featured_media":1815,"parent":0,"menu_order":0,"comment_status":"closed","ping_status":"closed","template":"","meta":{"_acf_changed":false,"footnotes":""},"class_list":["post-1244","page","type-page","status-publish","has-post-thumbnail","hentry"],"acf":[],"yoast_head":"<!-- This site is optimized with the Yoast SEO plugin v26.7 - https:\/\/yoast.com\/wordpress\/plugins\/seo\/ -->\n<title>Anthurium-Aktion f\u00fcr die Herzstiftung<\/title>\n<meta name=\"description\" content=\"Die niederl\u00e4ndischen Anthuriumproduzenten unterst\u00fctzen die Aktion der Herzstiftung durch den Verkauf von Anthurien. Lassen auch Sie Ihr Herz sprechen!\" \/>\n<meta name=\"robots\" content=\"index, follow, max-snippet:-1, max-image-preview:large, max-video-preview:-1\" \/>\n<link rel=\"canonical\" href=\"https:\/\/anthuriuminfo.com\/de\/herzstiftung\/\" \/>\n<meta property=\"og:locale\" content=\"de_DE\" \/>\n<meta property=\"og:type\" content=\"article\" \/>\n<meta property=\"og:title\" content=\"Anthurium-Aktion f\u00fcr die Herzstiftung\" \/>\n<meta property=\"og:description\" content=\"Die niederl\u00e4ndischen Anthuriumproduzenten unterst\u00fctzen die Aktion der Herzstiftung durch den Verkauf von Anthurien. Lassen auch Sie Ihr Herz sprechen!\" \/>\n<meta property=\"og:url\" content=\"https:\/\/anthuriuminfo.com\/de\/herzstiftung\/\" \/>\n<meta property=\"og:site_name\" content=\"Anthurium Deutsch\" \/>\n<meta property=\"article:publisher\" content=\"https:\/\/www.facebook.com\/AnthurieInfo\/\" \/>\n<meta property=\"article:modified_time\" content=\"2018-08-30T15:22:49+00:00\" \/>\n<meta property=\"og:image\" content=\"https:\/\/anthuriuminfo.com\/de\/wp-content\/uploads\/sites\/2\/2017\/06\/2018-08-21-Hartstichting-anthuriumactie-Peter.png\" \/>\n\t<meta property=\"og:image:width\" content=\"1123\" \/>\n\t<meta property=\"og:image:height\" content=\"794\" \/>\n\t<meta property=\"og:image:type\" content=\"image\/png\" \/>\n<meta name=\"twitter:card\" content=\"summary_large_image\" \/>\n<meta name=\"twitter:site\" content=\"@Anthuriuminfo\" \/>\n<meta name=\"twitter:label1\" content=\"Gesch\u00e4tzte Lesezeit\" \/>\n\t<meta name=\"twitter:data1\" content=\"2\u00a0Minuten\" \/>\n<script type=\"application\/ld+json\" class=\"yoast-schema-graph\">{\"@context\":\"https:\/\/schema.org\",\"@graph\":[{\"@type\":\"WebPage\",\"@id\":\"https:\/\/anthuriuminfo.com\/de\/herzstiftung\/\",\"url\":\"https:\/\/anthuriuminfo.com\/de\/herzstiftung\/\",\"name\":\"Anthurium-Aktion f\u00fcr die Herzstiftung\",\"isPartOf\":{\"@id\":\"http:\/\/anthuriuminfo.com\/de\/#website\"},\"primaryImageOfPage\":{\"@id\":\"https:\/\/anthuriuminfo.com\/de\/herzstiftung\/#primaryimage\"},\"image\":{\"@id\":\"https:\/\/anthuriuminfo.com\/de\/herzstiftung\/#primaryimage\"},\"thumbnailUrl\":\"https:\/\/anthuriuminfo.com\/de\/wp-content\/uploads\/sites\/2\/2017\/06\/2018-08-21-Hartstichting-anthuriumactie-Peter.png\",\"datePublished\":\"2017-06-16T11:42:00+00:00\",\"dateModified\":\"2018-08-30T15:22:49+00:00\",\"description\":\"Die niederl\u00e4ndischen Anthuriumproduzenten unterst\u00fctzen die Aktion der Herzstiftung durch den Verkauf von Anthurien. Lassen auch Sie Ihr Herz sprechen!\",\"breadcrumb\":{\"@id\":\"https:\/\/anthuriuminfo.com\/de\/herzstiftung\/#breadcrumb\"},\"inLanguage\":\"de\",\"potentialAction\":[{\"@type\":\"ReadAction\",\"target\":[\"https:\/\/anthuriuminfo.com\/de\/herzstiftung\/\"]}]},{\"@type\":\"ImageObject\",\"inLanguage\":\"de\",\"@id\":\"https:\/\/anthuriuminfo.com\/de\/herzstiftung\/#primaryimage\",\"url\":\"https:\/\/anthuriuminfo.com\/de\/wp-content\/uploads\/sites\/2\/2017\/06\/2018-08-21-Hartstichting-anthuriumactie-Peter.png\",\"contentUrl\":\"https:\/\/anthuriuminfo.com\/de\/wp-content\/uploads\/sites\/2\/2017\/06\/2018-08-21-Hartstichting-anthuriumactie-Peter.png\",\"width\":1123,\"height\":794},{\"@type\":\"BreadcrumbList\",\"@id\":\"https:\/\/anthuriuminfo.com\/de\/herzstiftung\/#breadcrumb\",\"itemListElement\":[{\"@type\":\"ListItem\",\"position\":1,\"name\":\"Home\",\"item\":\"http:\/\/anthuriuminfo.com\/de\/\"},{\"@type\":\"ListItem\",\"position\":2,\"name\":\"Anthurium-Aktion f\u00fcr die Herzstiftung: Gemeinsamer Einsatz f\u00fcr eine Welt ohne Herz-Kreislauf-Erkrankungen\"}]},{\"@type\":\"WebSite\",\"@id\":\"http:\/\/anthuriuminfo.com\/de\/#website\",\"url\":\"http:\/\/anthuriuminfo.com\/de\/\",\"name\":\"Anthurium Deutsch\",\"description\":\"Alles \u00fcber Anthurium Topfpflanzen und Schnittblumen\",\"publisher\":{\"@id\":\"http:\/\/anthuriuminfo.com\/de\/#organization\"},\"potentialAction\":[{\"@type\":\"SearchAction\",\"target\":{\"@type\":\"EntryPoint\",\"urlTemplate\":\"http:\/\/anthuriuminfo.com\/de\/?s={search_term_string}\"},\"query-input\":{\"@type\":\"PropertyValueSpecification\",\"valueRequired\":true,\"valueName\":\"search_term_string\"}}],\"inLanguage\":\"de\"},{\"@type\":\"Organization\",\"@id\":\"http:\/\/anthuriuminfo.com\/de\/#organization\",\"name\":\"Anthurium Info\",\"url\":\"http:\/\/anthuriuminfo.com\/de\/\",\"logo\":{\"@type\":\"ImageObject\",\"inLanguage\":\"de\",\"@id\":\"http:\/\/anthuriuminfo.com\/de\/#\/schema\/logo\/image\/\",\"url\":\"http:\/\/anthuriuminfo.com\/de\/wp-content\/uploads\/sites\/2\/2017\/03\/anthurium-favicon.png\",\"contentUrl\":\"http:\/\/anthuriuminfo.com\/de\/wp-content\/uploads\/sites\/2\/2017\/03\/anthurium-favicon.png\",\"width\":512,\"height\":512,\"caption\":\"Anthurium Info\"},\"image\":{\"@id\":\"http:\/\/anthuriuminfo.com\/de\/#\/schema\/logo\/image\/\"},\"sameAs\":[\"https:\/\/www.facebook.com\/AnthurieInfo\/\",\"https:\/\/x.com\/Anthuriuminfo\",\"https:\/\/www.instagram.com\/anthuriuminfo\/\",\"https:\/\/www.youtube.com\/user\/Anthuriuminfo\"]}]}<\/script>\n<!-- \/ Yoast SEO plugin. -->","yoast_head_json":{"title":"Anthurium-Aktion f\u00fcr die Herzstiftung","description":"Die niederl\u00e4ndischen Anthuriumproduzenten unterst\u00fctzen die Aktion der Herzstiftung durch den Verkauf von Anthurien. Lassen auch Sie Ihr Herz sprechen!","robots":{"index":"index","follow":"follow","max-snippet":"max-snippet:-1","max-image-preview":"max-image-preview:large","max-video-preview":"max-video-preview:-1"},"canonical":"https:\/\/anthuriuminfo.com\/de\/herzstiftung\/","og_locale":"de_DE","og_type":"article","og_title":"Anthurium-Aktion f\u00fcr die Herzstiftung","og_description":"Die niederl\u00e4ndischen Anthuriumproduzenten unterst\u00fctzen die Aktion der Herzstiftung durch den Verkauf von Anthurien. Lassen auch Sie Ihr Herz sprechen!","og_url":"https:\/\/anthuriuminfo.com\/de\/herzstiftung\/","og_site_name":"Anthurium Deutsch","article_publisher":"https:\/\/www.facebook.com\/AnthurieInfo\/","article_modified_time":"2018-08-30T15:22:49+00:00","og_image":[{"width":1123,"height":794,"url":"https:\/\/anthuriuminfo.com\/de\/wp-content\/uploads\/sites\/2\/2017\/06\/2018-08-21-Hartstichting-anthuriumactie-Peter.png","type":"image\/png"}],"twitter_card":"summary_large_image","twitter_site":"@Anthuriuminfo","twitter_misc":{"Gesch\u00e4tzte Lesezeit":"2\u00a0Minuten"},"schema":{"@context":"https:\/\/schema.org","@graph":[{"@type":"WebPage","@id":"https:\/\/anthuriuminfo.com\/de\/herzstiftung\/","url":"https:\/\/anthuriuminfo.com\/de\/herzstiftung\/","name":"Anthurium-Aktion f\u00fcr die Herzstiftung","isPartOf":{"@id":"http:\/\/anthuriuminfo.com\/de\/#website"},"primaryImageOfPage":{"@id":"https:\/\/anthuriuminfo.com\/de\/herzstiftung\/#primaryimage"},"image":{"@id":"https:\/\/anthuriuminfo.com\/de\/herzstiftung\/#primaryimage"},"thumbnailUrl":"https:\/\/anthuriuminfo.com\/de\/wp-content\/uploads\/sites\/2\/2017\/06\/2018-08-21-Hartstichting-anthuriumactie-Peter.png","datePublished":"2017-06-16T11:42:00+00:00","dateModified":"2018-08-30T15:22:49+00:00","description":"Die niederl\u00e4ndischen Anthuriumproduzenten unterst\u00fctzen die Aktion der Herzstiftung durch den Verkauf von Anthurien. Lassen auch Sie Ihr Herz sprechen!","breadcrumb":{"@id":"https:\/\/anthuriuminfo.com\/de\/herzstiftung\/#breadcrumb"},"inLanguage":"de","potentialAction":[{"@type":"ReadAction","target":["https:\/\/anthuriuminfo.com\/de\/herzstiftung\/"]}]},{"@type":"ImageObject","inLanguage":"de","@id":"https:\/\/anthuriuminfo.com\/de\/herzstiftung\/#primaryimage","url":"https:\/\/anthuriuminfo.com\/de\/wp-content\/uploads\/sites\/2\/2017\/06\/2018-08-21-Hartstichting-anthuriumactie-Peter.png","contentUrl":"https:\/\/anthuriuminfo.com\/de\/wp-content\/uploads\/sites\/2\/2017\/06\/2018-08-21-Hartstichting-anthuriumactie-Peter.png","width":1123,"height":794},{"@type":"BreadcrumbList","@id":"https:\/\/anthuriuminfo.com\/de\/herzstiftung\/#breadcrumb","itemListElement":[{"@type":"ListItem","position":1,"name":"Home","item":"http:\/\/anthuriuminfo.com\/de\/"},{"@type":"ListItem","position":2,"name":"Anthurium-Aktion f\u00fcr die Herzstiftung: Gemeinsamer Einsatz f\u00fcr eine Welt ohne Herz-Kreislauf-Erkrankungen"}]},{"@type":"WebSite","@id":"http:\/\/anthuriuminfo.com\/de\/#website","url":"http:\/\/anthuriuminfo.com\/de\/","name":"Anthurium Deutsch","description":"Alles \u00fcber Anthurium Topfpflanzen und Schnittblumen","publisher":{"@id":"http:\/\/anthuriuminfo.com\/de\/#organization"},"potentialAction":[{"@type":"SearchAction","target":{"@type":"EntryPoint","urlTemplate":"http:\/\/anthuriuminfo.com\/de\/?s={search_term_string}"},"query-input":{"@type":"PropertyValueSpecification","valueRequired":true,"valueName":"search_term_string"}}],"inLanguage":"de"},{"@type":"Organization","@id":"http:\/\/anthuriuminfo.com\/de\/#organization","name":"Anthurium Info","url":"http:\/\/anthuriuminfo.com\/de\/","logo":{"@type":"ImageObject","inLanguage":"de","@id":"http:\/\/anthuriuminfo.com\/de\/#\/schema\/logo\/image\/","url":"http:\/\/anthuriuminfo.com\/de\/wp-content\/uploads\/sites\/2\/2017\/03\/anthurium-favicon.png","contentUrl":"http:\/\/anthuriuminfo.com\/de\/wp-content\/uploads\/sites\/2\/2017\/03\/anthurium-favicon.png","width":512,"height":512,"caption":"Anthurium Info"},"image":{"@id":"http:\/\/anthuriuminfo.com\/de\/#\/schema\/logo\/image\/"},"sameAs":["https:\/\/www.facebook.com\/AnthurieInfo\/","https:\/\/x.com\/Anthuriuminfo","https:\/\/www.instagram.com\/anthuriuminfo\/","https:\/\/www.youtube.com\/user\/Anthuriuminfo"]}]}},"_links":{"self":[{"href":"https:\/\/anthuriuminfo.com\/de\/wp-json\/wp\/v2\/pages\/1244","targetHints":{"allow":["GET"]}}],"collection":[{"href":"https:\/\/anthuriuminfo.com\/de\/wp-json\/wp\/v2\/pages"}],"about":[{"href":"https:\/\/anthuriuminfo.com\/de\/wp-json\/wp\/v2\/types\/page"}],"author":[{"embeddable":true,"href":"https:\/\/anthuriuminfo.com\/de\/wp-json\/wp\/v2\/users\/2"}],"replies":[{"embeddable":true,"href":"https:\/\/anthuriuminfo.com\/de\/wp-json\/wp\/v2\/comments?post=1244"}],"version-history":[{"count":9,"href":"https:\/\/anthuriuminfo.com\/de\/wp-json\/wp\/v2\/pages\/1244\/revisions"}],"predecessor-version":[{"id":1817,"href":"https:\/\/anthuriuminfo.com\/de\/wp-json\/wp\/v2\/pages\/1244\/revisions\/1817"}],"wp:featuredmedia":[{"embeddable":true,"href":"https:\/\/anthuriuminfo.com\/de\/wp-json\/wp\/v2\/media\/1815"}],"wp:attachment":[{"href":"https:\/\/anthuriuminfo.com\/de\/wp-json\/wp\/v2\/media?parent=1244"}],"curies":[{"name":"wp","href":"https:\/\/api.w.org\/{rel}","templated":true}]}}