{"id":2164,"date":"2019-02-28T14:51:19","date_gmt":"2019-02-28T13:51:19","guid":{"rendered":"http:\/\/anthuriuminfo.com\/de\/?page_id=2164"},"modified":"2019-03-13T13:41:05","modified_gmt":"2019-03-13T12:41:05","slug":"datenschutzerklaerung","status":"publish","type":"page","link":"https:\/\/anthuriuminfo.com\/de\/datenschutzerklaerung\/","title":{"rendered":"Datenschutzerkl\u00e4rung"},"content":{"rendered":"<p>Diese Datenschutzerkl\u00e4rung betrifft die Verarbeitung von personenbezogenen Daten durch www.anthuriuminfo.com. Der Betreiber dieser Website ist Stichting Promotie Anthurium. Stichting Promotie Anthurium nimmt Ihren Datenschutz sehr ernst. Wir verarbeiten deshalb ausschlie\u00dflich Daten, soweit dies zur (verbesserten) Bereitstellung von Informationen erforderlich ist. Die \u00fcber Sie erhobenen Informationen behandeln wir mit Sorgfalt.<\/p>\n<h3>Die Verwendung Ihrer Daten<\/h3>\n<p>Stichting Promotie Anthurium verwendet Ihre Daten im Rahmen von Werbeaktionen oder wenn Sie sich f\u00fcr unseren Newsletter angemeldet haben. Wenn Sie uns eine E-Mail oder eine andere Nachricht senden, speichern wir m\u00f6glicherweise Ihre personenbezogenen Daten. Wir geben Ihre Daten und\/oder Informationen nicht an Dritte weiter, au\u00dfer wir werden dazu gesetzlich verpflichtet.<\/p>\n<h3>Verantwortlicher<\/h3>\n<p>Stichting Promotie Anthurium ist verantwortlich f\u00fcr die Verarbeitung Ihrer personenbezogenen Daten entsprechend der EU-Datenschutzgrundverordnung (DSGVO).<\/p>\n<p>Unsere Kontaktdaten sind:<\/p>\n<p>Stichting Promotie Anthurium<br \/>\nHoeksekade 117<br \/>\n2661 JN Bergschenhoek, Niederlande<br \/>\n+31 (0)6 82 58 31 83<br \/>\n<a href=\"mailto:info@anthurium.info\">info@anthurium.info<\/a><\/p>\n<h3>Welche Daten verarbeiten wir?<\/h3>\n<p>Stichting Promotie Anthurium verarbeitet personenbezogene Daten nicht grunds\u00e4tzlich, sondern nur, wenn Sie diese mittels der E-Mailadresse auf unserer Website \u00fcbermitteln oder wenn Sie unseren Newsletter abonnieren. Folgende personenbezogene Daten werden hierbei verarbeitet:<\/p>\n<ul>\n<li>Name<\/li>\n<li>Unternehmen<\/li>\n<li>E-Mail-Adresse<\/li>\n<li>Telefonnummer (Handy\/Festnetz)<\/li>\n<\/ul>\n<h3>Cookies<\/h3>\n<p>Stichting Promotie Anthurium verwendet Cookies bei Websitebesuchern. Wir benutzen Cookies um Informationen \u00fcber die besuchten Seiten zu sammeln, um festzuhalten, wie oft Besucher auf unsere Website zur\u00fcckkehren und welche Seiten unserer Webseite besonders oft aufgerufen werden. Au\u00dferdem sammeln wir, welche Informationen der Browser teilt. Sie k\u00f6nnen sich daf\u00fcr entscheiden, Cookies zu deaktivieren. Diese M\u00f6glichkeit findet sich bei den Einstellungen Ihres Browsers.<\/p>\n<h3>Google Analytics<\/h3>\n<p>F\u00fcr Analysezwecke benutzen wir Google Analytics. Es handelt sich um eine anonyme Verarbeitung von Daten in einer gesch\u00fctzten Umgebung auf Rechtsgrundlage der DSGVO. In diesem Fall werden folgende Daten verarbeitet:<\/p>\n<ul>\n<li>Informationen \u00fcber Ihre Aktivit\u00e4ten auf unserer Website<\/li>\n<li>Internetbrowser und Ger\u00e4tetyp<\/li>\n<\/ul>\n<h3>Mailchimp<\/h3>\n<p>F\u00fcr Kommunikationszwecke verwenden wir Mailchimp. Sie k\u00f6nnen die Einwilligung zum Empfang des Newsletters jederzeit widerrufen. Nutzen Sie daf\u00fcr den Link im entsprechenden Newsletter oder die folgende E-Mailadresse bzw. Telefonnummer. Wenn Sie Fragen oder Beschwerden bez\u00fcglich der Datenschutzerkl\u00e4rung haben, kontaktieren Sie uns bitte per E-Mail an <a href=\"mailto:info@anthurium.info\">info@anthurium.info<\/a> oder per Telefon unter +31 (0)6 82583183.<\/p>\n<h3>Wie lange werden meine personenbezogenen Daten gespeichert?<\/h3>\n<p>Kontaktdaten, die wir beim Abonnieren eines Newsletters erhalten, speichern wir nur so lange, wie dies f\u00fcr den Versandservice notwendig ist. Nach dessen Beendigung werden Ihre personenbezogenen Daten maximal 1 Jahr gespeichert.<\/p>\n<h3>\u00c4nderungen<\/h3>\n<p>Es ist m\u00f6glich, dass die Datenschutzerkl\u00e4rung ge\u00e4ndert wird. Die aktuellste Version finden Sie immer auf unserer Website <a href=\"http:\/\/www.anthuriuminfo.com\">www.anthuriuminfo.com<\/a>. Alle \u00c4nderungen, die bez\u00fcglich der Datenschutzverordnung in Zukunft vorgenommen werden, finden Sie auf dieser Seite.<\/p>\n","protected":false},"excerpt":{"rendered":"<p class=\"excerpt\">Diese Datenschutzerkl\u00e4rung betrifft die Verarbeitung von personenbezogenen Daten durch www.anthuriuminfo.com. Der Betreiber dieser Website ist Stichting Promotie Anthurium. Stichting Promotie Anthurium nimmt Ihren Datenschutz sehr ernst. Wir verarbeiten deshalb ausschlie\u00dflich Daten, soweit dies zur (verbesserten) Bereitstellung von Informationen erforderlich ist. Die \u00fcber Sie erhobenen Informationen behandeln wir mit Sorgfalt. Die Verwendung Ihrer Daten Stichting Promotie [&hellip;]<\/p>\n","protected":false},"author":2,"featured_media":0,"parent":0,"menu_order":0,"comment_status":"closed","ping_status":"closed","template":"","meta":{"_acf_changed":false,"footnotes":""},"class_list":["post-2164","page","type-page","status-publish","hentry"],"acf":[],"yoast_head":"<!-- This site is optimized with the Yoast SEO plugin v26.7 - https:\/\/yoast.com\/wordpress\/plugins\/seo\/ -->\n<title>Datenschutzerkl\u00e4rung - Anthurium Deutsch<\/title>\n<meta name=\"description\" content=\"Diese Datenschutzerkl\u00e4rung betrifft die Verarbeitung von personenbezogenen Daten durch www.anthuriuminfo.com.\" \/>\n<meta name=\"robots\" content=\"index, follow, max-snippet:-1, max-image-preview:large, max-video-preview:-1\" \/>\n<link rel=\"canonical\" href=\"https:\/\/anthuriuminfo.com\/de\/datenschutzerklaerung\/\" \/>\n<meta property=\"og:locale\" content=\"de_DE\" \/>\n<meta property=\"og:type\" content=\"article\" \/>\n<meta property=\"og:title\" content=\"Datenschutzerkl\u00e4rung - Anthurium Deutsch\" \/>\n<meta property=\"og:description\" content=\"Diese Datenschutzerkl\u00e4rung betrifft die Verarbeitung von personenbezogenen Daten durch www.anthuriuminfo.com.\" \/>\n<meta property=\"og:url\" content=\"https:\/\/anthuriuminfo.com\/de\/datenschutzerklaerung\/\" \/>\n<meta property=\"og:site_name\" content=\"Anthurium Deutsch\" \/>\n<meta property=\"article:publisher\" content=\"https:\/\/www.facebook.com\/AnthurieInfo\/\" \/>\n<meta property=\"article:modified_time\" content=\"2019-03-13T12:41:05+00:00\" \/>\n<meta name=\"twitter:card\" content=\"summary_large_image\" \/>\n<meta name=\"twitter:site\" content=\"@Anthuriuminfo\" \/>\n<meta name=\"twitter:label1\" content=\"Gesch\u00e4tzte Lesezeit\" \/>\n\t<meta name=\"twitter:data1\" content=\"2\u00a0Minuten\" \/>\n<script type=\"application\/ld+json\" class=\"yoast-schema-graph\">{\"@context\":\"https:\/\/schema.org\",\"@graph\":[{\"@type\":\"WebPage\",\"@id\":\"https:\/\/anthuriuminfo.com\/de\/datenschutzerklaerung\/\",\"url\":\"https:\/\/anthuriuminfo.com\/de\/datenschutzerklaerung\/\",\"name\":\"Datenschutzerkl\u00e4rung - Anthurium Deutsch\",\"isPartOf\":{\"@id\":\"http:\/\/anthuriuminfo.com\/de\/#website\"},\"datePublished\":\"2019-02-28T13:51:19+00:00\",\"dateModified\":\"2019-03-13T12:41:05+00:00\",\"description\":\"Diese Datenschutzerkl\u00e4rung betrifft die Verarbeitung von personenbezogenen Daten durch www.anthuriuminfo.com.\",\"breadcrumb\":{\"@id\":\"https:\/\/anthuriuminfo.com\/de\/datenschutzerklaerung\/#breadcrumb\"},\"inLanguage\":\"de\",\"potentialAction\":[{\"@type\":\"ReadAction\",\"target\":[\"https:\/\/anthuriuminfo.com\/de\/datenschutzerklaerung\/\"]}]},{\"@type\":\"BreadcrumbList\",\"@id\":\"https:\/\/anthuriuminfo.com\/de\/datenschutzerklaerung\/#breadcrumb\",\"itemListElement\":[{\"@type\":\"ListItem\",\"position\":1,\"name\":\"Home\",\"item\":\"http:\/\/anthuriuminfo.com\/de\/\"},{\"@type\":\"ListItem\",\"position\":2,\"name\":\"Datenschutzerkl\u00e4rung\"}]},{\"@type\":\"WebSite\",\"@id\":\"http:\/\/anthuriuminfo.com\/de\/#website\",\"url\":\"http:\/\/anthuriuminfo.com\/de\/\",\"name\":\"Anthurium Deutsch\",\"description\":\"Alles \u00fcber Anthurium Topfpflanzen und Schnittblumen\",\"publisher\":{\"@id\":\"http:\/\/anthuriuminfo.com\/de\/#organization\"},\"potentialAction\":[{\"@type\":\"SearchAction\",\"target\":{\"@type\":\"EntryPoint\",\"urlTemplate\":\"http:\/\/anthuriuminfo.com\/de\/?s={search_term_string}\"},\"query-input\":{\"@type\":\"PropertyValueSpecification\",\"valueRequired\":true,\"valueName\":\"search_term_string\"}}],\"inLanguage\":\"de\"},{\"@type\":\"Organization\",\"@id\":\"http:\/\/anthuriuminfo.com\/de\/#organization\",\"name\":\"Anthurium Info\",\"url\":\"http:\/\/anthuriuminfo.com\/de\/\",\"logo\":{\"@type\":\"ImageObject\",\"inLanguage\":\"de\",\"@id\":\"http:\/\/anthuriuminfo.com\/de\/#\/schema\/logo\/image\/\",\"url\":\"http:\/\/anthuriuminfo.com\/de\/wp-content\/uploads\/sites\/2\/2017\/03\/anthurium-favicon.png\",\"contentUrl\":\"http:\/\/anthuriuminfo.com\/de\/wp-content\/uploads\/sites\/2\/2017\/03\/anthurium-favicon.png\",\"width\":512,\"height\":512,\"caption\":\"Anthurium Info\"},\"image\":{\"@id\":\"http:\/\/anthuriuminfo.com\/de\/#\/schema\/logo\/image\/\"},\"sameAs\":[\"https:\/\/www.facebook.com\/AnthurieInfo\/\",\"https:\/\/x.com\/Anthuriuminfo\",\"https:\/\/www.instagram.com\/anthuriuminfo\/\",\"https:\/\/www.youtube.com\/user\/Anthuriuminfo\"]}]}<\/script>\n<!-- \/ Yoast SEO plugin. -->","yoast_head_json":{"title":"Datenschutzerkl\u00e4rung - Anthurium Deutsch","description":"Diese Datenschutzerkl\u00e4rung betrifft die Verarbeitung von personenbezogenen Daten durch www.anthuriuminfo.com.","robots":{"index":"index","follow":"follow","max-snippet":"max-snippet:-1","max-image-preview":"max-image-preview:large","max-video-preview":"max-video-preview:-1"},"canonical":"https:\/\/anthuriuminfo.com\/de\/datenschutzerklaerung\/","og_locale":"de_DE","og_type":"article","og_title":"Datenschutzerkl\u00e4rung - Anthurium Deutsch","og_description":"Diese Datenschutzerkl\u00e4rung betrifft die Verarbeitung von personenbezogenen Daten durch www.anthuriuminfo.com.","og_url":"https:\/\/anthuriuminfo.com\/de\/datenschutzerklaerung\/","og_site_name":"Anthurium Deutsch","article_publisher":"https:\/\/www.facebook.com\/AnthurieInfo\/","article_modified_time":"2019-03-13T12:41:05+00:00","twitter_card":"summary_large_image","twitter_site":"@Anthuriuminfo","twitter_misc":{"Gesch\u00e4tzte Lesezeit":"2\u00a0Minuten"},"schema":{"@context":"https:\/\/schema.org","@graph":[{"@type":"WebPage","@id":"https:\/\/anthuriuminfo.com\/de\/datenschutzerklaerung\/","url":"https:\/\/anthuriuminfo.com\/de\/datenschutzerklaerung\/","name":"Datenschutzerkl\u00e4rung - Anthurium Deutsch","isPartOf":{"@id":"http:\/\/anthuriuminfo.com\/de\/#website"},"datePublished":"2019-02-28T13:51:19+00:00","dateModified":"2019-03-13T12:41:05+00:00","description":"Diese Datenschutzerkl\u00e4rung betrifft die Verarbeitung von personenbezogenen Daten durch www.anthuriuminfo.com.","breadcrumb":{"@id":"https:\/\/anthuriuminfo.com\/de\/datenschutzerklaerung\/#breadcrumb"},"inLanguage":"de","potentialAction":[{"@type":"ReadAction","target":["https:\/\/anthuriuminfo.com\/de\/datenschutzerklaerung\/"]}]},{"@type":"BreadcrumbList","@id":"https:\/\/anthuriuminfo.com\/de\/datenschutzerklaerung\/#breadcrumb","itemListElement":[{"@type":"ListItem","position":1,"name":"Home","item":"http:\/\/anthuriuminfo.com\/de\/"},{"@type":"ListItem","position":2,"name":"Datenschutzerkl\u00e4rung"}]},{"@type":"WebSite","@id":"http:\/\/anthuriuminfo.com\/de\/#website","url":"http:\/\/anthuriuminfo.com\/de\/","name":"Anthurium Deutsch","description":"Alles \u00fcber Anthurium Topfpflanzen und Schnittblumen","publisher":{"@id":"http:\/\/anthuriuminfo.com\/de\/#organization"},"potentialAction":[{"@type":"SearchAction","target":{"@type":"EntryPoint","urlTemplate":"http:\/\/anthuriuminfo.com\/de\/?s={search_term_string}"},"query-input":{"@type":"PropertyValueSpecification","valueRequired":true,"valueName":"search_term_string"}}],"inLanguage":"de"},{"@type":"Organization","@id":"http:\/\/anthuriuminfo.com\/de\/#organization","name":"Anthurium Info","url":"http:\/\/anthuriuminfo.com\/de\/","logo":{"@type":"ImageObject","inLanguage":"de","@id":"http:\/\/anthuriuminfo.com\/de\/#\/schema\/logo\/image\/","url":"http:\/\/anthuriuminfo.com\/de\/wp-content\/uploads\/sites\/2\/2017\/03\/anthurium-favicon.png","contentUrl":"http:\/\/anthuriuminfo.com\/de\/wp-content\/uploads\/sites\/2\/2017\/03\/anthurium-favicon.png","width":512,"height":512,"caption":"Anthurium Info"},"image":{"@id":"http:\/\/anthuriuminfo.com\/de\/#\/schema\/logo\/image\/"},"sameAs":["https:\/\/www.facebook.com\/AnthurieInfo\/","https:\/\/x.com\/Anthuriuminfo","https:\/\/www.instagram.com\/anthuriuminfo\/","https:\/\/www.youtube.com\/user\/Anthuriuminfo"]}]}},"_links":{"self":[{"href":"https:\/\/anthuriuminfo.com\/de\/wp-json\/wp\/v2\/pages\/2164","targetHints":{"allow":["GET"]}}],"collection":[{"href":"https:\/\/anthuriuminfo.com\/de\/wp-json\/wp\/v2\/pages"}],"about":[{"href":"https:\/\/anthuriuminfo.com\/de\/wp-json\/wp\/v2\/types\/page"}],"author":[{"embeddable":true,"href":"https:\/\/anthuriuminfo.com\/de\/wp-json\/wp\/v2\/users\/2"}],"replies":[{"embeddable":true,"href":"https:\/\/anthuriuminfo.com\/de\/wp-json\/wp\/v2\/comments?post=2164"}],"version-history":[{"count":4,"href":"https:\/\/anthuriuminfo.com\/de\/wp-json\/wp\/v2\/pages\/2164\/revisions"}],"predecessor-version":[{"id":2179,"href":"https:\/\/anthuriuminfo.com\/de\/wp-json\/wp\/v2\/pages\/2164\/revisions\/2179"}],"wp:attachment":[{"href":"https:\/\/anthuriuminfo.com\/de\/wp-json\/wp\/v2\/media?parent=2164"}],"curies":[{"name":"wp","href":"https:\/\/api.w.org\/{rel}","templated":true}]}}