{"id":2167,"date":"2019-02-28T14:55:11","date_gmt":"2019-02-28T13:55:11","guid":{"rendered":"http:\/\/anthuriuminfo.com\/de\/?page_id=2167"},"modified":"2019-03-13T13:38:14","modified_gmt":"2019-03-13T12:38:14","slug":"disclaimer","status":"publish","type":"page","link":"https:\/\/anthuriuminfo.com\/de\/disclaimer\/","title":{"rendered":"Haftungsausschluss"},"content":{"rendered":"<p>Der Betreiber der Website ist Stichting Promotie Anthurium. Durch die Nutzung der Website <a href=\"http:\/\/www.anthuriuminfo.com\">www.anthuriuminfo.com<\/a> werden nachfolgende Nutzungsbedingungen g\u00fcltig. Durch die Nutzung dieser Website gelten die Nutzungsbedingungen als zur Kenntnis genommen und akzeptiert.<\/p>\n<h3>Nutzung von Informationen<\/h3>\n<p>Stichting Promotie Anthurium ist bestrebt, auf dieser Website immer korrekte und aktuelle Informationen anzubieten. Obwohl diese Informationen mit der gr\u00f6\u00dftm\u00f6glichen Sorgfalt erstellt wurden, nimmt Stichting Promotie Anthurium keine Gew\u00e4hr f\u00fcr die Vollst\u00e4ndigkeit, Richtigkeit und Aktualit\u00e4t der Informationen. Sollten die auf der Website bereitgestellten Informationen Fehler enthalten, wird Stichting Promotie Anthurium alle Anstrengungen unternehmen, diese schnellstm\u00f6glich zu korrigieren.<\/p>\n<p>Die Informationen sind rechtlich nicht bindend. Stichting Promotie Anthurium \u00fcbernimmt keine Haftung f\u00fcr Sch\u00e4den, die aus der Nutzung der Informationen auf der Website oder der fehlerhaften Funktion der Website entstehen. Durch den Versand und Erhalt von Informationen mittels der Website oder E-Mail kommt keinerlei Vertragsverh\u00e4ltnis zwischen Stichting Promotie Anthurium und dem Nutzer der Website zustande.<\/p>\n<h3>Externe Links und Verweise<\/h3>\n<p>Verweise zu anderen Websites und externe Links dienen ausschlie\u00dflich der Information der Besucher dieser Website. Stichting Promotie Anthurium \u00fcbernimmt keine Gew\u00e4hr f\u00fcr die Inhalte und Vertrauensw\u00fcrdigkeit, in welcher Form auch immer, von diesen Websites und externen Links. Stichting Promotie Anthurium haftet nicht f\u00fcr Sch\u00e4den, die durch die Nutzung der Websites von Dritten entstehen.<\/p>\n<h3>Eigentumsrechte<\/h3>\n<p>Die auf dieser Website enthaltenen Informationen, inkl. Texte, Bild- und Grafikmaterial, Marken, Logos und Handelsmarken und -namen, sind Eigentum von Stichting Promotie Anthurium oder werden mit der Erlaubnis der Eigent\u00fcmer verwendet. Es ist nicht gestattet, die Website oder Teile von ihr zu ver\u00f6ffentlichen, zu kopieren oder zu speichern ohne vorheriges schriftliches Einverst\u00e4ndnis von Stichting Promotie Anthurium. Ihre Anfragen richten Sie bitte an <a href=\"mailto:info@anthurium.info\">info@anthurium.info<\/a>.<\/p>\n<p>Wenn Sie Inhalte (einer) unserer Website(s) ver\u00f6ffentlichen, m\u00fcssen Sie die Quellenangabe und den aktiven Link zur betreffenden Website nennen.<\/p>\n<h3>\u00c4nderungen<\/h3>\n<p>Stichting Promotie Anthurium beh\u00e4lt sich das Recht vor, diesen Haftungsausschluss zu jedem Zeitpunkt, ohne vorherige Mitteilung zu \u00e4ndern. Sollten Sie die Website nach erfolgter \u00c4nderung nutzen, sind Sie automatisch an den ge\u00e4nderten Haftungsausschluss gebunden. Wir empfehlen Ihnen daher, diesen Haftungsausschluss regelm\u00e4\u00dfig zu lesen, wenn Sie unsere Website besuchen.<\/p>\n<p>Wenn Sie Fragen oder Bemerkungen zu diesem Haftungsausschluss haben, kontaktieren Sie bitte:<\/p>\n<p>Stichting Promotie Anthurium<br \/>\nT +31 (0)6 82 58 31 83<br \/>\nE <a href=\"mailto:info@anthurium.info\">info@anthurium.info<\/a><\/p>\n","protected":false},"excerpt":{"rendered":"<p class=\"excerpt\">Der Betreiber der Website ist Stichting Promotie Anthurium. Durch die Nutzung der Website www.anthuriuminfo.com werden nachfolgende Nutzungsbedingungen g\u00fcltig. Durch die Nutzung dieser Website gelten die Nutzungsbedingungen als zur Kenntnis genommen und akzeptiert. Nutzung von Informationen Stichting Promotie Anthurium ist bestrebt, auf dieser Website immer korrekte und aktuelle Informationen anzubieten. Obwohl diese Informationen mit der gr\u00f6\u00dftm\u00f6glichen [&hellip;]<\/p>\n","protected":false},"author":2,"featured_media":0,"parent":0,"menu_order":0,"comment_status":"closed","ping_status":"closed","template":"","meta":{"_acf_changed":false,"footnotes":""},"class_list":["post-2167","page","type-page","status-publish","hentry"],"acf":[],"yoast_head":"<!-- This site is optimized with the Yoast SEO plugin v26.7 - https:\/\/yoast.com\/wordpress\/plugins\/seo\/ -->\n<title>Haftungsausschluss - Anthurium Deutsch<\/title>\n<meta name=\"robots\" content=\"index, follow, max-snippet:-1, max-image-preview:large, max-video-preview:-1\" \/>\n<link rel=\"canonical\" href=\"http:\/\/anthuriuminfo.com\/de\/disclaimer\/\" \/>\n<meta property=\"og:locale\" content=\"de_DE\" \/>\n<meta property=\"og:type\" content=\"article\" \/>\n<meta property=\"og:title\" content=\"Haftungsausschluss - Anthurium Deutsch\" \/>\n<meta property=\"og:description\" content=\"Der Betreiber der Website ist Stichting Promotie Anthurium. Durch die Nutzung der Website www.anthuriuminfo.com werden nachfolgende Nutzungsbedingungen g\u00fcltig. Durch die Nutzung dieser Website gelten die Nutzungsbedingungen als zur Kenntnis genommen und akzeptiert. Nutzung von Informationen Stichting Promotie Anthurium ist bestrebt, auf dieser Website immer korrekte und aktuelle Informationen anzubieten. Obwohl diese Informationen mit der gr\u00f6\u00dftm\u00f6glichen [&hellip;]\" \/>\n<meta property=\"og:url\" content=\"http:\/\/anthuriuminfo.com\/de\/disclaimer\/\" \/>\n<meta property=\"og:site_name\" content=\"Anthurium Deutsch\" \/>\n<meta property=\"article:publisher\" content=\"https:\/\/www.facebook.com\/AnthurieInfo\/\" \/>\n<meta property=\"article:modified_time\" content=\"2019-03-13T12:38:14+00:00\" \/>\n<meta name=\"twitter:card\" content=\"summary_large_image\" \/>\n<meta name=\"twitter:site\" content=\"@Anthuriuminfo\" \/>\n<meta name=\"twitter:label1\" content=\"Gesch\u00e4tzte Lesezeit\" \/>\n\t<meta name=\"twitter:data1\" content=\"2\u00a0Minuten\" \/>\n<script type=\"application\/ld+json\" class=\"yoast-schema-graph\">{\"@context\":\"https:\/\/schema.org\",\"@graph\":[{\"@type\":\"WebPage\",\"@id\":\"http:\/\/anthuriuminfo.com\/de\/disclaimer\/\",\"url\":\"http:\/\/anthuriuminfo.com\/de\/disclaimer\/\",\"name\":\"Haftungsausschluss - Anthurium Deutsch\",\"isPartOf\":{\"@id\":\"http:\/\/anthuriuminfo.com\/de\/#website\"},\"datePublished\":\"2019-02-28T13:55:11+00:00\",\"dateModified\":\"2019-03-13T12:38:14+00:00\",\"breadcrumb\":{\"@id\":\"http:\/\/anthuriuminfo.com\/de\/disclaimer\/#breadcrumb\"},\"inLanguage\":\"de\",\"potentialAction\":[{\"@type\":\"ReadAction\",\"target\":[\"http:\/\/anthuriuminfo.com\/de\/disclaimer\/\"]}]},{\"@type\":\"BreadcrumbList\",\"@id\":\"http:\/\/anthuriuminfo.com\/de\/disclaimer\/#breadcrumb\",\"itemListElement\":[{\"@type\":\"ListItem\",\"position\":1,\"name\":\"Home\",\"item\":\"http:\/\/anthuriuminfo.com\/de\/\"},{\"@type\":\"ListItem\",\"position\":2,\"name\":\"Haftungsausschluss\"}]},{\"@type\":\"WebSite\",\"@id\":\"http:\/\/anthuriuminfo.com\/de\/#website\",\"url\":\"http:\/\/anthuriuminfo.com\/de\/\",\"name\":\"Anthurium Deutsch\",\"description\":\"Alles \u00fcber Anthurium Topfpflanzen und Schnittblumen\",\"publisher\":{\"@id\":\"http:\/\/anthuriuminfo.com\/de\/#organization\"},\"potentialAction\":[{\"@type\":\"SearchAction\",\"target\":{\"@type\":\"EntryPoint\",\"urlTemplate\":\"http:\/\/anthuriuminfo.com\/de\/?s={search_term_string}\"},\"query-input\":{\"@type\":\"PropertyValueSpecification\",\"valueRequired\":true,\"valueName\":\"search_term_string\"}}],\"inLanguage\":\"de\"},{\"@type\":\"Organization\",\"@id\":\"http:\/\/anthuriuminfo.com\/de\/#organization\",\"name\":\"Anthurium Info\",\"url\":\"http:\/\/anthuriuminfo.com\/de\/\",\"logo\":{\"@type\":\"ImageObject\",\"inLanguage\":\"de\",\"@id\":\"http:\/\/anthuriuminfo.com\/de\/#\/schema\/logo\/image\/\",\"url\":\"http:\/\/anthuriuminfo.com\/de\/wp-content\/uploads\/sites\/2\/2017\/03\/anthurium-favicon.png\",\"contentUrl\":\"http:\/\/anthuriuminfo.com\/de\/wp-content\/uploads\/sites\/2\/2017\/03\/anthurium-favicon.png\",\"width\":512,\"height\":512,\"caption\":\"Anthurium Info\"},\"image\":{\"@id\":\"http:\/\/anthuriuminfo.com\/de\/#\/schema\/logo\/image\/\"},\"sameAs\":[\"https:\/\/www.facebook.com\/AnthurieInfo\/\",\"https:\/\/x.com\/Anthuriuminfo\",\"https:\/\/www.instagram.com\/anthuriuminfo\/\",\"https:\/\/www.youtube.com\/user\/Anthuriuminfo\"]}]}<\/script>\n<!-- \/ Yoast SEO plugin. -->","yoast_head_json":{"title":"Haftungsausschluss - Anthurium Deutsch","robots":{"index":"index","follow":"follow","max-snippet":"max-snippet:-1","max-image-preview":"max-image-preview:large","max-video-preview":"max-video-preview:-1"},"canonical":"http:\/\/anthuriuminfo.com\/de\/disclaimer\/","og_locale":"de_DE","og_type":"article","og_title":"Haftungsausschluss - Anthurium Deutsch","og_description":"Der Betreiber der Website ist Stichting Promotie Anthurium. Durch die Nutzung der Website www.anthuriuminfo.com werden nachfolgende Nutzungsbedingungen g\u00fcltig. Durch die Nutzung dieser Website gelten die Nutzungsbedingungen als zur Kenntnis genommen und akzeptiert. Nutzung von Informationen Stichting Promotie Anthurium ist bestrebt, auf dieser Website immer korrekte und aktuelle Informationen anzubieten. Obwohl diese Informationen mit der gr\u00f6\u00dftm\u00f6glichen [&hellip;]","og_url":"http:\/\/anthuriuminfo.com\/de\/disclaimer\/","og_site_name":"Anthurium Deutsch","article_publisher":"https:\/\/www.facebook.com\/AnthurieInfo\/","article_modified_time":"2019-03-13T12:38:14+00:00","twitter_card":"summary_large_image","twitter_site":"@Anthuriuminfo","twitter_misc":{"Gesch\u00e4tzte Lesezeit":"2\u00a0Minuten"},"schema":{"@context":"https:\/\/schema.org","@graph":[{"@type":"WebPage","@id":"http:\/\/anthuriuminfo.com\/de\/disclaimer\/","url":"http:\/\/anthuriuminfo.com\/de\/disclaimer\/","name":"Haftungsausschluss - Anthurium Deutsch","isPartOf":{"@id":"http:\/\/anthuriuminfo.com\/de\/#website"},"datePublished":"2019-02-28T13:55:11+00:00","dateModified":"2019-03-13T12:38:14+00:00","breadcrumb":{"@id":"http:\/\/anthuriuminfo.com\/de\/disclaimer\/#breadcrumb"},"inLanguage":"de","potentialAction":[{"@type":"ReadAction","target":["http:\/\/anthuriuminfo.com\/de\/disclaimer\/"]}]},{"@type":"BreadcrumbList","@id":"http:\/\/anthuriuminfo.com\/de\/disclaimer\/#breadcrumb","itemListElement":[{"@type":"ListItem","position":1,"name":"Home","item":"http:\/\/anthuriuminfo.com\/de\/"},{"@type":"ListItem","position":2,"name":"Haftungsausschluss"}]},{"@type":"WebSite","@id":"http:\/\/anthuriuminfo.com\/de\/#website","url":"http:\/\/anthuriuminfo.com\/de\/","name":"Anthurium Deutsch","description":"Alles \u00fcber Anthurium Topfpflanzen und Schnittblumen","publisher":{"@id":"http:\/\/anthuriuminfo.com\/de\/#organization"},"potentialAction":[{"@type":"SearchAction","target":{"@type":"EntryPoint","urlTemplate":"http:\/\/anthuriuminfo.com\/de\/?s={search_term_string}"},"query-input":{"@type":"PropertyValueSpecification","valueRequired":true,"valueName":"search_term_string"}}],"inLanguage":"de"},{"@type":"Organization","@id":"http:\/\/anthuriuminfo.com\/de\/#organization","name":"Anthurium Info","url":"http:\/\/anthuriuminfo.com\/de\/","logo":{"@type":"ImageObject","inLanguage":"de","@id":"http:\/\/anthuriuminfo.com\/de\/#\/schema\/logo\/image\/","url":"http:\/\/anthuriuminfo.com\/de\/wp-content\/uploads\/sites\/2\/2017\/03\/anthurium-favicon.png","contentUrl":"http:\/\/anthuriuminfo.com\/de\/wp-content\/uploads\/sites\/2\/2017\/03\/anthurium-favicon.png","width":512,"height":512,"caption":"Anthurium Info"},"image":{"@id":"http:\/\/anthuriuminfo.com\/de\/#\/schema\/logo\/image\/"},"sameAs":["https:\/\/www.facebook.com\/AnthurieInfo\/","https:\/\/x.com\/Anthuriuminfo","https:\/\/www.instagram.com\/anthuriuminfo\/","https:\/\/www.youtube.com\/user\/Anthuriuminfo"]}]}},"_links":{"self":[{"href":"https:\/\/anthuriuminfo.com\/de\/wp-json\/wp\/v2\/pages\/2167","targetHints":{"allow":["GET"]}}],"collection":[{"href":"https:\/\/anthuriuminfo.com\/de\/wp-json\/wp\/v2\/pages"}],"about":[{"href":"https:\/\/anthuriuminfo.com\/de\/wp-json\/wp\/v2\/types\/page"}],"author":[{"embeddable":true,"href":"https:\/\/anthuriuminfo.com\/de\/wp-json\/wp\/v2\/users\/2"}],"replies":[{"embeddable":true,"href":"https:\/\/anthuriuminfo.com\/de\/wp-json\/wp\/v2\/comments?post=2167"}],"version-history":[{"count":3,"href":"https:\/\/anthuriuminfo.com\/de\/wp-json\/wp\/v2\/pages\/2167\/revisions"}],"predecessor-version":[{"id":2177,"href":"https:\/\/anthuriuminfo.com\/de\/wp-json\/wp\/v2\/pages\/2167\/revisions\/2177"}],"wp:attachment":[{"href":"https:\/\/anthuriuminfo.com\/de\/wp-json\/wp\/v2\/media?parent=2167"}],"curies":[{"name":"wp","href":"https:\/\/api.w.org\/{rel}","templated":true}]}}