{"id":2503,"date":"2020-02-06T10:42:22","date_gmt":"2020-02-06T09:42:22","guid":{"rendered":"http:\/\/anthuriuminfo.com\/de\/?page_id=2503"},"modified":"2020-02-06T10:47:47","modified_gmt":"2020-02-06T09:47:47","slug":"verkaufsstellen","status":"publish","type":"page","link":"https:\/\/anthuriuminfo.com\/de\/verkaufsstellen\/","title":{"rendered":"Verkaufsstellen"},"content":{"rendered":"<p>Topf-Anthurien sind in Gartencentern, Superm\u00e4rkten, bei Pflanzenh\u00e4ndlern und Floristen erh\u00e4ltlich. Schnittanthurien k\u00f6nnen Sie in den meisten Blumengesch\u00e4ften erwerben. Hat das Blumengesch\u00e4ft nicht Ihre gew\u00fcnschten Anthurien? Fragen Sie ruhig nach, denn meistens k\u00f6nnen sie problemlos f\u00fcr Sie bestellt werden. Im Folgenden finden Sie Verkaufsstellen, die Topf-Anthurien dauerhaft im Sortiment haben.<!--more--><\/p>\n<h3 style=\"text-align: center;\">Onlineshops f\u00fcr Topf-Anthurien<\/h3>\n<p><a href=\"https:\/\/www.123zimmerpflanzen.de\/catalogsearch\/result\/?cat=3&amp;q=anthurium\"><img loading=\"lazy\" decoding=\"async\" class=\"alignnone wp-image-2515 size-full\" src=\"http:\/\/anthuriuminfo.com\/de\/wp-content\/uploads\/sites\/2\/2020\/02\/123zimmerpflanzen-anthurien.jpg\" alt=\"\" width=\"1176\" height=\"236\" srcset=\"https:\/\/anthuriuminfo.com\/de\/wp-content\/uploads\/sites\/2\/2020\/02\/123zimmerpflanzen-anthurien.jpg 1176w, https:\/\/anthuriuminfo.com\/de\/wp-content\/uploads\/sites\/2\/2020\/02\/123zimmerpflanzen-anthurien-800x161.jpg 800w, https:\/\/anthuriuminfo.com\/de\/wp-content\/uploads\/sites\/2\/2020\/02\/123zimmerpflanzen-anthurien-768x154.jpg 768w\" sizes=\"auto, (max-width: 1176px) 100vw, 1176px\" \/><img loading=\"lazy\" decoding=\"async\" class=\"alignnone wp-image-2513 size-full\" src=\"http:\/\/anthuriuminfo.com\/de\/wp-content\/uploads\/sites\/2\/2020\/02\/amazon-de-anthurium.jpg\" alt=\"\" width=\"1176\" height=\"236\" srcset=\"https:\/\/anthuriuminfo.com\/de\/wp-content\/uploads\/sites\/2\/2020\/02\/amazon-de-anthurium.jpg 1176w, https:\/\/anthuriuminfo.com\/de\/wp-content\/uploads\/sites\/2\/2020\/02\/amazon-de-anthurium-800x161.jpg 800w, https:\/\/anthuriuminfo.com\/de\/wp-content\/uploads\/sites\/2\/2020\/02\/amazon-de-anthurium-768x154.jpg 768w\" sizes=\"auto, (max-width: 1176px) 100vw, 1176px\" \/><\/a><a href=\"https:\/\/www.bakker.at\/search?q=anthurium*\"><img loading=\"lazy\" decoding=\"async\" class=\"alignnone wp-image-2526 size-full\" src=\"http:\/\/anthuriuminfo.com\/de\/wp-content\/uploads\/sites\/2\/2020\/02\/bakker-com-anthurium.jpg\" alt=\"\" width=\"1176\" height=\"236\" srcset=\"https:\/\/anthuriuminfo.com\/de\/wp-content\/uploads\/sites\/2\/2020\/02\/bakker-com-anthurium.jpg 1176w, https:\/\/anthuriuminfo.com\/de\/wp-content\/uploads\/sites\/2\/2020\/02\/bakker-com-anthurium-800x161.jpg 800w, https:\/\/anthuriuminfo.com\/de\/wp-content\/uploads\/sites\/2\/2020\/02\/bakker-com-anthurium-768x154.jpg 768w\" sizes=\"auto, (max-width: 1176px) 100vw, 1176px\" \/><\/a><a href=\"https:\/\/www.florastore.com\/de\/search\/anthurium\/\"><img loading=\"lazy\" decoding=\"async\" class=\"alignnone wp-image-2529 size-full\" src=\"http:\/\/anthuriuminfo.com\/de\/wp-content\/uploads\/sites\/2\/2020\/02\/florastore-anthurium.jpg\" alt=\"\" width=\"1176\" height=\"236\" srcset=\"https:\/\/anthuriuminfo.com\/de\/wp-content\/uploads\/sites\/2\/2020\/02\/florastore-anthurium.jpg 1176w, https:\/\/anthuriuminfo.com\/de\/wp-content\/uploads\/sites\/2\/2020\/02\/florastore-anthurium-800x161.jpg 800w, https:\/\/anthuriuminfo.com\/de\/wp-content\/uploads\/sites\/2\/2020\/02\/florastore-anthurium-768x154.jpg 768w\" sizes=\"auto, (max-width: 1176px) 100vw, 1176px\" \/><\/a><img loading=\"lazy\" decoding=\"async\" class=\"alignnone wp-image-2508 size-full\" src=\"http:\/\/anthuriuminfo.com\/de\/wp-content\/uploads\/sites\/2\/2020\/02\/obi.jpg\" alt=\"\" width=\"1176\" height=\"236\" srcset=\"https:\/\/anthuriuminfo.com\/de\/wp-content\/uploads\/sites\/2\/2020\/02\/obi.jpg 1176w, https:\/\/anthuriuminfo.com\/de\/wp-content\/uploads\/sites\/2\/2020\/02\/obi-800x161.jpg 800w, https:\/\/anthuriuminfo.com\/de\/wp-content\/uploads\/sites\/2\/2020\/02\/obi-768x154.jpg 768w\" sizes=\"auto, (max-width: 1176px) 100vw, 1176px\" \/><a href=\"https:\/\/www.pflanzen-koelle.de\/search?sSearch=anthurium\"><img loading=\"lazy\" decoding=\"async\" class=\"alignnone wp-image-2527 size-full\" src=\"http:\/\/anthuriuminfo.com\/de\/wp-content\/uploads\/sites\/2\/2020\/02\/planzen-kolle-anthurium.jpg\" alt=\"\" width=\"1176\" height=\"236\" srcset=\"https:\/\/anthuriuminfo.com\/de\/wp-content\/uploads\/sites\/2\/2020\/02\/planzen-kolle-anthurium.jpg 1176w, https:\/\/anthuriuminfo.com\/de\/wp-content\/uploads\/sites\/2\/2020\/02\/planzen-kolle-anthurium-800x161.jpg 800w, https:\/\/anthuriuminfo.com\/de\/wp-content\/uploads\/sites\/2\/2020\/02\/planzen-kolle-anthurium-768x154.jpg 768w\" sizes=\"auto, (max-width: 1176px) 100vw, 1176px\" \/><\/a><\/p>\n<h3 style=\"text-align: center;\">Vor-Ort-Verkaufsstellen f\u00fcr Topf-Anthurien<\/h3>\n<p><a href=\"https:\/\/www.obi.de\/baumarkt\/markt-finder\/\"><img loading=\"lazy\" decoding=\"async\" class=\"alignnone wp-image-2508 size-full\" src=\"http:\/\/anthuriuminfo.com\/de\/wp-content\/uploads\/sites\/2\/2020\/02\/obi.jpg\" alt=\"\" width=\"1176\" height=\"236\" srcset=\"https:\/\/anthuriuminfo.com\/de\/wp-content\/uploads\/sites\/2\/2020\/02\/obi.jpg 1176w, https:\/\/anthuriuminfo.com\/de\/wp-content\/uploads\/sites\/2\/2020\/02\/obi-800x161.jpg 800w, https:\/\/anthuriuminfo.com\/de\/wp-content\/uploads\/sites\/2\/2020\/02\/obi-768x154.jpg 768w\" sizes=\"auto, (max-width: 1176px) 100vw, 1176px\" \/><\/a><\/p>\n<p><strong>F\u00fcr Floristen in Ihrer N\u00e4he k\u00f6nnen Sie unter\u00a0<a href=\"https:\/\/www.tollwasblumenmachen.de\/geschafte?storesearchq=&amp;submit=Suche&amp;form_build_id=form-IQg_FLnT7XUzJTY1JhgyCkRRZybxn5DNUYe_lLTAekE&amp;form_id=ait_store_locator_block_form&amp;op=Suche\" target=\"_blank\" rel=\"noopener noreferrer\">www.tollwasblumenmachen.de<\/a>\u00a0nach dem Store Locator suchen:<\/strong><\/p>\n<p><a href=\"https:\/\/www.tollwasblumenmachen.de\/geschafte?storesearchq=&amp;submit=Suche&amp;form_build_id=form-IQg_FLnT7XUzJTY1JhgyCkRRZybxn5DNUYe_lLTAekE&amp;form_id=ait_store_locator_block_form&amp;op=Suche\"><img loading=\"lazy\" decoding=\"async\" class=\"alignnone wp-image-2506 size-full\" src=\"http:\/\/anthuriuminfo.com\/de\/wp-content\/uploads\/sites\/2\/2020\/02\/tollwasblumenmachen.png\" alt=\"\" width=\"952\" height=\"683\" srcset=\"https:\/\/anthuriuminfo.com\/de\/wp-content\/uploads\/sites\/2\/2020\/02\/tollwasblumenmachen.png 952w, https:\/\/anthuriuminfo.com\/de\/wp-content\/uploads\/sites\/2\/2020\/02\/tollwasblumenmachen-800x574.png 800w, https:\/\/anthuriuminfo.com\/de\/wp-content\/uploads\/sites\/2\/2020\/02\/tollwasblumenmachen-768x551.png 768w\" sizes=\"auto, (max-width: 952px) 100vw, 952px\" \/><\/a><\/p>\n","protected":false},"excerpt":{"rendered":"<p class=\"excerpt\">Topf-Anthurien sind in Gartencentern, Superm\u00e4rkten, bei Pflanzenh\u00e4ndlern und Floristen erh\u00e4ltlich. Schnittanthurien k\u00f6nnen Sie in den meisten Blumengesch\u00e4ften erwerben. Hat das Blumengesch\u00e4ft nicht Ihre gew\u00fcnschten Anthurien? Fragen Sie ruhig nach, denn meistens k\u00f6nnen sie problemlos f\u00fcr Sie bestellt werden. Im Folgenden finden Sie Verkaufsstellen, die Topf-Anthurien dauerhaft im Sortiment haben.<\/p>\n","protected":false},"author":4,"featured_media":0,"parent":0,"menu_order":0,"comment_status":"closed","ping_status":"closed","template":"","meta":{"_acf_changed":false,"footnotes":""},"class_list":["post-2503","page","type-page","status-publish","hentry"],"acf":[],"yoast_head":"<!-- This site is optimized with the Yoast SEO plugin v26.7 - https:\/\/yoast.com\/wordpress\/plugins\/seo\/ -->\n<title>Verkaufsstellen Topf-Anthurien &amp; Schnittanthurien<\/title>\n<meta name=\"description\" content=\"Verkaufsstellen Topf-Anthurien &amp; Schnittanthurien. In diesem Artikel finden Sie Verkaufsstellen, die Topf-Anthurien dauerhaft im Sortiment haben.\" \/>\n<meta name=\"robots\" content=\"index, follow, max-snippet:-1, max-image-preview:large, max-video-preview:-1\" \/>\n<link rel=\"canonical\" href=\"https:\/\/anthuriuminfo.com\/de\/verkaufsstellen\/\" \/>\n<meta property=\"og:locale\" content=\"de_DE\" \/>\n<meta property=\"og:type\" content=\"article\" \/>\n<meta property=\"og:title\" content=\"Verkaufsstellen Topf-Anthurien &amp; Schnittanthurien\" \/>\n<meta property=\"og:description\" content=\"Verkaufsstellen Topf-Anthurien &amp; Schnittanthurien. In diesem Artikel finden Sie Verkaufsstellen, die Topf-Anthurien dauerhaft im Sortiment haben.\" \/>\n<meta property=\"og:url\" content=\"https:\/\/anthuriuminfo.com\/de\/verkaufsstellen\/\" \/>\n<meta property=\"og:site_name\" content=\"Anthurium Deutsch\" \/>\n<meta property=\"article:publisher\" content=\"https:\/\/www.facebook.com\/AnthurieInfo\/\" \/>\n<meta property=\"article:modified_time\" content=\"2020-02-06T09:47:47+00:00\" \/>\n<meta property=\"og:image\" content=\"http:\/\/anthuriuminfo.com\/de\/wp-content\/uploads\/sites\/2\/2020\/02\/123zimmerpflanzen-anthurien.jpg\" \/>\n<meta name=\"twitter:card\" content=\"summary_large_image\" \/>\n<meta name=\"twitter:site\" content=\"@Anthuriuminfo\" \/>\n<script type=\"application\/ld+json\" class=\"yoast-schema-graph\">{\"@context\":\"https:\/\/schema.org\",\"@graph\":[{\"@type\":\"WebPage\",\"@id\":\"https:\/\/anthuriuminfo.com\/de\/verkaufsstellen\/\",\"url\":\"https:\/\/anthuriuminfo.com\/de\/verkaufsstellen\/\",\"name\":\"Verkaufsstellen Topf-Anthurien & Schnittanthurien\",\"isPartOf\":{\"@id\":\"http:\/\/anthuriuminfo.com\/de\/#website\"},\"primaryImageOfPage\":{\"@id\":\"https:\/\/anthuriuminfo.com\/de\/verkaufsstellen\/#primaryimage\"},\"image\":{\"@id\":\"https:\/\/anthuriuminfo.com\/de\/verkaufsstellen\/#primaryimage\"},\"thumbnailUrl\":\"http:\/\/anthuriuminfo.com\/de\/wp-content\/uploads\/sites\/2\/2020\/02\/123zimmerpflanzen-anthurien.jpg\",\"datePublished\":\"2020-02-06T09:42:22+00:00\",\"dateModified\":\"2020-02-06T09:47:47+00:00\",\"description\":\"Verkaufsstellen Topf-Anthurien & Schnittanthurien. In diesem Artikel finden Sie Verkaufsstellen, die Topf-Anthurien dauerhaft im Sortiment haben.\",\"breadcrumb\":{\"@id\":\"https:\/\/anthuriuminfo.com\/de\/verkaufsstellen\/#breadcrumb\"},\"inLanguage\":\"de\",\"potentialAction\":[{\"@type\":\"ReadAction\",\"target\":[\"https:\/\/anthuriuminfo.com\/de\/verkaufsstellen\/\"]}]},{\"@type\":\"ImageObject\",\"inLanguage\":\"de\",\"@id\":\"https:\/\/anthuriuminfo.com\/de\/verkaufsstellen\/#primaryimage\",\"url\":\"https:\/\/anthuriuminfo.com\/de\/wp-content\/uploads\/sites\/2\/2020\/02\/123zimmerpflanzen-anthurien.jpg\",\"contentUrl\":\"https:\/\/anthuriuminfo.com\/de\/wp-content\/uploads\/sites\/2\/2020\/02\/123zimmerpflanzen-anthurien.jpg\",\"width\":1176,\"height\":236},{\"@type\":\"BreadcrumbList\",\"@id\":\"https:\/\/anthuriuminfo.com\/de\/verkaufsstellen\/#breadcrumb\",\"itemListElement\":[{\"@type\":\"ListItem\",\"position\":1,\"name\":\"Home\",\"item\":\"http:\/\/anthuriuminfo.com\/de\/\"},{\"@type\":\"ListItem\",\"position\":2,\"name\":\"Verkaufsstellen\"}]},{\"@type\":\"WebSite\",\"@id\":\"http:\/\/anthuriuminfo.com\/de\/#website\",\"url\":\"http:\/\/anthuriuminfo.com\/de\/\",\"name\":\"Anthurium Deutsch\",\"description\":\"Alles \u00fcber Anthurium Topfpflanzen und Schnittblumen\",\"publisher\":{\"@id\":\"http:\/\/anthuriuminfo.com\/de\/#organization\"},\"potentialAction\":[{\"@type\":\"SearchAction\",\"target\":{\"@type\":\"EntryPoint\",\"urlTemplate\":\"http:\/\/anthuriuminfo.com\/de\/?s={search_term_string}\"},\"query-input\":{\"@type\":\"PropertyValueSpecification\",\"valueRequired\":true,\"valueName\":\"search_term_string\"}}],\"inLanguage\":\"de\"},{\"@type\":\"Organization\",\"@id\":\"http:\/\/anthuriuminfo.com\/de\/#organization\",\"name\":\"Anthurium Info\",\"url\":\"http:\/\/anthuriuminfo.com\/de\/\",\"logo\":{\"@type\":\"ImageObject\",\"inLanguage\":\"de\",\"@id\":\"http:\/\/anthuriuminfo.com\/de\/#\/schema\/logo\/image\/\",\"url\":\"http:\/\/anthuriuminfo.com\/de\/wp-content\/uploads\/sites\/2\/2017\/03\/anthurium-favicon.png\",\"contentUrl\":\"http:\/\/anthuriuminfo.com\/de\/wp-content\/uploads\/sites\/2\/2017\/03\/anthurium-favicon.png\",\"width\":512,\"height\":512,\"caption\":\"Anthurium Info\"},\"image\":{\"@id\":\"http:\/\/anthuriuminfo.com\/de\/#\/schema\/logo\/image\/\"},\"sameAs\":[\"https:\/\/www.facebook.com\/AnthurieInfo\/\",\"https:\/\/x.com\/Anthuriuminfo\",\"https:\/\/www.instagram.com\/anthuriuminfo\/\",\"https:\/\/www.youtube.com\/user\/Anthuriuminfo\"]}]}<\/script>\n<!-- \/ Yoast SEO plugin. -->","yoast_head_json":{"title":"Verkaufsstellen Topf-Anthurien & Schnittanthurien","description":"Verkaufsstellen Topf-Anthurien & Schnittanthurien. In diesem Artikel finden Sie Verkaufsstellen, die Topf-Anthurien dauerhaft im Sortiment haben.","robots":{"index":"index","follow":"follow","max-snippet":"max-snippet:-1","max-image-preview":"max-image-preview:large","max-video-preview":"max-video-preview:-1"},"canonical":"https:\/\/anthuriuminfo.com\/de\/verkaufsstellen\/","og_locale":"de_DE","og_type":"article","og_title":"Verkaufsstellen Topf-Anthurien & Schnittanthurien","og_description":"Verkaufsstellen Topf-Anthurien & Schnittanthurien. In diesem Artikel finden Sie Verkaufsstellen, die Topf-Anthurien dauerhaft im Sortiment haben.","og_url":"https:\/\/anthuriuminfo.com\/de\/verkaufsstellen\/","og_site_name":"Anthurium Deutsch","article_publisher":"https:\/\/www.facebook.com\/AnthurieInfo\/","article_modified_time":"2020-02-06T09:47:47+00:00","og_image":[{"url":"http:\/\/anthuriuminfo.com\/de\/wp-content\/uploads\/sites\/2\/2020\/02\/123zimmerpflanzen-anthurien.jpg","type":"","width":"","height":""}],"twitter_card":"summary_large_image","twitter_site":"@Anthuriuminfo","schema":{"@context":"https:\/\/schema.org","@graph":[{"@type":"WebPage","@id":"https:\/\/anthuriuminfo.com\/de\/verkaufsstellen\/","url":"https:\/\/anthuriuminfo.com\/de\/verkaufsstellen\/","name":"Verkaufsstellen Topf-Anthurien & Schnittanthurien","isPartOf":{"@id":"http:\/\/anthuriuminfo.com\/de\/#website"},"primaryImageOfPage":{"@id":"https:\/\/anthuriuminfo.com\/de\/verkaufsstellen\/#primaryimage"},"image":{"@id":"https:\/\/anthuriuminfo.com\/de\/verkaufsstellen\/#primaryimage"},"thumbnailUrl":"http:\/\/anthuriuminfo.com\/de\/wp-content\/uploads\/sites\/2\/2020\/02\/123zimmerpflanzen-anthurien.jpg","datePublished":"2020-02-06T09:42:22+00:00","dateModified":"2020-02-06T09:47:47+00:00","description":"Verkaufsstellen Topf-Anthurien & Schnittanthurien. In diesem Artikel finden Sie Verkaufsstellen, die Topf-Anthurien dauerhaft im Sortiment haben.","breadcrumb":{"@id":"https:\/\/anthuriuminfo.com\/de\/verkaufsstellen\/#breadcrumb"},"inLanguage":"de","potentialAction":[{"@type":"ReadAction","target":["https:\/\/anthuriuminfo.com\/de\/verkaufsstellen\/"]}]},{"@type":"ImageObject","inLanguage":"de","@id":"https:\/\/anthuriuminfo.com\/de\/verkaufsstellen\/#primaryimage","url":"https:\/\/anthuriuminfo.com\/de\/wp-content\/uploads\/sites\/2\/2020\/02\/123zimmerpflanzen-anthurien.jpg","contentUrl":"https:\/\/anthuriuminfo.com\/de\/wp-content\/uploads\/sites\/2\/2020\/02\/123zimmerpflanzen-anthurien.jpg","width":1176,"height":236},{"@type":"BreadcrumbList","@id":"https:\/\/anthuriuminfo.com\/de\/verkaufsstellen\/#breadcrumb","itemListElement":[{"@type":"ListItem","position":1,"name":"Home","item":"http:\/\/anthuriuminfo.com\/de\/"},{"@type":"ListItem","position":2,"name":"Verkaufsstellen"}]},{"@type":"WebSite","@id":"http:\/\/anthuriuminfo.com\/de\/#website","url":"http:\/\/anthuriuminfo.com\/de\/","name":"Anthurium Deutsch","description":"Alles \u00fcber Anthurium Topfpflanzen und Schnittblumen","publisher":{"@id":"http:\/\/anthuriuminfo.com\/de\/#organization"},"potentialAction":[{"@type":"SearchAction","target":{"@type":"EntryPoint","urlTemplate":"http:\/\/anthuriuminfo.com\/de\/?s={search_term_string}"},"query-input":{"@type":"PropertyValueSpecification","valueRequired":true,"valueName":"search_term_string"}}],"inLanguage":"de"},{"@type":"Organization","@id":"http:\/\/anthuriuminfo.com\/de\/#organization","name":"Anthurium Info","url":"http:\/\/anthuriuminfo.com\/de\/","logo":{"@type":"ImageObject","inLanguage":"de","@id":"http:\/\/anthuriuminfo.com\/de\/#\/schema\/logo\/image\/","url":"http:\/\/anthuriuminfo.com\/de\/wp-content\/uploads\/sites\/2\/2017\/03\/anthurium-favicon.png","contentUrl":"http:\/\/anthuriuminfo.com\/de\/wp-content\/uploads\/sites\/2\/2017\/03\/anthurium-favicon.png","width":512,"height":512,"caption":"Anthurium Info"},"image":{"@id":"http:\/\/anthuriuminfo.com\/de\/#\/schema\/logo\/image\/"},"sameAs":["https:\/\/www.facebook.com\/AnthurieInfo\/","https:\/\/x.com\/Anthuriuminfo","https:\/\/www.instagram.com\/anthuriuminfo\/","https:\/\/www.youtube.com\/user\/Anthuriuminfo"]}]}},"_links":{"self":[{"href":"https:\/\/anthuriuminfo.com\/de\/wp-json\/wp\/v2\/pages\/2503","targetHints":{"allow":["GET"]}}],"collection":[{"href":"https:\/\/anthuriuminfo.com\/de\/wp-json\/wp\/v2\/pages"}],"about":[{"href":"https:\/\/anthuriuminfo.com\/de\/wp-json\/wp\/v2\/types\/page"}],"author":[{"embeddable":true,"href":"https:\/\/anthuriuminfo.com\/de\/wp-json\/wp\/v2\/users\/4"}],"replies":[{"embeddable":true,"href":"https:\/\/anthuriuminfo.com\/de\/wp-json\/wp\/v2\/comments?post=2503"}],"version-history":[{"count":13,"href":"https:\/\/anthuriuminfo.com\/de\/wp-json\/wp\/v2\/pages\/2503\/revisions"}],"predecessor-version":[{"id":2538,"href":"https:\/\/anthuriuminfo.com\/de\/wp-json\/wp\/v2\/pages\/2503\/revisions\/2538"}],"wp:attachment":[{"href":"https:\/\/anthuriuminfo.com\/de\/wp-json\/wp\/v2\/media?parent=2503"}],"curies":[{"name":"wp","href":"https:\/\/api.w.org\/{rel}","templated":true}]}}