{"id":351,"date":"2017-02-22T15:46:51","date_gmt":"2017-02-22T15:46:51","guid":{"rendered":"http:\/\/doingz.com\/sites\/anthurium\/?page_id=351"},"modified":"2021-08-03T11:39:42","modified_gmt":"2021-08-03T09:39:42","slug":"wie-muss-ich-eine-anthurie-pflegen","status":"publish","type":"page","link":"https:\/\/anthuriuminfo.com\/de\/wie-muss-ich-eine-anthurie-pflegen\/","title":{"rendered":"Wie muss ich eine Anthurie pflegen?"},"content":{"rendered":"<p>Wie muss ich eine Anthurie pflegen? Anthurien &#8211; oder &#8222;Flamingoblumen&#8220; &#8211; sind sehr einfach zu pflegen, sie brauchen wenig Aufmerksamkeit, um f\u00fcr eine sehr lange Zeit sch\u00f6n zu bleiben. Es gibt jedoch einige extra Tipps und Tricks, die wir Ihnen gern mitteilen w\u00fcrden, sodass Sie noch lange Freude an Ihren Anthurien Pflanzen oder Schnittblume(n) haben werden.\u00a0<!--more--><\/p>\n<h2>Wie muss ich eine Anthurie pflegen?<\/h2>\n<h3>Der beste Standort f\u00fcr eine zufriedene Pflanze<\/h3>\n<p>Anthurien stehen vorzugsweise m\u00f6glichst hell, aber nicht im direkten Sonnenlicht. Wenn die Pflanze an einem dunklen Ort steht, produziert sie weniger Bl\u00fcten. Anthurien lieben die W\u00e4rme, bei einer Temperatur zwischen 18\u00b0C und 22\u00b0C geht es ihnen am besten. Die Mindesttemperatur f\u00fcr die Pflanze und die Schnittblume ist 16\u00b0C. Achten Sie darauf, dass die Anthurien nicht im Zug stehen und stellen Sie sie nicht in die N\u00e4he eines zu hei\u00dfen Heizk\u00f6rpers. Flamingoblumen bevorzugen eine hohe Luftfeuchtigkeit, das Bad ist also der Ort, an dem sie sich wie zu Hause f\u00fchlen.<\/p>\n<p><strong><span lang=\"DE\">Lesen Sie auch:\u00a0<\/span><a href=\"https:\/\/anthuriuminfo.com\/de\/styling-tipps-mit-anthurien-dekorieren\/\" target=\"_blank\" rel=\"noopener noreferrer\">Styling-Tipps: Mit Anthurien dekorieren<\/a><\/strong><\/p>\n<h3>Wie muss ich eine Anthurie\u00a0Pflanzen pflegen?<\/h3>\n<p>Im Winter gie\u00dft man die Topfanthurie am besten einmal in der Woche, im Sommer zweimal. Aber immer zuerst die Blumenerde \u00fcberpr\u00fcfen. Wenn die Anthurie zu h\u00e4ufig gegossen wird, k\u00f6nnen die Wurzeln faulen. Wurzelf\u00e4ule entsteht n\u00e4mlich durch Staun\u00e4sse.\u00a0Gie\u00dfen Sie Ihre Pflanze also erst, wenn sich die Erde ziemlich trocken anf\u00fchlt. Am besten eignet sich hierf\u00fcr durchl\u00e4ssige Blumenerde. M\u00f6chten Sie die Pflanze extra verw\u00f6hnen? Bespr\u00fchen Sie sie dann hin und wieder mit einem Pflanzenspr\u00fcher, damit sie sich f\u00fcr kurze Zeit in die Tropen versetzt f\u00fchlt.<\/p>\n<p>https:\/\/www.instagram.com\/p\/B9UUfIznf9N\/<\/p>\n<h3>Wie muss ich eine Anthurie\u00a0Schnittblumen pflegen?<\/h3>\n<p>Schnittblumen brauchen eigentlich keine besondere Pflege. Schneiden Sie nach dem Kauf etwa 5 Zentimeter vom (von den Stiel(en) ab und stellen die Bl\u00fcte(n) in eine saubere Vase mit Leitungswasser. Anthurien sind sehr sauber und halten das Wasser hell und sauber. Die Bl\u00fcte hat auch keine Schnittblumennahrung n\u00f6tig, aber vertr\u00e4gt sie wohl. Bei gemischten Blumenstr\u00e4u\u00dfen kann man daher problemlos Schnittblumennahrung hinzuf\u00fcgen.\u00a0Wechseln Sie das Wasser der Anthurien ungef\u00e4hr einmal w\u00f6chentlich und schneiden sie dann jeweils einen Zentimeter der Stiele ab. So stehen die Flamingoblumen zwei bis drei Wochen lang in voller Pracht in ihrer Vase. Lange genie\u00dfen ohne schmutzige Vasen und ohne viel Umst\u00e4nde!<\/p>\n<p><strong><span lang=\"DE\">Lesen Sie auch:\u00a0<\/span><a href=\"https:\/\/anthuriuminfo.com\/de\/anthurien-in-3-voellig-unterschiedlichen-interieurs\/\" target=\"_blank\" rel=\"noopener noreferrer\">Anthurien in 3 v\u00f6llig unterschiedlichen Interieurs<\/a><\/strong><\/p>\n<h3>Sie bl\u00fcht ganz einfach weiter<\/h3>\n<p>Bei der richtigen Pflege und regelm\u00e4\u00dfigen D\u00fcngung bringen die Anthurien das ganze Jahr \u00fcber neue Bl\u00fcten hervor. In der Regel bl\u00fchen sie in einem Zyklus von jeweils drei Monaten, dann wieder drei Monate keine Bl\u00fcten und dann wieder drei Monate Bl\u00fcten. Wenn die Pflanze gl\u00e4nzende Bl\u00e4tter hat und neue Bl\u00fcten produziert, kann man davon ausgehen, dass sie sich wohl f\u00fchlt und viele Jahre bl\u00fchen wird. M\u00f6chten Sie mehr \u00fcber die weitere Bl\u00fcte erfahren? Lesen Sie auch:\u00a0<a href=\"https:\/\/anthuriuminfo.com\/de\/wie-bringe-ich-meine-pflanzen-wieder-zum-bluehen\/\" target=\"_blank\" rel=\"noopener noreferrer\">Wie bringen Sie eine Anthurie wieder zum Bl\u00fchen?<\/a><\/p>\n<p>https:\/\/www.instagram.com\/p\/B8_hMLnDDbK\/<\/p>\n<h3>Was kann man tun verf\u00e4rbten Bl\u00e4ttern?<\/h3>\n<p>Bei braunen Blattr\u00e4ndern und Blattpunkten bekommt die Pflanze zu viel oder zu weinig Wasser. F\u00fchlen Sie erst an der Erde im Topf, bevor Sie die Pflanze gie\u00dfen. Wenn sich die Erde ziemlich trocken anf\u00fchlt, kann die Pflanze etwas Wasser gebrauchen, ist die Erde im Topf jedoch feucht, kann man problemlos noch eine Woche warten, bevor man sie wieder gie\u00dft.<\/p>\n<p>Haben die Bl\u00e4tter eine Gelbf\u00e4rbung? Dann erh\u00e4lt die Anthurie wahrscheinlich zu viel Sonnenlicht. Man sollte sie einen Meter vom Fenster entfernt hinstellen. Bekommt sie neue Bl\u00e4tter, und bleiben die Bl\u00fcten gr\u00fcn? Dann erh\u00e4lt die Anthurie wahrscheinlich zu wenig Licht. Stellen Sie sie etwas n\u00e4her ans Fenster. Verwelkte Bl\u00fcten, alte und gelbe Bl\u00e4tter kann man einfach abschneiden, denn nachdem die alten Bl\u00e4tter und Bl\u00fcten sich verf\u00e4rben, bringt die Anthurie einfach wieder neue Bl\u00fcten hervor. Und das ist erst sch\u00f6n!<\/p>\n<p><strong>Lesen Sie auch:\u00a0<a href=\"https:\/\/anthuriuminfo.com\/de\/was-tun-wenn-sich-die-blaetter-ihrer-anthurie-verfaerben\/\" target=\"_blank\" rel=\"noopener noreferrer\">Was tun, wenn sich die Bl\u00e4tter Ihrer Anthurie verf\u00e4rben?<\/a><\/strong><\/p>\n<h3>Topfen<\/h3>\n<p>Ist Ihre Anthurie zu gro\u00df geworden f\u00fcr den Topf, dann ist <a href=\"https:\/\/anthuriuminfo.com\/de\/umtopfen\/\" target=\"_blank\" rel=\"noopener noreferrer\">Umtopfen<\/a> eine gute Idee. Topfen Sie vorzugsweise im Fr\u00fchjahr um, weil die helleren Tage die Knospenbildung anregen. Setzen Sie sie in ein Pflanzgef\u00e4\u00df, dass mindestens 20 Prozent breiter ist als das vorige und verwenden sie spezielle <a href=\"https:\/\/anthuriuminfo.com\/de\/ist-spezielle-anthurium-blumenerde-notwendig\/\" target=\"_blank\" rel=\"noopener noreferrer\">Anthurium-Blumenerde<\/a>. Mischen Sie auch direkt ein wenig Anthuriend\u00fcnger hinzu, sodass die Pflanze wieder einen extra Boost bekommt.<\/p>\n<p><strong>Haben Sie noch andere Fragen? Werfen Sie dann doch auch einen Blick auf die <a href=\"https:\/\/anthuriuminfo.com\/de\/faq\/\">FAQ<\/a>.<\/strong><\/p>\n<p>https:\/\/www.instagram.com\/p\/B8bd_wTljHD\/<\/p>\n","protected":false},"excerpt":{"rendered":"<p class=\"excerpt\">Wie muss ich eine Anthurie pflegen? Anthurien &#8211; oder &#8222;Flamingoblumen&#8220; &#8211; sind sehr einfach zu pflegen, sie brauchen wenig Aufmerksamkeit, um f\u00fcr eine sehr lange Zeit sch\u00f6n zu bleiben. Es gibt jedoch einige extra Tipps und Tricks, die wir Ihnen gern mitteilen w\u00fcrden, sodass Sie noch lange Freude an Ihren Anthurien Pflanzen oder Schnittblume(n) haben [&hellip;]<\/p>\n","protected":false},"author":1,"featured_media":1354,"parent":0,"menu_order":2,"comment_status":"closed","ping_status":"closed","template":"","meta":{"_acf_changed":false,"footnotes":""},"class_list":["post-351","page","type-page","status-publish","has-post-thumbnail","hentry"],"acf":[],"yoast_head":"<!-- This site is optimized with the Yoast SEO plugin v26.7 - https:\/\/yoast.com\/wordpress\/plugins\/seo\/ -->\n<title>Wie muss ich eine Anthurie pflegen?<\/title>\n<meta name=\"description\" content=\"Wie muss ich eine Anthurie - oder &quot;Flamingoblumen&quot; - pflegen? Anthurien sind sehr einfach zu pflegen, sie brauchen wenig Aufmerksamkeit.\" \/>\n<meta name=\"robots\" content=\"index, follow, max-snippet:-1, max-image-preview:large, max-video-preview:-1\" \/>\n<link rel=\"canonical\" href=\"https:\/\/anthuriuminfo.com\/de\/wie-muss-ich-eine-anthurie-pflegen\/\" \/>\n<meta property=\"og:locale\" content=\"de_DE\" \/>\n<meta property=\"og:type\" content=\"article\" \/>\n<meta property=\"og:title\" content=\"Wie muss ich eine Anthurie pflegen?\" \/>\n<meta property=\"og:description\" content=\"Wie muss ich eine Anthurie - oder &quot;Flamingoblumen&quot; - pflegen? Anthurien sind sehr einfach zu pflegen, sie brauchen wenig Aufmerksamkeit.\" \/>\n<meta property=\"og:url\" content=\"https:\/\/anthuriuminfo.com\/de\/wie-muss-ich-eine-anthurie-pflegen\/\" \/>\n<meta property=\"og:site_name\" content=\"Anthurium Deutsch\" \/>\n<meta property=\"article:publisher\" content=\"https:\/\/www.facebook.com\/AnthurieInfo\/\" \/>\n<meta property=\"article:modified_time\" content=\"2021-08-03T09:39:42+00:00\" \/>\n<meta property=\"og:image\" content=\"https:\/\/anthuriuminfo.com\/de\/wp-content\/uploads\/sites\/2\/2017\/02\/Anthurium_plants_care_tips_flowers_falmingo_flower_flamingo_flamingoplant_cut_flower_pecker_willy_plant_flamingo_plant_red_flowers-135.jpg\" \/>\n\t<meta property=\"og:image:width\" content=\"4896\" \/>\n\t<meta property=\"og:image:height\" content=\"3268\" \/>\n\t<meta property=\"og:image:type\" content=\"image\/jpeg\" \/>\n<meta name=\"twitter:card\" content=\"summary_large_image\" \/>\n<meta name=\"twitter:site\" content=\"@Anthuriuminfo\" \/>\n<meta name=\"twitter:label1\" content=\"Gesch\u00e4tzte Lesezeit\" \/>\n\t<meta name=\"twitter:data1\" content=\"4\u00a0Minuten\" \/>\n<script type=\"application\/ld+json\" class=\"yoast-schema-graph\">{\"@context\":\"https:\/\/schema.org\",\"@graph\":[{\"@type\":\"WebPage\",\"@id\":\"https:\/\/anthuriuminfo.com\/de\/wie-muss-ich-eine-anthurie-pflegen\/\",\"url\":\"https:\/\/anthuriuminfo.com\/de\/wie-muss-ich-eine-anthurie-pflegen\/\",\"name\":\"Wie muss ich eine Anthurie pflegen?\",\"isPartOf\":{\"@id\":\"http:\/\/anthuriuminfo.com\/de\/#website\"},\"primaryImageOfPage\":{\"@id\":\"https:\/\/anthuriuminfo.com\/de\/wie-muss-ich-eine-anthurie-pflegen\/#primaryimage\"},\"image\":{\"@id\":\"https:\/\/anthuriuminfo.com\/de\/wie-muss-ich-eine-anthurie-pflegen\/#primaryimage\"},\"thumbnailUrl\":\"https:\/\/anthuriuminfo.com\/de\/wp-content\/uploads\/sites\/2\/2017\/02\/Anthurium_plants_care_tips_flowers_falmingo_flower_flamingo_flamingoplant_cut_flower_pecker_willy_plant_flamingo_plant_red_flowers-135.jpg\",\"datePublished\":\"2017-02-22T15:46:51+00:00\",\"dateModified\":\"2021-08-03T09:39:42+00:00\",\"description\":\"Wie muss ich eine Anthurie - oder \\\"Flamingoblumen\\\" - pflegen? Anthurien sind sehr einfach zu pflegen, sie brauchen wenig Aufmerksamkeit.\",\"breadcrumb\":{\"@id\":\"https:\/\/anthuriuminfo.com\/de\/wie-muss-ich-eine-anthurie-pflegen\/#breadcrumb\"},\"inLanguage\":\"de\",\"potentialAction\":[{\"@type\":\"ReadAction\",\"target\":[\"https:\/\/anthuriuminfo.com\/de\/wie-muss-ich-eine-anthurie-pflegen\/\"]}]},{\"@type\":\"ImageObject\",\"inLanguage\":\"de\",\"@id\":\"https:\/\/anthuriuminfo.com\/de\/wie-muss-ich-eine-anthurie-pflegen\/#primaryimage\",\"url\":\"https:\/\/anthuriuminfo.com\/de\/wp-content\/uploads\/sites\/2\/2017\/02\/Anthurium_plants_care_tips_flowers_falmingo_flower_flamingo_flamingoplant_cut_flower_pecker_willy_plant_flamingo_plant_red_flowers-135.jpg\",\"contentUrl\":\"https:\/\/anthuriuminfo.com\/de\/wp-content\/uploads\/sites\/2\/2017\/02\/Anthurium_plants_care_tips_flowers_falmingo_flower_flamingo_flamingoplant_cut_flower_pecker_willy_plant_flamingo_plant_red_flowers-135.jpg\",\"width\":4896,\"height\":3268,\"caption\":\"Wie muss ich eine Anthurie pflegen?\"},{\"@type\":\"BreadcrumbList\",\"@id\":\"https:\/\/anthuriuminfo.com\/de\/wie-muss-ich-eine-anthurie-pflegen\/#breadcrumb\",\"itemListElement\":[{\"@type\":\"ListItem\",\"position\":1,\"name\":\"Home\",\"item\":\"http:\/\/anthuriuminfo.com\/de\/\"},{\"@type\":\"ListItem\",\"position\":2,\"name\":\"Wie muss ich eine Anthurie pflegen?\"}]},{\"@type\":\"WebSite\",\"@id\":\"http:\/\/anthuriuminfo.com\/de\/#website\",\"url\":\"http:\/\/anthuriuminfo.com\/de\/\",\"name\":\"Anthurium Deutsch\",\"description\":\"Alles \u00fcber Anthurium Topfpflanzen und Schnittblumen\",\"publisher\":{\"@id\":\"http:\/\/anthuriuminfo.com\/de\/#organization\"},\"potentialAction\":[{\"@type\":\"SearchAction\",\"target\":{\"@type\":\"EntryPoint\",\"urlTemplate\":\"http:\/\/anthuriuminfo.com\/de\/?s={search_term_string}\"},\"query-input\":{\"@type\":\"PropertyValueSpecification\",\"valueRequired\":true,\"valueName\":\"search_term_string\"}}],\"inLanguage\":\"de\"},{\"@type\":\"Organization\",\"@id\":\"http:\/\/anthuriuminfo.com\/de\/#organization\",\"name\":\"Anthurium Info\",\"url\":\"http:\/\/anthuriuminfo.com\/de\/\",\"logo\":{\"@type\":\"ImageObject\",\"inLanguage\":\"de\",\"@id\":\"http:\/\/anthuriuminfo.com\/de\/#\/schema\/logo\/image\/\",\"url\":\"http:\/\/anthuriuminfo.com\/de\/wp-content\/uploads\/sites\/2\/2017\/03\/anthurium-favicon.png\",\"contentUrl\":\"http:\/\/anthuriuminfo.com\/de\/wp-content\/uploads\/sites\/2\/2017\/03\/anthurium-favicon.png\",\"width\":512,\"height\":512,\"caption\":\"Anthurium Info\"},\"image\":{\"@id\":\"http:\/\/anthuriuminfo.com\/de\/#\/schema\/logo\/image\/\"},\"sameAs\":[\"https:\/\/www.facebook.com\/AnthurieInfo\/\",\"https:\/\/x.com\/Anthuriuminfo\",\"https:\/\/www.instagram.com\/anthuriuminfo\/\",\"https:\/\/www.youtube.com\/user\/Anthuriuminfo\"]}]}<\/script>\n<!-- \/ Yoast SEO plugin. -->","yoast_head_json":{"title":"Wie muss ich eine Anthurie pflegen?","description":"Wie muss ich eine Anthurie - oder \"Flamingoblumen\" - pflegen? Anthurien sind sehr einfach zu pflegen, sie brauchen wenig Aufmerksamkeit.","robots":{"index":"index","follow":"follow","max-snippet":"max-snippet:-1","max-image-preview":"max-image-preview:large","max-video-preview":"max-video-preview:-1"},"canonical":"https:\/\/anthuriuminfo.com\/de\/wie-muss-ich-eine-anthurie-pflegen\/","og_locale":"de_DE","og_type":"article","og_title":"Wie muss ich eine Anthurie pflegen?","og_description":"Wie muss ich eine Anthurie - oder \"Flamingoblumen\" - pflegen? Anthurien sind sehr einfach zu pflegen, sie brauchen wenig Aufmerksamkeit.","og_url":"https:\/\/anthuriuminfo.com\/de\/wie-muss-ich-eine-anthurie-pflegen\/","og_site_name":"Anthurium Deutsch","article_publisher":"https:\/\/www.facebook.com\/AnthurieInfo\/","article_modified_time":"2021-08-03T09:39:42+00:00","og_image":[{"width":4896,"height":3268,"url":"https:\/\/anthuriuminfo.com\/de\/wp-content\/uploads\/sites\/2\/2017\/02\/Anthurium_plants_care_tips_flowers_falmingo_flower_flamingo_flamingoplant_cut_flower_pecker_willy_plant_flamingo_plant_red_flowers-135.jpg","type":"image\/jpeg"}],"twitter_card":"summary_large_image","twitter_site":"@Anthuriuminfo","twitter_misc":{"Gesch\u00e4tzte Lesezeit":"4\u00a0Minuten"},"schema":{"@context":"https:\/\/schema.org","@graph":[{"@type":"WebPage","@id":"https:\/\/anthuriuminfo.com\/de\/wie-muss-ich-eine-anthurie-pflegen\/","url":"https:\/\/anthuriuminfo.com\/de\/wie-muss-ich-eine-anthurie-pflegen\/","name":"Wie muss ich eine Anthurie pflegen?","isPartOf":{"@id":"http:\/\/anthuriuminfo.com\/de\/#website"},"primaryImageOfPage":{"@id":"https:\/\/anthuriuminfo.com\/de\/wie-muss-ich-eine-anthurie-pflegen\/#primaryimage"},"image":{"@id":"https:\/\/anthuriuminfo.com\/de\/wie-muss-ich-eine-anthurie-pflegen\/#primaryimage"},"thumbnailUrl":"https:\/\/anthuriuminfo.com\/de\/wp-content\/uploads\/sites\/2\/2017\/02\/Anthurium_plants_care_tips_flowers_falmingo_flower_flamingo_flamingoplant_cut_flower_pecker_willy_plant_flamingo_plant_red_flowers-135.jpg","datePublished":"2017-02-22T15:46:51+00:00","dateModified":"2021-08-03T09:39:42+00:00","description":"Wie muss ich eine Anthurie - oder \"Flamingoblumen\" - pflegen? Anthurien sind sehr einfach zu pflegen, sie brauchen wenig Aufmerksamkeit.","breadcrumb":{"@id":"https:\/\/anthuriuminfo.com\/de\/wie-muss-ich-eine-anthurie-pflegen\/#breadcrumb"},"inLanguage":"de","potentialAction":[{"@type":"ReadAction","target":["https:\/\/anthuriuminfo.com\/de\/wie-muss-ich-eine-anthurie-pflegen\/"]}]},{"@type":"ImageObject","inLanguage":"de","@id":"https:\/\/anthuriuminfo.com\/de\/wie-muss-ich-eine-anthurie-pflegen\/#primaryimage","url":"https:\/\/anthuriuminfo.com\/de\/wp-content\/uploads\/sites\/2\/2017\/02\/Anthurium_plants_care_tips_flowers_falmingo_flower_flamingo_flamingoplant_cut_flower_pecker_willy_plant_flamingo_plant_red_flowers-135.jpg","contentUrl":"https:\/\/anthuriuminfo.com\/de\/wp-content\/uploads\/sites\/2\/2017\/02\/Anthurium_plants_care_tips_flowers_falmingo_flower_flamingo_flamingoplant_cut_flower_pecker_willy_plant_flamingo_plant_red_flowers-135.jpg","width":4896,"height":3268,"caption":"Wie muss ich eine Anthurie pflegen?"},{"@type":"BreadcrumbList","@id":"https:\/\/anthuriuminfo.com\/de\/wie-muss-ich-eine-anthurie-pflegen\/#breadcrumb","itemListElement":[{"@type":"ListItem","position":1,"name":"Home","item":"http:\/\/anthuriuminfo.com\/de\/"},{"@type":"ListItem","position":2,"name":"Wie muss ich eine Anthurie pflegen?"}]},{"@type":"WebSite","@id":"http:\/\/anthuriuminfo.com\/de\/#website","url":"http:\/\/anthuriuminfo.com\/de\/","name":"Anthurium Deutsch","description":"Alles \u00fcber Anthurium Topfpflanzen und Schnittblumen","publisher":{"@id":"http:\/\/anthuriuminfo.com\/de\/#organization"},"potentialAction":[{"@type":"SearchAction","target":{"@type":"EntryPoint","urlTemplate":"http:\/\/anthuriuminfo.com\/de\/?s={search_term_string}"},"query-input":{"@type":"PropertyValueSpecification","valueRequired":true,"valueName":"search_term_string"}}],"inLanguage":"de"},{"@type":"Organization","@id":"http:\/\/anthuriuminfo.com\/de\/#organization","name":"Anthurium Info","url":"http:\/\/anthuriuminfo.com\/de\/","logo":{"@type":"ImageObject","inLanguage":"de","@id":"http:\/\/anthuriuminfo.com\/de\/#\/schema\/logo\/image\/","url":"http:\/\/anthuriuminfo.com\/de\/wp-content\/uploads\/sites\/2\/2017\/03\/anthurium-favicon.png","contentUrl":"http:\/\/anthuriuminfo.com\/de\/wp-content\/uploads\/sites\/2\/2017\/03\/anthurium-favicon.png","width":512,"height":512,"caption":"Anthurium Info"},"image":{"@id":"http:\/\/anthuriuminfo.com\/de\/#\/schema\/logo\/image\/"},"sameAs":["https:\/\/www.facebook.com\/AnthurieInfo\/","https:\/\/x.com\/Anthuriuminfo","https:\/\/www.instagram.com\/anthuriuminfo\/","https:\/\/www.youtube.com\/user\/Anthuriuminfo"]}]}},"_links":{"self":[{"href":"https:\/\/anthuriuminfo.com\/de\/wp-json\/wp\/v2\/pages\/351","targetHints":{"allow":["GET"]}}],"collection":[{"href":"https:\/\/anthuriuminfo.com\/de\/wp-json\/wp\/v2\/pages"}],"about":[{"href":"https:\/\/anthuriuminfo.com\/de\/wp-json\/wp\/v2\/types\/page"}],"author":[{"embeddable":true,"href":"https:\/\/anthuriuminfo.com\/de\/wp-json\/wp\/v2\/users\/1"}],"replies":[{"embeddable":true,"href":"https:\/\/anthuriuminfo.com\/de\/wp-json\/wp\/v2\/comments?post=351"}],"version-history":[{"count":12,"href":"https:\/\/anthuriuminfo.com\/de\/wp-json\/wp\/v2\/pages\/351\/revisions"}],"predecessor-version":[{"id":3229,"href":"https:\/\/anthuriuminfo.com\/de\/wp-json\/wp\/v2\/pages\/351\/revisions\/3229"}],"wp:featuredmedia":[{"embeddable":true,"href":"https:\/\/anthuriuminfo.com\/de\/wp-json\/wp\/v2\/media\/1354"}],"wp:attachment":[{"href":"https:\/\/anthuriuminfo.com\/de\/wp-json\/wp\/v2\/media?parent=351"}],"curies":[{"name":"wp","href":"https:\/\/api.w.org\/{rel}","templated":true}]}}