{"id":353,"date":"2017-02-22T15:52:21","date_gmt":"2017-02-22T15:52:21","guid":{"rendered":"http:\/\/doingz.com\/sites\/anthurium\/?page_id=353"},"modified":"2019-03-13T18:04:06","modified_gmt":"2019-03-13T17:04:06","slug":"faq","status":"publish","type":"page","link":"https:\/\/anthuriuminfo.com\/de\/faq\/","title":{"rendered":"FAQ"},"content":{"rendered":"<p>Wollte schon immer wissen, wie lange ein Anthurium bl\u00fcht oder wie viele Arten es gibt. Hier finden Sie eine \u00dcbersicht von H\u00e4ufig gestellte Fragen &amp; Antwort.\u00a0<!--more--><\/p>\n<h3>Wie lange bl\u00fchen Anthurien?<\/h3>\n<p>Anthurien k\u00f6nnen das ganze Jahr \u00fcber bl\u00fchen, aber in der Regel bl\u00fchen sie etwa drei Monate. Nach drei Monaten beginnt ihr Zyklus aufs Neue. Im Winter bringt die Pflanze meist weniger Bl\u00fcten hervor, aber sobald sich die Sonne wieder h\u00e4ufiger sehen l\u00e4sst, erwachen die Anthurien wieder aus ihrem Winterschlaf und ist voller Energie. Genau wie wir eigentlich.<\/p>\n<h3>Wie viel Anthurien Variationen gibt es?<\/h3>\n<p>Es sind mehr als 600 verschiedene Variationen Anthurien verf\u00fcgbar. Haben Sie eine Lieblingssorte oder -farbe, die Sie nicht bei Ihrem Floristen finden? Erkundigen Sie sich danach, die meisten Floristen k\u00f6nnen alle Sorten und Gr\u00f6\u00dfen beschaffen und sehen kein Problem darin, diese f\u00fcr Sie zu bestellen.<\/p>\n<h3>Wie muss ich eine Anthurie pflegen?<\/h3>\n<p>Die Anthurie braucht fast keine Pflege. Bei Zimmertemperatur und ein bis zwei Mal pro Woche ein wenig Wasser ist sie bereits zufrieden. Stellen Sie sie an einen hellen Ort, aber nicht in die pralle Sonne \u2013 mehr braucht sie nicht.<\/p>\n<h3>Kann die Anthurie auch im Freien stehen?<\/h3>\n<p>Wenn die Umst\u00e4nde optimal sind, w\u00e4re es eventuell m\u00f6glich. Es ist eine tropische Pflanze, daher w\u00e4re eine Temperatur zwischen 20\u00b0C und 22\u00b0C ideal. Im Sommer kann die Anthurie drau\u00dfen stehen, sofern sie an einem windgesch\u00fctzten Ort steht, der nicht k\u00e4lter als 16\u00b0C wird. Sie k\u00f6nnen dann sogar den Garten schm\u00fccken.<\/p>\n<h3>Werden Anthurien umweltfreundlich angebaut?<\/h3>\n<p>Auf jeden Fall. Anthurien werden weitgehend nach dem MPS-A Zertifikat gez\u00fcchtet. MPS-A zertifizierte Unternehmen haben die h\u00f6chste Zertifizierungsstufe.<\/p>\n<h3>Was unternimmt man, wenn die Pflanze gelbe oder braune Bl\u00fcten bekommt?<\/h3>\n<p>Das ist ein Anzeichen daf\u00fcr, dass es der Pflanze nicht gut geht. Entweder stehen die Wurzeln zu nass oder sie bekommen zu viel direktes Sonnenlicht. Stellen Sie sie etwas weiter vom Fensterrahmen weg und f\u00fchlen Sie an der Blumenerde, ob es Zeit ist, sie wieder gie\u00dfen. Bei feuchter Erde braucht die Anthurie kein Wasser, ist die Erde jedoch vollkommen trocken, tun ihr ein paar Spritzer Wasser gut. Sehen Sie verbl\u00fchte Bl\u00fcten? Schneiden Sie diese dann einfach heraus.<\/p>\n<h3>Wie bringe ich meine Anthurie wieder zum Bl\u00fchen?<\/h3>\n<p>Stellen Sie Ihre Pflanze an einen hell(er)en Standort, gie\u00dfen Sie sie h\u00f6chstens einmal pro Woche und geben Sie ihr eventuell zus\u00e4tzlich ein weinig Pflanzennahrung. Im fr\u00fchen Fr\u00fchjahr braucht sie sechs bis acht Wochen keine Pflanzennahrung und etwas weniger Wasser. Wenn es w\u00e4rmer und sonniger wird, vertr\u00e4gt sie wieder etwas mehr Wasser. Sie k\u00f6nnen jetzt auch mit der Pflanzennahrung beginnen. Die Anthurien werden dann schnell wieder neue Bl\u00fcten hervorbringen. Erst kommt ein Blatt und anschlie\u00dfend eine neue Bl\u00fcte.<\/p>\n<h3>Wann sind Anthurien verf\u00fcgbar<\/h3>\n<p>Anthurien sind das ganze Jahr \u00fcber in Gartencentern, bei Floristen und h\u00e4ufig auch in Superm\u00e4rkten erh\u00e4ltlich.<\/p>\n<h3>Kann ich die Bl\u00fcten und Pflanzen essen?<\/h3>\n<p>Wie verlockend die Anthurien auch aussehen, sie sind nicht essbar. Sollte es versehentlich vorkommen, dann besteht nicht eine unmittelbare Dringlichkeitsstufe, aber man sollte trotzdem den Hausarzt kontaktieren.<\/p>\n<p>M\u00f6chten Sie mehr \u00fcber die Anthurien erfahren? In\u00a0<a href=\"https:\/\/anthuriuminfo.com\/de\/wie-muss-ich-eine-anthurie-pflegen\/\">diesem Artikel<\/a>\u00a0erfahren Sie, wie Sie die Anthurie pflegen.<\/p>\n","protected":false},"excerpt":{"rendered":"<p class=\"excerpt\">Wollte schon immer wissen, wie lange ein Anthurium bl\u00fcht oder wie viele Arten es gibt. Hier finden Sie eine \u00dcbersicht von H\u00e4ufig gestellte Fragen &amp; Antwort.\u00a0<\/p>\n","protected":false},"author":1,"featured_media":1900,"parent":0,"menu_order":5,"comment_status":"closed","ping_status":"closed","template":"","meta":{"_acf_changed":false,"footnotes":""},"class_list":["post-353","page","type-page","status-publish","has-post-thumbnail","hentry"],"acf":[],"yoast_head":"<!-- This site is optimized with the Yoast SEO plugin v26.7 - https:\/\/yoast.com\/wordpress\/plugins\/seo\/ -->\n<title>FAQ - Anthurium Deutsch<\/title>\n<meta name=\"description\" content=\"Wollte schon immer wissen, wie lange ein Anthurium bl\u00fcht oder wie viele Arten es gibt. Hier finden Sie eine \u00dcbersicht von H\u00e4ufig gestellte Fragen &amp; Antwort.\" \/>\n<meta name=\"robots\" content=\"index, follow, max-snippet:-1, max-image-preview:large, max-video-preview:-1\" \/>\n<link rel=\"canonical\" href=\"http:\/\/anthuriuminfo.com\/de\/faq\/\" \/>\n<meta property=\"og:locale\" content=\"de_DE\" \/>\n<meta property=\"og:type\" content=\"article\" \/>\n<meta property=\"og:title\" content=\"FAQ - Anthurium Deutsch\" \/>\n<meta property=\"og:description\" content=\"Wollte schon immer wissen, wie lange ein Anthurium bl\u00fcht oder wie viele Arten es gibt. Hier finden Sie eine \u00dcbersicht von H\u00e4ufig gestellte Fragen &amp; Antwort.\" \/>\n<meta property=\"og:url\" content=\"http:\/\/anthuriuminfo.com\/de\/faq\/\" \/>\n<meta property=\"og:site_name\" content=\"Anthurium Deutsch\" \/>\n<meta property=\"article:publisher\" content=\"https:\/\/www.facebook.com\/AnthurieInfo\/\" \/>\n<meta property=\"article:modified_time\" content=\"2019-03-13T17:04:06+00:00\" \/>\n<meta property=\"og:image\" content=\"http:\/\/anthuriuminfo.com\/de\/wp-content\/uploads\/sites\/2\/2017\/02\/member_impression_00001636_large.jpg\" \/>\n\t<meta property=\"og:image:width\" content=\"1200\" \/>\n\t<meta property=\"og:image:height\" content=\"800\" \/>\n\t<meta property=\"og:image:type\" content=\"image\/jpeg\" \/>\n<meta name=\"twitter:card\" content=\"summary_large_image\" \/>\n<meta name=\"twitter:site\" content=\"@Anthuriuminfo\" \/>\n<meta name=\"twitter:label1\" content=\"Gesch\u00e4tzte Lesezeit\" \/>\n\t<meta name=\"twitter:data1\" content=\"3\u00a0Minuten\" \/>\n<script type=\"application\/ld+json\" class=\"yoast-schema-graph\">{\"@context\":\"https:\/\/schema.org\",\"@graph\":[{\"@type\":\"WebPage\",\"@id\":\"http:\/\/anthuriuminfo.com\/de\/faq\/\",\"url\":\"http:\/\/anthuriuminfo.com\/de\/faq\/\",\"name\":\"FAQ - Anthurium Deutsch\",\"isPartOf\":{\"@id\":\"http:\/\/anthuriuminfo.com\/de\/#website\"},\"primaryImageOfPage\":{\"@id\":\"http:\/\/anthuriuminfo.com\/de\/faq\/#primaryimage\"},\"image\":{\"@id\":\"http:\/\/anthuriuminfo.com\/de\/faq\/#primaryimage\"},\"thumbnailUrl\":\"https:\/\/anthuriuminfo.com\/de\/wp-content\/uploads\/sites\/2\/2017\/02\/member_impression_00001636_large.jpg\",\"datePublished\":\"2017-02-22T15:52:21+00:00\",\"dateModified\":\"2019-03-13T17:04:06+00:00\",\"description\":\"Wollte schon immer wissen, wie lange ein Anthurium bl\u00fcht oder wie viele Arten es gibt. Hier finden Sie eine \u00dcbersicht von H\u00e4ufig gestellte Fragen & Antwort.\",\"breadcrumb\":{\"@id\":\"http:\/\/anthuriuminfo.com\/de\/faq\/#breadcrumb\"},\"inLanguage\":\"de\",\"potentialAction\":[{\"@type\":\"ReadAction\",\"target\":[\"http:\/\/anthuriuminfo.com\/de\/faq\/\"]}]},{\"@type\":\"ImageObject\",\"inLanguage\":\"de\",\"@id\":\"http:\/\/anthuriuminfo.com\/de\/faq\/#primaryimage\",\"url\":\"https:\/\/anthuriuminfo.com\/de\/wp-content\/uploads\/sites\/2\/2017\/02\/member_impression_00001636_large.jpg\",\"contentUrl\":\"https:\/\/anthuriuminfo.com\/de\/wp-content\/uploads\/sites\/2\/2017\/02\/member_impression_00001636_large.jpg\",\"width\":1200,\"height\":800},{\"@type\":\"BreadcrumbList\",\"@id\":\"http:\/\/anthuriuminfo.com\/de\/faq\/#breadcrumb\",\"itemListElement\":[{\"@type\":\"ListItem\",\"position\":1,\"name\":\"Home\",\"item\":\"http:\/\/anthuriuminfo.com\/de\/\"},{\"@type\":\"ListItem\",\"position\":2,\"name\":\"FAQ\"}]},{\"@type\":\"WebSite\",\"@id\":\"http:\/\/anthuriuminfo.com\/de\/#website\",\"url\":\"http:\/\/anthuriuminfo.com\/de\/\",\"name\":\"Anthurium Deutsch\",\"description\":\"Alles \u00fcber Anthurium Topfpflanzen und Schnittblumen\",\"publisher\":{\"@id\":\"http:\/\/anthuriuminfo.com\/de\/#organization\"},\"potentialAction\":[{\"@type\":\"SearchAction\",\"target\":{\"@type\":\"EntryPoint\",\"urlTemplate\":\"http:\/\/anthuriuminfo.com\/de\/?s={search_term_string}\"},\"query-input\":{\"@type\":\"PropertyValueSpecification\",\"valueRequired\":true,\"valueName\":\"search_term_string\"}}],\"inLanguage\":\"de\"},{\"@type\":\"Organization\",\"@id\":\"http:\/\/anthuriuminfo.com\/de\/#organization\",\"name\":\"Anthurium Info\",\"url\":\"http:\/\/anthuriuminfo.com\/de\/\",\"logo\":{\"@type\":\"ImageObject\",\"inLanguage\":\"de\",\"@id\":\"http:\/\/anthuriuminfo.com\/de\/#\/schema\/logo\/image\/\",\"url\":\"http:\/\/anthuriuminfo.com\/de\/wp-content\/uploads\/sites\/2\/2017\/03\/anthurium-favicon.png\",\"contentUrl\":\"http:\/\/anthuriuminfo.com\/de\/wp-content\/uploads\/sites\/2\/2017\/03\/anthurium-favicon.png\",\"width\":512,\"height\":512,\"caption\":\"Anthurium Info\"},\"image\":{\"@id\":\"http:\/\/anthuriuminfo.com\/de\/#\/schema\/logo\/image\/\"},\"sameAs\":[\"https:\/\/www.facebook.com\/AnthurieInfo\/\",\"https:\/\/x.com\/Anthuriuminfo\",\"https:\/\/www.instagram.com\/anthuriuminfo\/\",\"https:\/\/www.youtube.com\/user\/Anthuriuminfo\"]}]}<\/script>\n<!-- \/ Yoast SEO plugin. -->","yoast_head_json":{"title":"FAQ - Anthurium Deutsch","description":"Wollte schon immer wissen, wie lange ein Anthurium bl\u00fcht oder wie viele Arten es gibt. Hier finden Sie eine \u00dcbersicht von H\u00e4ufig gestellte Fragen & Antwort.","robots":{"index":"index","follow":"follow","max-snippet":"max-snippet:-1","max-image-preview":"max-image-preview:large","max-video-preview":"max-video-preview:-1"},"canonical":"http:\/\/anthuriuminfo.com\/de\/faq\/","og_locale":"de_DE","og_type":"article","og_title":"FAQ - Anthurium Deutsch","og_description":"Wollte schon immer wissen, wie lange ein Anthurium bl\u00fcht oder wie viele Arten es gibt. Hier finden Sie eine \u00dcbersicht von H\u00e4ufig gestellte Fragen & Antwort.","og_url":"http:\/\/anthuriuminfo.com\/de\/faq\/","og_site_name":"Anthurium Deutsch","article_publisher":"https:\/\/www.facebook.com\/AnthurieInfo\/","article_modified_time":"2019-03-13T17:04:06+00:00","og_image":[{"width":1200,"height":800,"url":"http:\/\/anthuriuminfo.com\/de\/wp-content\/uploads\/sites\/2\/2017\/02\/member_impression_00001636_large.jpg","type":"image\/jpeg"}],"twitter_card":"summary_large_image","twitter_site":"@Anthuriuminfo","twitter_misc":{"Gesch\u00e4tzte Lesezeit":"3\u00a0Minuten"},"schema":{"@context":"https:\/\/schema.org","@graph":[{"@type":"WebPage","@id":"http:\/\/anthuriuminfo.com\/de\/faq\/","url":"http:\/\/anthuriuminfo.com\/de\/faq\/","name":"FAQ - Anthurium Deutsch","isPartOf":{"@id":"http:\/\/anthuriuminfo.com\/de\/#website"},"primaryImageOfPage":{"@id":"http:\/\/anthuriuminfo.com\/de\/faq\/#primaryimage"},"image":{"@id":"http:\/\/anthuriuminfo.com\/de\/faq\/#primaryimage"},"thumbnailUrl":"https:\/\/anthuriuminfo.com\/de\/wp-content\/uploads\/sites\/2\/2017\/02\/member_impression_00001636_large.jpg","datePublished":"2017-02-22T15:52:21+00:00","dateModified":"2019-03-13T17:04:06+00:00","description":"Wollte schon immer wissen, wie lange ein Anthurium bl\u00fcht oder wie viele Arten es gibt. Hier finden Sie eine \u00dcbersicht von H\u00e4ufig gestellte Fragen & Antwort.","breadcrumb":{"@id":"http:\/\/anthuriuminfo.com\/de\/faq\/#breadcrumb"},"inLanguage":"de","potentialAction":[{"@type":"ReadAction","target":["http:\/\/anthuriuminfo.com\/de\/faq\/"]}]},{"@type":"ImageObject","inLanguage":"de","@id":"http:\/\/anthuriuminfo.com\/de\/faq\/#primaryimage","url":"https:\/\/anthuriuminfo.com\/de\/wp-content\/uploads\/sites\/2\/2017\/02\/member_impression_00001636_large.jpg","contentUrl":"https:\/\/anthuriuminfo.com\/de\/wp-content\/uploads\/sites\/2\/2017\/02\/member_impression_00001636_large.jpg","width":1200,"height":800},{"@type":"BreadcrumbList","@id":"http:\/\/anthuriuminfo.com\/de\/faq\/#breadcrumb","itemListElement":[{"@type":"ListItem","position":1,"name":"Home","item":"http:\/\/anthuriuminfo.com\/de\/"},{"@type":"ListItem","position":2,"name":"FAQ"}]},{"@type":"WebSite","@id":"http:\/\/anthuriuminfo.com\/de\/#website","url":"http:\/\/anthuriuminfo.com\/de\/","name":"Anthurium Deutsch","description":"Alles \u00fcber Anthurium Topfpflanzen und Schnittblumen","publisher":{"@id":"http:\/\/anthuriuminfo.com\/de\/#organization"},"potentialAction":[{"@type":"SearchAction","target":{"@type":"EntryPoint","urlTemplate":"http:\/\/anthuriuminfo.com\/de\/?s={search_term_string}"},"query-input":{"@type":"PropertyValueSpecification","valueRequired":true,"valueName":"search_term_string"}}],"inLanguage":"de"},{"@type":"Organization","@id":"http:\/\/anthuriuminfo.com\/de\/#organization","name":"Anthurium Info","url":"http:\/\/anthuriuminfo.com\/de\/","logo":{"@type":"ImageObject","inLanguage":"de","@id":"http:\/\/anthuriuminfo.com\/de\/#\/schema\/logo\/image\/","url":"http:\/\/anthuriuminfo.com\/de\/wp-content\/uploads\/sites\/2\/2017\/03\/anthurium-favicon.png","contentUrl":"http:\/\/anthuriuminfo.com\/de\/wp-content\/uploads\/sites\/2\/2017\/03\/anthurium-favicon.png","width":512,"height":512,"caption":"Anthurium Info"},"image":{"@id":"http:\/\/anthuriuminfo.com\/de\/#\/schema\/logo\/image\/"},"sameAs":["https:\/\/www.facebook.com\/AnthurieInfo\/","https:\/\/x.com\/Anthuriuminfo","https:\/\/www.instagram.com\/anthuriuminfo\/","https:\/\/www.youtube.com\/user\/Anthuriuminfo"]}]}},"_links":{"self":[{"href":"https:\/\/anthuriuminfo.com\/de\/wp-json\/wp\/v2\/pages\/353","targetHints":{"allow":["GET"]}}],"collection":[{"href":"https:\/\/anthuriuminfo.com\/de\/wp-json\/wp\/v2\/pages"}],"about":[{"href":"https:\/\/anthuriuminfo.com\/de\/wp-json\/wp\/v2\/types\/page"}],"author":[{"embeddable":true,"href":"https:\/\/anthuriuminfo.com\/de\/wp-json\/wp\/v2\/users\/1"}],"replies":[{"embeddable":true,"href":"https:\/\/anthuriuminfo.com\/de\/wp-json\/wp\/v2\/comments?post=353"}],"version-history":[{"count":3,"href":"https:\/\/anthuriuminfo.com\/de\/wp-json\/wp\/v2\/pages\/353\/revisions"}],"predecessor-version":[{"id":2180,"href":"https:\/\/anthuriuminfo.com\/de\/wp-json\/wp\/v2\/pages\/353\/revisions\/2180"}],"wp:featuredmedia":[{"embeddable":true,"href":"https:\/\/anthuriuminfo.com\/de\/wp-json\/wp\/v2\/media\/1900"}],"wp:attachment":[{"href":"https:\/\/anthuriuminfo.com\/de\/wp-json\/wp\/v2\/media?parent=353"}],"curies":[{"name":"wp","href":"https:\/\/api.w.org\/{rel}","templated":true}]}}