{"id":4878,"date":"2025-10-07T09:21:29","date_gmt":"2025-10-07T07:21:29","guid":{"rendered":"https:\/\/anthuriuminfo.com\/de\/?page_id=4878"},"modified":"2025-10-07T09:44:32","modified_gmt":"2025-10-07T07:44:32","slug":"anthurie-mehr-als-nur-eine-pflanze","status":"publish","type":"page","link":"https:\/\/anthuriuminfo.com\/de\/anthurie-mehr-als-nur-eine-pflanze\/","title":{"rendered":"Anthurie: Mehr als nur eine Pflanze"},"content":{"rendered":"<p>Die Anthurie ist nicht nur irgendeine Pflanze. Kr\u00e4ftig, stilvoll und immer bl\u00fchend. Mit ihren herzf\u00f6rmigen Bl\u00fcten und ihrer gro\u00dfen Farbvielfalt bringt sie Gl\u00fcck, Gesundheit, Farbe und noch viel mehr in Ihr Zuhause. Entdecken Sie, warum die Anthurie mehr als nur eine Pflanze ist.<\/p>\n<p><!--more--><\/p>\n<h2>Anthurie: Mehr als nur eine Pflanze<\/h2>\n<h3>Gl\u00fcck<\/h3>\n<p>Die Anthurie ist bekannt f\u00fcr ihre herzf\u00f6rmigen Bl\u00fcten und lebendigen Farben. Sie ist nicht nur einfach eine Pflanze, sondern ein wahrer \u201eStimmungsbringer\u201c, der W\u00e4rme, Liebe und Positivit\u00e4t ausstrahlt. Erfreuen Sie sich an ihr im Wohnzimmer, auf dem Esstisch und schenken Sie sie einer Person, die Ihnen lieb und teuer ist. Anthurien im Raum sorgen f\u00fcr eine fr\u00f6hliche und optimistische Atmosph\u00e4re \u2013 eine t\u00e4gliche Dosis Gl\u00fcck, einfach so in einem Blumentopf.<\/p>\n<p><img loading=\"lazy\" decoding=\"async\" class=\"aligncenter wp-image-4880 size-large\" src=\"http:\/\/anthuriuminfo.com\/de\/wp-content\/uploads\/sites\/2\/2025\/10\/geluk-3-1066x1600.jpeg\" alt=\"mehr als nur eine Pflanze\" width=\"1066\" height=\"1600\" srcset=\"https:\/\/anthuriuminfo.com\/de\/wp-content\/uploads\/sites\/2\/2025\/10\/geluk-3-1066x1600.jpeg 1066w, https:\/\/anthuriuminfo.com\/de\/wp-content\/uploads\/sites\/2\/2025\/10\/geluk-3-533x800.jpeg 533w, https:\/\/anthuriuminfo.com\/de\/wp-content\/uploads\/sites\/2\/2025\/10\/geluk-3-768x1152.jpeg 768w, https:\/\/anthuriuminfo.com\/de\/wp-content\/uploads\/sites\/2\/2025\/10\/geluk-3-1024x1536.jpeg 1024w, https:\/\/anthuriuminfo.com\/de\/wp-content\/uploads\/sites\/2\/2025\/10\/geluk-3.jpeg 1333w\" sizes=\"auto, (max-width: 1066px) 100vw, 1066px\" \/><\/p>\n<h3>Pflegeleicht<\/h3>\n<p>Keinen gr\u00fcnen Daumen? Kein Problem! Die Anthurie ist \u00fcberraschend pflegeleicht! Die robuste Pflanze bl\u00fcht monatelang mit nur minimaler Pflege. Deshalb ist die Anthurie die ideale Pflanze f\u00fcr all diejenigen, die sich zu Hause an Blumen und Farbenpracht erfreuen m\u00f6chten, aber nicht viel Zeit f\u00fcr eine aufwendige Pflanzenpflege haben. Die Anthurie kombiniert Sch\u00f6nheit mit wenig Aufwand.<\/p>\n<h5>M\u00f6chten Sie wissen, wie Sie die Anthurie am besten pflegen? Wir haben f\u00fcr Sie eine praktische \u00dcbersicht mit allen Pflegetipps zusammengestellt.<\/h5>\n<a class=\"maxbutton-1 maxbutton maxbutton-pflegetipps\" target=\"_blank\" title=\"Zum \u00d6ffnen klicken\" rel=\"noopener\" href=\"http:\/\/anthuriuminfo.com\/de\/wp-content\/uploads\/sites\/2\/2025\/10\/Anthurium_verzorging_DE.pdf\"><span class='mb-text'>Pflegetipps downloaden<\/span><\/a>\n<p><img loading=\"lazy\" decoding=\"async\" class=\"size-large wp-image-4881 aligncenter\" src=\"http:\/\/anthuriuminfo.com\/de\/wp-content\/uploads\/sites\/2\/2025\/10\/gemak-6-1600x1067.jpeg\" alt=\"\" width=\"1600\" height=\"1067\" srcset=\"https:\/\/anthuriuminfo.com\/de\/wp-content\/uploads\/sites\/2\/2025\/10\/gemak-6-1600x1067.jpeg 1600w, https:\/\/anthuriuminfo.com\/de\/wp-content\/uploads\/sites\/2\/2025\/10\/gemak-6-800x533.jpeg 800w, https:\/\/anthuriuminfo.com\/de\/wp-content\/uploads\/sites\/2\/2025\/10\/gemak-6-768x512.jpeg 768w, https:\/\/anthuriuminfo.com\/de\/wp-content\/uploads\/sites\/2\/2025\/10\/gemak-6-1536x1024.jpeg 1536w, https:\/\/anthuriuminfo.com\/de\/wp-content\/uploads\/sites\/2\/2025\/10\/gemak-6-2048x1365.jpeg 2048w\" sizes=\"auto, (max-width: 1600px) 100vw, 1600px\" \/><\/p>\n<h3>Gesundheit<\/h3>\n<p>Die Anthurie f\u00f6rdert ein gesundes Raumklima. Pflanzen reinigen n\u00e4mlich die Luft und reduzieren die CO\u2082-Konzentration und fl\u00fcchtige organische Substanzen. Aber wie machen sie das eigentlich? \u00dcber ihre Bl\u00e4tter nehmen Pflanzen Schadstoffe aus der Luft auf. Diese Stoffe werden in der Pflanze oder in ihrem Wurzelsystem gespeichert und abgebaut. Zudem geben luftreinigende Pflanzen wie die Anthurie Wasserdampf an die Luft ab, was die Luftfeuchtigkeit verbessert. Auf diese Weise bleibt die Luft in Ihren Arbeits- und Wohnr\u00e4umen frisch und gesund.<\/p>\n<p>Pflanzen haben in Innenr\u00e4umen, ob zu Hause oder am Arbeitsplatz, einen nachweislich positiven Einfluss auf Gesundheit und psychisches Wohlbefinden. Sie erh\u00f6hen das Konzentrationsverm\u00f6gen, helfen, Stress zu reduzieren und verbessern sogar die Arbeitsproduktivit\u00e4t. Anthurien sorgen also nicht nur f\u00fcr Farbe im Interieur, sondern auch f\u00fcr mehr Balance, Energie und Wohlbefinden in Ihrem Alltag.<\/p>\n<h5>M\u00f6chten Sie mehr \u00fcber die luftreinigenden Eigenschaften und die lange Bl\u00fctezeit von Anthurien wissen? Mehr Informationen dazu finden Sie auf\u00a0<a href=\"https:\/\/www.breatheandbloom.info\/\" target=\"_blank\" rel=\"noopener\">breatheandbloom.info<\/a>.<\/h5>\n<p><img loading=\"lazy\" decoding=\"async\" class=\"size-large wp-image-4882 aligncenter\" src=\"http:\/\/anthuriuminfo.com\/de\/wp-content\/uploads\/sites\/2\/2025\/10\/gezondheid-12-1600x1067.jpeg\" alt=\"\" width=\"1600\" height=\"1067\" srcset=\"https:\/\/anthuriuminfo.com\/de\/wp-content\/uploads\/sites\/2\/2025\/10\/gezondheid-12-1600x1067.jpeg 1600w, https:\/\/anthuriuminfo.com\/de\/wp-content\/uploads\/sites\/2\/2025\/10\/gezondheid-12-800x533.jpeg 800w, https:\/\/anthuriuminfo.com\/de\/wp-content\/uploads\/sites\/2\/2025\/10\/gezondheid-12-768x512.jpeg 768w, https:\/\/anthuriuminfo.com\/de\/wp-content\/uploads\/sites\/2\/2025\/10\/gezondheid-12-1536x1024.jpeg 1536w, https:\/\/anthuriuminfo.com\/de\/wp-content\/uploads\/sites\/2\/2025\/10\/gezondheid-12-2048x1365.jpeg 2048w\" sizes=\"auto, (max-width: 1600px) 100vw, 1600px\" \/><\/p>\n<h3>Farbe<\/h3>\n<p>Anthurien sind in unz\u00e4hligen Farben und Formen erh\u00e4ltlich. Von klassischem Rot und elegantem Wei\u00df bis zu fr\u00f6hlichem Rosa, dunklem Violett und sogar zweifarbigen Sorten. Dadurch passen sie in jedes Interieur, von klar und modern bis warm und farbenfroh. Ob Sie sich f\u00fcr eine einzelne Pflanze als Eyecatcher entscheiden oder f\u00fcr mehrere Pflanzen in unterschiedlichen Farben \u2013 die Anthurie sorgt immer f\u00fcr Atmosph\u00e4re und Ausstrahlung in Ihren R\u00e4umen. Durch ihre gro\u00dfe Farbpalette gibt es immer eine Anthurie, die zu Ihnen und Ihrem Interieur passt.<\/p>\n<p><img loading=\"lazy\" decoding=\"async\" class=\"size-large wp-image-4883 aligncenter\" src=\"http:\/\/anthuriuminfo.com\/de\/wp-content\/uploads\/sites\/2\/2025\/10\/kleur-4-1600x1067.jpeg\" alt=\"\" width=\"1600\" height=\"1067\" srcset=\"https:\/\/anthuriuminfo.com\/de\/wp-content\/uploads\/sites\/2\/2025\/10\/kleur-4-1600x1067.jpeg 1600w, https:\/\/anthuriuminfo.com\/de\/wp-content\/uploads\/sites\/2\/2025\/10\/kleur-4-800x533.jpeg 800w, https:\/\/anthuriuminfo.com\/de\/wp-content\/uploads\/sites\/2\/2025\/10\/kleur-4-768x512.jpeg 768w, https:\/\/anthuriuminfo.com\/de\/wp-content\/uploads\/sites\/2\/2025\/10\/kleur-4-1536x1024.jpeg 1536w, https:\/\/anthuriuminfo.com\/de\/wp-content\/uploads\/sites\/2\/2025\/10\/kleur-4-2048x1365.jpeg 2048w\" sizes=\"auto, (max-width: 1600px) 100vw, 1600px\" \/><\/p>\n<p>Mit ihr holen Sie sich mehr ins Haus als nur eine Pflanze: Sie sorgt f\u00fcr Atmosph\u00e4re, bl\u00fcht monatelang, hat einen positiven Einfluss auf die Gesundheit und erfreut durch ihre fr\u00f6hliche Farbenpracht. Entdecken Sie die Kraft dieser au\u00dfergew\u00f6hnlichen Pflanze.<\/p>\n","protected":false},"excerpt":{"rendered":"<p class=\"excerpt\">Die Anthurie ist nicht nur irgendeine Pflanze. Kr\u00e4ftig, stilvoll und immer bl\u00fchend. Mit ihren herzf\u00f6rmigen Bl\u00fcten und ihrer gro\u00dfen Farbvielfalt bringt sie Gl\u00fcck, Gesundheit, Farbe und noch viel mehr in Ihr Zuhause. Entdecken Sie, warum die Anthurie mehr als nur eine Pflanze ist.<\/p>\n","protected":false},"author":7,"featured_media":4879,"parent":0,"menu_order":0,"comment_status":"closed","ping_status":"closed","template":"","meta":{"_acf_changed":false,"footnotes":""},"class_list":["post-4878","page","type-page","status-publish","has-post-thumbnail","hentry"],"acf":[],"yoast_head":"<!-- This site is optimized with the Yoast SEO plugin v26.7 - https:\/\/yoast.com\/wordpress\/plugins\/seo\/ -->\n<title>Anthurie: Mehr als nur eine Pflanze<\/title>\n<meta name=\"description\" content=\"Die Anthurie ist nicht nur irgendeine Pflanze Sie bringt Gl\u00fcck, Gesundheit, Farbe und vieles mehr in Ihr Zuhause. Entdecken Sie, warum die Anthurie mehr als nur eine Pflanze ist.\" \/>\n<meta name=\"robots\" content=\"index, follow, max-snippet:-1, max-image-preview:large, max-video-preview:-1\" \/>\n<link rel=\"canonical\" href=\"https:\/\/anthuriuminfo.com\/de\/anthurie-mehr-als-nur-eine-pflanze\/\" \/>\n<meta property=\"og:locale\" content=\"de_DE\" \/>\n<meta property=\"og:type\" content=\"article\" \/>\n<meta property=\"og:title\" content=\"Anthurie: Mehr als nur eine Pflanze\" \/>\n<meta property=\"og:description\" content=\"Die Anthurie ist nicht nur irgendeine Pflanze Sie bringt Gl\u00fcck, Gesundheit, Farbe und vieles mehr in Ihr Zuhause. Entdecken Sie, warum die Anthurie mehr als nur eine Pflanze ist.\" \/>\n<meta property=\"og:url\" content=\"https:\/\/anthuriuminfo.com\/de\/anthurie-mehr-als-nur-eine-pflanze\/\" \/>\n<meta property=\"og:site_name\" content=\"Anthurium Deutsch\" \/>\n<meta property=\"article:publisher\" content=\"https:\/\/www.facebook.com\/AnthurieInfo\/\" \/>\n<meta property=\"article:modified_time\" content=\"2025-10-07T07:44:32+00:00\" \/>\n<meta property=\"og:image\" content=\"https:\/\/anthuriuminfo.com\/de\/wp-content\/uploads\/sites\/2\/2025\/10\/Campagnebeeld_DE-scaled.jpeg\" \/>\n\t<meta property=\"og:image:width\" content=\"2560\" \/>\n\t<meta property=\"og:image:height\" content=\"1440\" \/>\n\t<meta property=\"og:image:type\" content=\"image\/jpeg\" \/>\n<meta name=\"twitter:card\" content=\"summary_large_image\" \/>\n<meta name=\"twitter:site\" content=\"@Anthuriuminfo\" \/>\n<meta name=\"twitter:label1\" content=\"Gesch\u00e4tzte Lesezeit\" \/>\n\t<meta name=\"twitter:data1\" content=\"3\u00a0Minuten\" \/>\n<script type=\"application\/ld+json\" class=\"yoast-schema-graph\">{\"@context\":\"https:\/\/schema.org\",\"@graph\":[{\"@type\":\"WebPage\",\"@id\":\"https:\/\/anthuriuminfo.com\/de\/anthurie-mehr-als-nur-eine-pflanze\/\",\"url\":\"https:\/\/anthuriuminfo.com\/de\/anthurie-mehr-als-nur-eine-pflanze\/\",\"name\":\"Anthurie: Mehr als nur eine Pflanze\",\"isPartOf\":{\"@id\":\"http:\/\/anthuriuminfo.com\/de\/#website\"},\"primaryImageOfPage\":{\"@id\":\"https:\/\/anthuriuminfo.com\/de\/anthurie-mehr-als-nur-eine-pflanze\/#primaryimage\"},\"image\":{\"@id\":\"https:\/\/anthuriuminfo.com\/de\/anthurie-mehr-als-nur-eine-pflanze\/#primaryimage\"},\"thumbnailUrl\":\"https:\/\/anthuriuminfo.com\/de\/wp-content\/uploads\/sites\/2\/2025\/10\/Campagnebeeld_DE-scaled.jpeg\",\"datePublished\":\"2025-10-07T07:21:29+00:00\",\"dateModified\":\"2025-10-07T07:44:32+00:00\",\"description\":\"Die Anthurie ist nicht nur irgendeine Pflanze Sie bringt Gl\u00fcck, Gesundheit, Farbe und vieles mehr in Ihr Zuhause. Entdecken Sie, warum die Anthurie mehr als nur eine Pflanze ist.\",\"breadcrumb\":{\"@id\":\"https:\/\/anthuriuminfo.com\/de\/anthurie-mehr-als-nur-eine-pflanze\/#breadcrumb\"},\"inLanguage\":\"de\",\"potentialAction\":[{\"@type\":\"ReadAction\",\"target\":[\"https:\/\/anthuriuminfo.com\/de\/anthurie-mehr-als-nur-eine-pflanze\/\"]}]},{\"@type\":\"ImageObject\",\"inLanguage\":\"de\",\"@id\":\"https:\/\/anthuriuminfo.com\/de\/anthurie-mehr-als-nur-eine-pflanze\/#primaryimage\",\"url\":\"https:\/\/anthuriuminfo.com\/de\/wp-content\/uploads\/sites\/2\/2025\/10\/Campagnebeeld_DE-scaled.jpeg\",\"contentUrl\":\"https:\/\/anthuriuminfo.com\/de\/wp-content\/uploads\/sites\/2\/2025\/10\/Campagnebeeld_DE-scaled.jpeg\",\"width\":\"2560\",\"height\":\"1440\"},{\"@type\":\"BreadcrumbList\",\"@id\":\"https:\/\/anthuriuminfo.com\/de\/anthurie-mehr-als-nur-eine-pflanze\/#breadcrumb\",\"itemListElement\":[{\"@type\":\"ListItem\",\"position\":1,\"name\":\"Home\",\"item\":\"http:\/\/anthuriuminfo.com\/de\/\"},{\"@type\":\"ListItem\",\"position\":2,\"name\":\"Anthurie: Mehr als nur eine Pflanze\"}]},{\"@type\":\"WebSite\",\"@id\":\"http:\/\/anthuriuminfo.com\/de\/#website\",\"url\":\"http:\/\/anthuriuminfo.com\/de\/\",\"name\":\"Anthurium Deutsch\",\"description\":\"Alles \u00fcber Anthurium Topfpflanzen und Schnittblumen\",\"publisher\":{\"@id\":\"http:\/\/anthuriuminfo.com\/de\/#organization\"},\"potentialAction\":[{\"@type\":\"SearchAction\",\"target\":{\"@type\":\"EntryPoint\",\"urlTemplate\":\"http:\/\/anthuriuminfo.com\/de\/?s={search_term_string}\"},\"query-input\":{\"@type\":\"PropertyValueSpecification\",\"valueRequired\":true,\"valueName\":\"search_term_string\"}}],\"inLanguage\":\"de\"},{\"@type\":\"Organization\",\"@id\":\"http:\/\/anthuriuminfo.com\/de\/#organization\",\"name\":\"Anthurium Info\",\"url\":\"http:\/\/anthuriuminfo.com\/de\/\",\"logo\":{\"@type\":\"ImageObject\",\"inLanguage\":\"de\",\"@id\":\"http:\/\/anthuriuminfo.com\/de\/#\/schema\/logo\/image\/\",\"url\":\"http:\/\/anthuriuminfo.com\/de\/wp-content\/uploads\/sites\/2\/2017\/03\/anthurium-favicon.png\",\"contentUrl\":\"http:\/\/anthuriuminfo.com\/de\/wp-content\/uploads\/sites\/2\/2017\/03\/anthurium-favicon.png\",\"width\":512,\"height\":512,\"caption\":\"Anthurium Info\"},\"image\":{\"@id\":\"http:\/\/anthuriuminfo.com\/de\/#\/schema\/logo\/image\/\"},\"sameAs\":[\"https:\/\/www.facebook.com\/AnthurieInfo\/\",\"https:\/\/x.com\/Anthuriuminfo\",\"https:\/\/www.instagram.com\/anthuriuminfo\/\",\"https:\/\/www.youtube.com\/user\/Anthuriuminfo\"]}]}<\/script>\n<!-- \/ Yoast SEO plugin. -->","yoast_head_json":{"title":"Anthurie: Mehr als nur eine Pflanze","description":"Die Anthurie ist nicht nur irgendeine Pflanze Sie bringt Gl\u00fcck, Gesundheit, Farbe und vieles mehr in Ihr Zuhause. Entdecken Sie, warum die Anthurie mehr als nur eine Pflanze ist.","robots":{"index":"index","follow":"follow","max-snippet":"max-snippet:-1","max-image-preview":"max-image-preview:large","max-video-preview":"max-video-preview:-1"},"canonical":"https:\/\/anthuriuminfo.com\/de\/anthurie-mehr-als-nur-eine-pflanze\/","og_locale":"de_DE","og_type":"article","og_title":"Anthurie: Mehr als nur eine Pflanze","og_description":"Die Anthurie ist nicht nur irgendeine Pflanze Sie bringt Gl\u00fcck, Gesundheit, Farbe und vieles mehr in Ihr Zuhause. Entdecken Sie, warum die Anthurie mehr als nur eine Pflanze ist.","og_url":"https:\/\/anthuriuminfo.com\/de\/anthurie-mehr-als-nur-eine-pflanze\/","og_site_name":"Anthurium Deutsch","article_publisher":"https:\/\/www.facebook.com\/AnthurieInfo\/","article_modified_time":"2025-10-07T07:44:32+00:00","og_image":[{"width":2560,"height":1440,"url":"https:\/\/anthuriuminfo.com\/de\/wp-content\/uploads\/sites\/2\/2025\/10\/Campagnebeeld_DE-scaled.jpeg","type":"image\/jpeg"}],"twitter_card":"summary_large_image","twitter_site":"@Anthuriuminfo","twitter_misc":{"Gesch\u00e4tzte Lesezeit":"3\u00a0Minuten"},"schema":{"@context":"https:\/\/schema.org","@graph":[{"@type":"WebPage","@id":"https:\/\/anthuriuminfo.com\/de\/anthurie-mehr-als-nur-eine-pflanze\/","url":"https:\/\/anthuriuminfo.com\/de\/anthurie-mehr-als-nur-eine-pflanze\/","name":"Anthurie: Mehr als nur eine Pflanze","isPartOf":{"@id":"http:\/\/anthuriuminfo.com\/de\/#website"},"primaryImageOfPage":{"@id":"https:\/\/anthuriuminfo.com\/de\/anthurie-mehr-als-nur-eine-pflanze\/#primaryimage"},"image":{"@id":"https:\/\/anthuriuminfo.com\/de\/anthurie-mehr-als-nur-eine-pflanze\/#primaryimage"},"thumbnailUrl":"https:\/\/anthuriuminfo.com\/de\/wp-content\/uploads\/sites\/2\/2025\/10\/Campagnebeeld_DE-scaled.jpeg","datePublished":"2025-10-07T07:21:29+00:00","dateModified":"2025-10-07T07:44:32+00:00","description":"Die Anthurie ist nicht nur irgendeine Pflanze Sie bringt Gl\u00fcck, Gesundheit, Farbe und vieles mehr in Ihr Zuhause. Entdecken Sie, warum die Anthurie mehr als nur eine Pflanze ist.","breadcrumb":{"@id":"https:\/\/anthuriuminfo.com\/de\/anthurie-mehr-als-nur-eine-pflanze\/#breadcrumb"},"inLanguage":"de","potentialAction":[{"@type":"ReadAction","target":["https:\/\/anthuriuminfo.com\/de\/anthurie-mehr-als-nur-eine-pflanze\/"]}]},{"@type":"ImageObject","inLanguage":"de","@id":"https:\/\/anthuriuminfo.com\/de\/anthurie-mehr-als-nur-eine-pflanze\/#primaryimage","url":"https:\/\/anthuriuminfo.com\/de\/wp-content\/uploads\/sites\/2\/2025\/10\/Campagnebeeld_DE-scaled.jpeg","contentUrl":"https:\/\/anthuriuminfo.com\/de\/wp-content\/uploads\/sites\/2\/2025\/10\/Campagnebeeld_DE-scaled.jpeg","width":"2560","height":"1440"},{"@type":"BreadcrumbList","@id":"https:\/\/anthuriuminfo.com\/de\/anthurie-mehr-als-nur-eine-pflanze\/#breadcrumb","itemListElement":[{"@type":"ListItem","position":1,"name":"Home","item":"http:\/\/anthuriuminfo.com\/de\/"},{"@type":"ListItem","position":2,"name":"Anthurie: Mehr als nur eine Pflanze"}]},{"@type":"WebSite","@id":"http:\/\/anthuriuminfo.com\/de\/#website","url":"http:\/\/anthuriuminfo.com\/de\/","name":"Anthurium Deutsch","description":"Alles \u00fcber Anthurium Topfpflanzen und Schnittblumen","publisher":{"@id":"http:\/\/anthuriuminfo.com\/de\/#organization"},"potentialAction":[{"@type":"SearchAction","target":{"@type":"EntryPoint","urlTemplate":"http:\/\/anthuriuminfo.com\/de\/?s={search_term_string}"},"query-input":{"@type":"PropertyValueSpecification","valueRequired":true,"valueName":"search_term_string"}}],"inLanguage":"de"},{"@type":"Organization","@id":"http:\/\/anthuriuminfo.com\/de\/#organization","name":"Anthurium Info","url":"http:\/\/anthuriuminfo.com\/de\/","logo":{"@type":"ImageObject","inLanguage":"de","@id":"http:\/\/anthuriuminfo.com\/de\/#\/schema\/logo\/image\/","url":"http:\/\/anthuriuminfo.com\/de\/wp-content\/uploads\/sites\/2\/2017\/03\/anthurium-favicon.png","contentUrl":"http:\/\/anthuriuminfo.com\/de\/wp-content\/uploads\/sites\/2\/2017\/03\/anthurium-favicon.png","width":512,"height":512,"caption":"Anthurium Info"},"image":{"@id":"http:\/\/anthuriuminfo.com\/de\/#\/schema\/logo\/image\/"},"sameAs":["https:\/\/www.facebook.com\/AnthurieInfo\/","https:\/\/x.com\/Anthuriuminfo","https:\/\/www.instagram.com\/anthuriuminfo\/","https:\/\/www.youtube.com\/user\/Anthuriuminfo"]}]}},"_links":{"self":[{"href":"https:\/\/anthuriuminfo.com\/de\/wp-json\/wp\/v2\/pages\/4878","targetHints":{"allow":["GET"]}}],"collection":[{"href":"https:\/\/anthuriuminfo.com\/de\/wp-json\/wp\/v2\/pages"}],"about":[{"href":"https:\/\/anthuriuminfo.com\/de\/wp-json\/wp\/v2\/types\/page"}],"author":[{"embeddable":true,"href":"https:\/\/anthuriuminfo.com\/de\/wp-json\/wp\/v2\/users\/7"}],"replies":[{"embeddable":true,"href":"https:\/\/anthuriuminfo.com\/de\/wp-json\/wp\/v2\/comments?post=4878"}],"version-history":[{"count":3,"href":"https:\/\/anthuriuminfo.com\/de\/wp-json\/wp\/v2\/pages\/4878\/revisions"}],"predecessor-version":[{"id":4887,"href":"https:\/\/anthuriuminfo.com\/de\/wp-json\/wp\/v2\/pages\/4878\/revisions\/4887"}],"wp:featuredmedia":[{"embeddable":true,"href":"https:\/\/anthuriuminfo.com\/de\/wp-json\/wp\/v2\/media\/4879"}],"wp:attachment":[{"href":"https:\/\/anthuriuminfo.com\/de\/wp-json\/wp\/v2\/media?parent=4878"}],"curies":[{"name":"wp","href":"https:\/\/api.w.org\/{rel}","templated":true}]}}