{"id":896,"date":"2017-02-20T21:18:33","date_gmt":"2017-02-20T20:18:33","guid":{"rendered":"http:\/\/doingz.com\/sites\/anthurium\/?page_id=2"},"modified":"2017-04-12T11:21:53","modified_gmt":"2017-04-12T09:21:53","slug":"uber-anthurien","status":"publish","type":"page","link":"https:\/\/anthuriuminfo.com\/de\/uber-anthurien\/","title":{"rendered":"\u00dcber Anthurien"},"content":{"rendered":"<h3>Der Name sagt es bereits<\/h3>\n<p>Der Gattungsname Anthurium bezieht sich auf die griechischen W\u00f6rter \u201eAnthos\u201c und \u201eOura\u201c. Die w\u00f6rtliche \u00dcbersetzung lautet \u201eBl\u00fctenschwanz\u201c. Der Name trifft zu, wegen seines Bl\u00fctenstands. Die Pflanze besteht aus einem Deckblatt und dem Kolben, an dem sich die Bl\u00fcten befinden. Durch diesen Bl\u00fctenstand geh\u00f6rt die Anthurie zum Geschlecht der Aronstabgew\u00e4chse (Araceae).<\/p>\n<h3>Ein Weltreisender mit tropischen Wurzeln<\/h3>\n<p>Die Anthurie ist Kolumbien st\u00e4rker verbunden als Griechenland. Ihre exotische Erscheinung verr\u00e4t es bereits: die Anthurie stammt aus den Regenw\u00e4ldern Kolumbiens. Der \u00f6sterreichische Arzt und Botaniker Dr. Karl von Scherzer fiel die Ehre zu, die erste Variation der Anthurie zu finden. Kaum \u00fcberraschend nannte der Botaniker diese Art nach sich selber, n\u00e4mlich Anthurium Scherzerianum.<\/p>\n<p>Eduard Francois Andre entdeckte die zweite Variation 1876 w\u00e4hrend einer Expedition durch die Anden in Ecuador und Kolumbien. Auch er nannte diese Art nach sich selbst, n\u00e4mlich Anthurium Andreanum.<\/p>\n<h3>Mehr als eine Variation<\/h3>\n<p>Nach dieser Geschichtsstunde blicken wir vorw\u00e4rts in die Zukunft. Die erste Variation, die gefunden wurde , Anthurium Scherzerianum, ist immer noch die bekannteste Anthurienart. Diese Variation wird auch Flamingoblume genannt. Sie erraten es wahrscheinlich bereits: diese Variation ist in leuchtend rosa erh\u00e4ltlich. Zus\u00e4tzlich ist sie auch noch in anderen leuchtenden Farben wie Orange und Lila erh\u00e4ltlich.<\/p>\n<p>Die zweite Art, die Anthurium Andreanum, ist auch unter dem niederl\u00e4ndischen Namen Lakanthurium bekannt. Diese Art \u00e4hnelt der Flamingoblume. Einen Niederl\u00e4nder wird es kaum \u00fcberraschen, dass die Lakhanthurium im Gegensatz zur Flamingoblume einen fast kunststoff- bzw. lackartigen Glanz hat.<\/p>\n<p>Die Lakanthurium l\u00e4sst sich des Weiteren durch den Bl\u00fctenstand von der Flamingoblume unterscheiden. Bei der Flamingoblume besteht die Bl\u00fcte aus einem runden oder ovalen Deckblatt mit einem d\u00fcnnen gebogenen Bl\u00fctenkolben. Die Lakanthurium hat dahingegen einen dicken, geraden Spadix. Diese Art ist geeignetes Geschenk f\u00fcr den Partner, da das Deckblatt die deutliche Form eines Herzens hat.<\/p>\n<h3>Sch\u00f6n und gesund!<\/h3>\n<p>Anthurien sind nicht nur sch\u00f6n, sie schaffen zudem auch noch f\u00fcr eine ges\u00fcndere Umwelt. Die Pflanzen reinigen die Luft von giftigen Stoffen wie Benzol, Formaldehyd und Ammoniak. Sie sondern Substanzen ab, die Schimmelpilze und Viren t\u00f6ten, wodurch wir weniger oft krank werden. Aber das ist noch nicht alles! Anthurien bieten auch eine Zunahme des Konzentrations- und Lernverm\u00f6gens, da die Pflanzen Kohlendioxid in Sauerstoff umwandeln. \u201eLast but not least\u201c wird auch die Luftfeuchtigkeit erh\u00f6ht. Dadurch leidet man weniger unter trockener Haut, Augen und Lippen.<\/p>\n<h3>Einfach ein Allesk\u00f6nner<\/h3>\n<p>Anthurien sind in verschiedenen Gr\u00f6\u00dfen und Ausf\u00fchrungen erh\u00e4ltlich. Von Topfpflanzen bis zu Schnittblumen in gro\u00df- und kleinbl\u00fchenden Variationen. Auch die Bl\u00fctenformen variieren: von herz- \u00fcber tulpen- und bandf\u00f6rmig.<\/p>\n<p>Und das ist noch nicht alles \u2013 um die Auswahl noch weiter zu erschweren, gibt es zus\u00e4tzlich auch noch eine gro\u00dfe Farbpalette. Sie haben die Auswahl aus Rosa, Orange, Lila, Gelb, Lachs, Braun und sogar Schwarz. Um es noch bunter zu treiben, steht Ihnen ebenfalls eine Variation mit mehrfarbigen Bl\u00fcten zur Verf\u00fcgung.<br \/>\nInzwischen haben Sie sich bestimmt begeistern lassen und m\u00f6chten so schnell wie m\u00f6glich Ihr Haus mit Anthurien schm\u00fccken. Gl\u00fccklicherweise gibt es Anthurien das ganze Jahr \u00fcber. Sie sind in Gartencentern, bei Superm\u00e4rkten, Blumengesch\u00e4ften und Floristen erh\u00e4ltlich.<\/p>\n","protected":false},"excerpt":{"rendered":"<p class=\"excerpt\">Der Name sagt es bereits Der Gattungsname Anthurium bezieht sich auf die griechischen W\u00f6rter \u201eAnthos\u201c und \u201eOura\u201c. Die w\u00f6rtliche \u00dcbersetzung lautet \u201eBl\u00fctenschwanz\u201c. Der Name trifft zu, wegen seines Bl\u00fctenstands. Die Pflanze besteht aus einem Deckblatt und dem Kolben, an dem sich die Bl\u00fcten befinden. Durch diesen Bl\u00fctenstand geh\u00f6rt die Anthurie zum Geschlecht der Aronstabgew\u00e4chse (Araceae). [&hellip;]<\/p>\n","protected":false},"author":1,"featured_media":0,"parent":0,"menu_order":4,"comment_status":"closed","ping_status":"closed","template":"","meta":{"_acf_changed":false,"footnotes":""},"class_list":["post-896","page","type-page","status-publish","hentry"],"acf":[],"yoast_head":"<!-- This site is optimized with the Yoast SEO plugin v26.7 - https:\/\/yoast.com\/wordpress\/plugins\/seo\/ -->\n<title>\u00dcber Anthurien - Anthurium Deutsch<\/title>\n<meta name=\"robots\" content=\"index, follow, max-snippet:-1, max-image-preview:large, max-video-preview:-1\" \/>\n<link rel=\"canonical\" href=\"https:\/\/anthuriuminfo.com\/de\/uber-anthurien\/\" \/>\n<meta property=\"og:locale\" content=\"de_DE\" \/>\n<meta property=\"og:type\" content=\"article\" \/>\n<meta property=\"og:title\" content=\"\u00dcber Anthurien - Anthurium Deutsch\" \/>\n<meta property=\"og:description\" content=\"Der Name sagt es bereits Der Gattungsname Anthurium bezieht sich auf die griechischen W\u00f6rter \u201eAnthos\u201c und \u201eOura\u201c. Die w\u00f6rtliche \u00dcbersetzung lautet \u201eBl\u00fctenschwanz\u201c. Der Name trifft zu, wegen seines Bl\u00fctenstands. Die Pflanze besteht aus einem Deckblatt und dem Kolben, an dem sich die Bl\u00fcten befinden. Durch diesen Bl\u00fctenstand geh\u00f6rt die Anthurie zum Geschlecht der Aronstabgew\u00e4chse (Araceae). [&hellip;]\" \/>\n<meta property=\"og:url\" content=\"https:\/\/anthuriuminfo.com\/de\/uber-anthurien\/\" \/>\n<meta property=\"og:site_name\" content=\"Anthurium Deutsch\" \/>\n<meta property=\"article:publisher\" content=\"https:\/\/www.facebook.com\/AnthurieInfo\/\" \/>\n<meta property=\"article:modified_time\" content=\"2017-04-12T09:21:53+00:00\" \/>\n<meta name=\"twitter:card\" content=\"summary_large_image\" \/>\n<meta name=\"twitter:site\" content=\"@Anthuriuminfo\" \/>\n<meta name=\"twitter:label1\" content=\"Gesch\u00e4tzte Lesezeit\" \/>\n\t<meta name=\"twitter:data1\" content=\"3\u00a0Minuten\" \/>\n<script type=\"application\/ld+json\" class=\"yoast-schema-graph\">{\"@context\":\"https:\/\/schema.org\",\"@graph\":[{\"@type\":\"WebPage\",\"@id\":\"https:\/\/anthuriuminfo.com\/de\/uber-anthurien\/\",\"url\":\"https:\/\/anthuriuminfo.com\/de\/uber-anthurien\/\",\"name\":\"\u00dcber Anthurien - Anthurium Deutsch\",\"isPartOf\":{\"@id\":\"http:\/\/anthuriuminfo.com\/de\/#website\"},\"datePublished\":\"2017-02-20T20:18:33+00:00\",\"dateModified\":\"2017-04-12T09:21:53+00:00\",\"breadcrumb\":{\"@id\":\"https:\/\/anthuriuminfo.com\/de\/uber-anthurien\/#breadcrumb\"},\"inLanguage\":\"de\",\"potentialAction\":[{\"@type\":\"ReadAction\",\"target\":[\"https:\/\/anthuriuminfo.com\/de\/uber-anthurien\/\"]}]},{\"@type\":\"BreadcrumbList\",\"@id\":\"https:\/\/anthuriuminfo.com\/de\/uber-anthurien\/#breadcrumb\",\"itemListElement\":[{\"@type\":\"ListItem\",\"position\":1,\"name\":\"Home\",\"item\":\"http:\/\/anthuriuminfo.com\/de\/\"},{\"@type\":\"ListItem\",\"position\":2,\"name\":\"\u00dcber Anthurien\"}]},{\"@type\":\"WebSite\",\"@id\":\"http:\/\/anthuriuminfo.com\/de\/#website\",\"url\":\"http:\/\/anthuriuminfo.com\/de\/\",\"name\":\"Anthurium Deutsch\",\"description\":\"Alles \u00fcber Anthurium Topfpflanzen und Schnittblumen\",\"publisher\":{\"@id\":\"http:\/\/anthuriuminfo.com\/de\/#organization\"},\"potentialAction\":[{\"@type\":\"SearchAction\",\"target\":{\"@type\":\"EntryPoint\",\"urlTemplate\":\"http:\/\/anthuriuminfo.com\/de\/?s={search_term_string}\"},\"query-input\":{\"@type\":\"PropertyValueSpecification\",\"valueRequired\":true,\"valueName\":\"search_term_string\"}}],\"inLanguage\":\"de\"},{\"@type\":\"Organization\",\"@id\":\"http:\/\/anthuriuminfo.com\/de\/#organization\",\"name\":\"Anthurium Info\",\"url\":\"http:\/\/anthuriuminfo.com\/de\/\",\"logo\":{\"@type\":\"ImageObject\",\"inLanguage\":\"de\",\"@id\":\"http:\/\/anthuriuminfo.com\/de\/#\/schema\/logo\/image\/\",\"url\":\"http:\/\/anthuriuminfo.com\/de\/wp-content\/uploads\/sites\/2\/2017\/03\/anthurium-favicon.png\",\"contentUrl\":\"http:\/\/anthuriuminfo.com\/de\/wp-content\/uploads\/sites\/2\/2017\/03\/anthurium-favicon.png\",\"width\":512,\"height\":512,\"caption\":\"Anthurium Info\"},\"image\":{\"@id\":\"http:\/\/anthuriuminfo.com\/de\/#\/schema\/logo\/image\/\"},\"sameAs\":[\"https:\/\/www.facebook.com\/AnthurieInfo\/\",\"https:\/\/x.com\/Anthuriuminfo\",\"https:\/\/www.instagram.com\/anthuriuminfo\/\",\"https:\/\/www.youtube.com\/user\/Anthuriuminfo\"]}]}<\/script>\n<!-- \/ Yoast SEO plugin. -->","yoast_head_json":{"title":"\u00dcber Anthurien - Anthurium Deutsch","robots":{"index":"index","follow":"follow","max-snippet":"max-snippet:-1","max-image-preview":"max-image-preview:large","max-video-preview":"max-video-preview:-1"},"canonical":"https:\/\/anthuriuminfo.com\/de\/uber-anthurien\/","og_locale":"de_DE","og_type":"article","og_title":"\u00dcber Anthurien - Anthurium Deutsch","og_description":"Der Name sagt es bereits Der Gattungsname Anthurium bezieht sich auf die griechischen W\u00f6rter \u201eAnthos\u201c und \u201eOura\u201c. Die w\u00f6rtliche \u00dcbersetzung lautet \u201eBl\u00fctenschwanz\u201c. Der Name trifft zu, wegen seines Bl\u00fctenstands. Die Pflanze besteht aus einem Deckblatt und dem Kolben, an dem sich die Bl\u00fcten befinden. Durch diesen Bl\u00fctenstand geh\u00f6rt die Anthurie zum Geschlecht der Aronstabgew\u00e4chse (Araceae). [&hellip;]","og_url":"https:\/\/anthuriuminfo.com\/de\/uber-anthurien\/","og_site_name":"Anthurium Deutsch","article_publisher":"https:\/\/www.facebook.com\/AnthurieInfo\/","article_modified_time":"2017-04-12T09:21:53+00:00","twitter_card":"summary_large_image","twitter_site":"@Anthuriuminfo","twitter_misc":{"Gesch\u00e4tzte Lesezeit":"3\u00a0Minuten"},"schema":{"@context":"https:\/\/schema.org","@graph":[{"@type":"WebPage","@id":"https:\/\/anthuriuminfo.com\/de\/uber-anthurien\/","url":"https:\/\/anthuriuminfo.com\/de\/uber-anthurien\/","name":"\u00dcber Anthurien - Anthurium Deutsch","isPartOf":{"@id":"http:\/\/anthuriuminfo.com\/de\/#website"},"datePublished":"2017-02-20T20:18:33+00:00","dateModified":"2017-04-12T09:21:53+00:00","breadcrumb":{"@id":"https:\/\/anthuriuminfo.com\/de\/uber-anthurien\/#breadcrumb"},"inLanguage":"de","potentialAction":[{"@type":"ReadAction","target":["https:\/\/anthuriuminfo.com\/de\/uber-anthurien\/"]}]},{"@type":"BreadcrumbList","@id":"https:\/\/anthuriuminfo.com\/de\/uber-anthurien\/#breadcrumb","itemListElement":[{"@type":"ListItem","position":1,"name":"Home","item":"http:\/\/anthuriuminfo.com\/de\/"},{"@type":"ListItem","position":2,"name":"\u00dcber Anthurien"}]},{"@type":"WebSite","@id":"http:\/\/anthuriuminfo.com\/de\/#website","url":"http:\/\/anthuriuminfo.com\/de\/","name":"Anthurium Deutsch","description":"Alles \u00fcber Anthurium Topfpflanzen und Schnittblumen","publisher":{"@id":"http:\/\/anthuriuminfo.com\/de\/#organization"},"potentialAction":[{"@type":"SearchAction","target":{"@type":"EntryPoint","urlTemplate":"http:\/\/anthuriuminfo.com\/de\/?s={search_term_string}"},"query-input":{"@type":"PropertyValueSpecification","valueRequired":true,"valueName":"search_term_string"}}],"inLanguage":"de"},{"@type":"Organization","@id":"http:\/\/anthuriuminfo.com\/de\/#organization","name":"Anthurium Info","url":"http:\/\/anthuriuminfo.com\/de\/","logo":{"@type":"ImageObject","inLanguage":"de","@id":"http:\/\/anthuriuminfo.com\/de\/#\/schema\/logo\/image\/","url":"http:\/\/anthuriuminfo.com\/de\/wp-content\/uploads\/sites\/2\/2017\/03\/anthurium-favicon.png","contentUrl":"http:\/\/anthuriuminfo.com\/de\/wp-content\/uploads\/sites\/2\/2017\/03\/anthurium-favicon.png","width":512,"height":512,"caption":"Anthurium Info"},"image":{"@id":"http:\/\/anthuriuminfo.com\/de\/#\/schema\/logo\/image\/"},"sameAs":["https:\/\/www.facebook.com\/AnthurieInfo\/","https:\/\/x.com\/Anthuriuminfo","https:\/\/www.instagram.com\/anthuriuminfo\/","https:\/\/www.youtube.com\/user\/Anthuriuminfo"]}]}},"_links":{"self":[{"href":"https:\/\/anthuriuminfo.com\/de\/wp-json\/wp\/v2\/pages\/896","targetHints":{"allow":["GET"]}}],"collection":[{"href":"https:\/\/anthuriuminfo.com\/de\/wp-json\/wp\/v2\/pages"}],"about":[{"href":"https:\/\/anthuriuminfo.com\/de\/wp-json\/wp\/v2\/types\/page"}],"author":[{"embeddable":true,"href":"https:\/\/anthuriuminfo.com\/de\/wp-json\/wp\/v2\/users\/1"}],"replies":[{"embeddable":true,"href":"https:\/\/anthuriuminfo.com\/de\/wp-json\/wp\/v2\/comments?post=896"}],"version-history":[{"count":4,"href":"https:\/\/anthuriuminfo.com\/de\/wp-json\/wp\/v2\/pages\/896\/revisions"}],"predecessor-version":[{"id":1203,"href":"https:\/\/anthuriuminfo.com\/de\/wp-json\/wp\/v2\/pages\/896\/revisions\/1203"}],"wp:attachment":[{"href":"https:\/\/anthuriuminfo.com\/de\/wp-json\/wp\/v2\/media?parent=896"}],"curies":[{"name":"wp","href":"https:\/\/api.w.org\/{rel}","templated":true}]}}