{"id":353,"date":"2017-02-22T15:52:21","date_gmt":"2017-02-22T15:52:21","guid":{"rendered":"http:\/\/doingz.com\/sites\/anthurium\/?page_id=353"},"modified":"2019-10-21T14:54:53","modified_gmt":"2019-10-21T12:54:53","slug":"faq","status":"publish","type":"page","link":"https:\/\/anthuriuminfo.com\/fr\/faq\/","title":{"rendered":"Foire aux Questions"},"content":{"rendered":"<p><span lang=\"FR\">Vous avez toujours voulu savoir combien de temps un anthurium fleurit ou combien d&#8217;esp\u00e8ces il en existe ? Vous trouverez ici quelques r\u00e9ponses \u00e0 vos questions.<img loading=\"lazy\" decoding=\"async\" src=\"data:image\/gif;base64,R0lGODlhAQABAIAAAAAAAP\/\/\/yH5BAEAAAAALAAAAAABAAEAAAIBRAA7\" alt=\"\/var\/folders\/gv\/7v9gvnvd37z3pmbs9chzqd480000gn\/T\/com.microsoft.Word\/WebArchiveCopyPasteTempFiles\/yH5BAEAAAAALAAAAAABAAEAAAIBRAA7\" width=\"1\" height=\"1\" \/><\/span><br \/>\n<!--more--><\/p>\n<h3><span lang=\"FR\">Quelle est la dur\u00e9e de floraison d&#8217;un anthurium ?<\/span><\/h3>\n<p><span lang=\"FR\">L&#8217;anthurium peut fleurir toute l&#8217;ann\u00e9e, mais habituellement sa floraison dure environ trois mois. Apr\u00e8s cette p\u00e9riode il entame un nouveau cycle. En hiver, la plante produit g\u00e9n\u00e9ralement un peu moins de fleurs, mais quand le soleil se montre plus souvent, l&#8217;anthurium sort de sa phase d\u2019hibernation et red\u00e9marre. Un peu comme nous en fait.<\/span><\/p>\n<h3><span lang=\"FR\">Combien d&#8217;esp\u00e8ces d&#8217;anthuriums existe-t-il ?<\/span><\/h3>\n<p><span lang=\"FR\">Il existe plus de 200 types d&#8217;anthuriums diff\u00e9rents. Vous avez une vari\u00e9t\u00e9 ou un coloris pr\u00e9f\u00e9r\u00e9, mais vous ne le trouvez pas chez votre fleuriste ? N&#8217;h\u00e9sitez pas \u00e0 le lui demander. La plupart des fleuristes ont acc\u00e8s \u00e0 toutes les vari\u00e9t\u00e9s et tailles d\u2019anthuriums et ils n&#8217;auront aucun probl\u00e8me \u00e0 le commander pour vous.<\/span><\/p>\n<h3><span lang=\"FR\">Comment entretenir un anthurium ?<\/span><\/h3>\n<p><span lang=\"FR\">L&#8217;anthurium n&#8217;a besoin de pratiquement aucun entretien.\u00a0 Il se satisfait de la temp\u00e9rature ambiante et de quelques gouttes d&#8217;eau une \u00e0 deux fois par semaine. Mettez-le dans un endroit clair, mais pas en plein soleil afin de mettre toutes les avantages de son c\u00f4t\u00e9.<\/span><\/p>\n<h3><span lang=\"FR\">Peut-on placer un anthurium \u00e0 l&#8217;ext\u00e9rieur ?<\/span><\/h3>\n<p><span lang=\"FR\">C\u2019est envisageable si les conditions sont optimales. L\u2019anthurium est avant tout une plante tropicale, donc une temp\u00e9rature entre 20 et 22\u00a0\u00b0C est id\u00e9ale. L\u2019\u00e9t\u00e9, vous pouvez mettre votre anthurium dehors \u00e0 condition que ce soit \u00e0 l\u2019abri du vent et qu\u2019il ne fasse pas froid.<\/span><\/p>\n<h3><span lang=\"FR\">Les anthuriums sont-ils cultiv\u00e9s dans le respect de l&#8217;environnement ?<\/span><\/h3>\n<p><span lang=\"FR\">Absolument. Les anthuriums sont cultiv\u00e9s autant que faire se peut selon les normes du certificat MPS-A. Ce certificat indique dans quelle mesure l&#8217;entreprise est respectueuse de l&#8217;environnement. Les entreprises certifi\u00e9es MPS-A sont les plus respectueuses de l&#8217;environnement.<\/span><\/p>\n<h3><span lang=\"FR\">Que faire quand la plante a des feuilles jaunies ou marron ?<\/span><\/h3>\n<p><span lang=\"FR\">Cela signifie que votre anthurium ne se pla\u00eet pas vraiment. Habituellement, c&#8217;est un signe que ses racines sont trop humides ou qu&#8217;il y a trop de lumi\u00e8re directe du soleil. \u00c9loignez-le un peu de la fen\u00eatre et t\u00e2tez le terreau afin de voir s\u2019il est n\u00e9cessaire de l&#8217;arroser \u00e0 nouveau. Lorsque le terreau est encore humide, l&#8217;anthurium pourra se maintenir encore un certain temps mais s\u2019il est compl\u00e8tement sec, vous pouvez lui donner un peu d\u2019eau. Vous pouvez \u00e9galement \u00f4ter les fleurs fan\u00e9es.<\/span><\/p>\n<h3><span lang=\"FR\">Comment faire refleurir mon anthurium\u00a0?<\/span><\/h3>\n<p><span lang=\"FR\">Placez votre plante dans un endroit (plus) lumineux, donnez-lui de l&#8217;eau une fois par semaine maximum et \u00e9ventuellement un peu d\u2019engrais. Au d\u00e9but du printemps, pendant six semaines \u00e0 deux mois, limitez l\u2019apport d\u2019eau et arr\u00eatez l\u2019apport d\u2019engrais. Par contre, lorsqu\u2019il fait plus chaud et \u00e0 mesure que l\u2019ensoleillement augmente, arrosez plus et commencez l\u2019apport d\u2019engrais. L&#8217;anthurium produira ainsi rapidement de nouvelles fleurs. Vous verrez appara\u00eetre d\u2019abord une feuille et ensuite une nouvelle fleur.<\/span><\/p>\n<h3><span lang=\"FR\">Quand est-ce que les anthuriums sont disponibles ?<\/span><\/h3>\n<p><span lang=\"FR\">Tout au long de l&#8217;ann\u00e9e, vous trouverez des anthuriums dans les jardineries, chez les fleuristes et souvent aussi dans les supermarch\u00e9s.<\/span><\/p>\n<h3><span lang=\"FR\">Puis-je manger les fleurs et les plantes ?<\/span><\/h3>\n<p><span lang=\"FR\">Non, l&#8217;anthurium n&#8217;est pas comestible.\u00a0 Si cela devait se produire accidentellement, il n&#8217;y a pas de danger pour l&#8217;homme, mais il est pr\u00e9f\u00e9rable de contacter votre m\u00e9decin.<\/span><\/p>\n<p><span lang=\"FR\">Vous voulez en savoir plus sur les anthuriums ?\u00a0<\/span><span lang=\"FR\"><a href=\"https:\/\/anthuriuminfo.com\/hoe-verzorg-ik-mijn-anthurium\/\">Lisez ici<\/a>\u00a0<\/span><span lang=\"FR\">tous les conseils d&#8217;entretien pour votre plante en pot et vos fleurs coup\u00e9es.<\/span><\/p>\n","protected":false},"excerpt":{"rendered":"<p class=\"excerpt\">Vous avez toujours voulu savoir combien de temps un anthurium fleurit ou combien d&#8217;esp\u00e8ces il en existe ? Vous trouverez ici quelques r\u00e9ponses \u00e0 vos questions.<\/p>\n","protected":false},"author":1,"featured_media":3726,"parent":0,"menu_order":5,"comment_status":"closed","ping_status":"closed","template":"","meta":{"_acf_changed":false,"footnotes":""},"class_list":["post-353","page","type-page","status-publish","has-post-thumbnail","hentry"],"acf":[],"yoast_head":"<!-- This site is optimized with the Yoast SEO plugin v26.7 - https:\/\/yoast.com\/wordpress\/plugins\/seo\/ -->\n<title>Foire aux Questions - Anthurium Fran\u00e7ais<\/title>\n<meta name=\"description\" content=\"Vous avez toujours voulu savoir combien de temps un anthurium fleurit ou combien d&#039;esp\u00e8ces il en existe ? Vous trouverez ici quelques r\u00e9ponses \u00e0 vos questions.\" \/>\n<meta name=\"robots\" content=\"index, follow, max-snippet:-1, max-image-preview:large, max-video-preview:-1\" \/>\n<link rel=\"canonical\" href=\"https:\/\/anthuriuminfo.com\/fr\/faq\/\" \/>\n<meta property=\"og:locale\" content=\"nl_NL\" \/>\n<meta property=\"og:type\" content=\"article\" \/>\n<meta property=\"og:title\" content=\"Foire aux Questions - Anthurium Fran\u00e7ais\" \/>\n<meta property=\"og:description\" content=\"Vous avez toujours voulu savoir combien de temps un anthurium fleurit ou combien d&#039;esp\u00e8ces il en existe ? Vous trouverez ici quelques r\u00e9ponses \u00e0 vos questions.\" \/>\n<meta property=\"og:url\" content=\"https:\/\/anthuriuminfo.com\/fr\/faq\/\" \/>\n<meta property=\"og:site_name\" content=\"Anthurium Fran\u00e7ais\" \/>\n<meta property=\"article:publisher\" content=\"https:\/\/www.facebook.com\/Anthurium.info\" \/>\n<meta property=\"article:modified_time\" content=\"2019-10-21T12:54:53+00:00\" \/>\n<meta property=\"og:image\" content=\"https:\/\/anthuriuminfo.com\/fr\/wp-content\/uploads\/sites\/4\/2018\/06\/romance-3-0-stijltrend-groene-trends-anthurium-planten-bloemen.jpg\" \/>\n\t<meta property=\"og:image:width\" content=\"1200\" \/>\n\t<meta property=\"og:image:height\" content=\"800\" \/>\n\t<meta property=\"og:image:type\" content=\"image\/jpeg\" \/>\n<meta name=\"twitter:card\" content=\"summary_large_image\" \/>\n<meta name=\"twitter:site\" content=\"@Anthuriuminfo\" \/>\n<meta name=\"twitter:label1\" content=\"Geschatte leestijd\" \/>\n\t<meta name=\"twitter:data1\" content=\"3 minuten\" \/>\n<script type=\"application\/ld+json\" class=\"yoast-schema-graph\">{\"@context\":\"https:\/\/schema.org\",\"@graph\":[{\"@type\":\"WebPage\",\"@id\":\"https:\/\/anthuriuminfo.com\/fr\/faq\/\",\"url\":\"https:\/\/anthuriuminfo.com\/fr\/faq\/\",\"name\":\"Foire aux Questions - Anthurium Fran\u00e7ais\",\"isPartOf\":{\"@id\":\"http:\/\/anthuriuminfo.com\/fr\/#website\"},\"primaryImageOfPage\":{\"@id\":\"https:\/\/anthuriuminfo.com\/fr\/faq\/#primaryimage\"},\"image\":{\"@id\":\"https:\/\/anthuriuminfo.com\/fr\/faq\/#primaryimage\"},\"thumbnailUrl\":\"https:\/\/anthuriuminfo.com\/fr\/wp-content\/uploads\/sites\/4\/2018\/06\/romance-3-0-stijltrend-groene-trends-anthurium-planten-bloemen.jpg\",\"datePublished\":\"2017-02-22T15:52:21+00:00\",\"dateModified\":\"2019-10-21T12:54:53+00:00\",\"description\":\"Vous avez toujours voulu savoir combien de temps un anthurium fleurit ou combien d'esp\u00e8ces il en existe ? Vous trouverez ici quelques r\u00e9ponses \u00e0 vos questions.\",\"breadcrumb\":{\"@id\":\"https:\/\/anthuriuminfo.com\/fr\/faq\/#breadcrumb\"},\"inLanguage\":\"nl-NL\",\"potentialAction\":[{\"@type\":\"ReadAction\",\"target\":[\"https:\/\/anthuriuminfo.com\/fr\/faq\/\"]}]},{\"@type\":\"ImageObject\",\"inLanguage\":\"nl-NL\",\"@id\":\"https:\/\/anthuriuminfo.com\/fr\/faq\/#primaryimage\",\"url\":\"https:\/\/anthuriuminfo.com\/fr\/wp-content\/uploads\/sites\/4\/2018\/06\/romance-3-0-stijltrend-groene-trends-anthurium-planten-bloemen.jpg\",\"contentUrl\":\"https:\/\/anthuriuminfo.com\/fr\/wp-content\/uploads\/sites\/4\/2018\/06\/romance-3-0-stijltrend-groene-trends-anthurium-planten-bloemen.jpg\",\"width\":1200,\"height\":800,\"caption\":\"Foto: Anthura\"},{\"@type\":\"BreadcrumbList\",\"@id\":\"https:\/\/anthuriuminfo.com\/fr\/faq\/#breadcrumb\",\"itemListElement\":[{\"@type\":\"ListItem\",\"position\":1,\"name\":\"Home\",\"item\":\"http:\/\/anthuriuminfo.com\/fr\/\"},{\"@type\":\"ListItem\",\"position\":2,\"name\":\"Foire aux Questions\"}]},{\"@type\":\"WebSite\",\"@id\":\"http:\/\/anthuriuminfo.com\/fr\/#website\",\"url\":\"http:\/\/anthuriuminfo.com\/fr\/\",\"name\":\"Anthurium Fran\u00e7ais\",\"description\":\"Tout sur les fleurs coup\u00e9es et les plantes en pot d&#039;Anthurium\",\"potentialAction\":[{\"@type\":\"SearchAction\",\"target\":{\"@type\":\"EntryPoint\",\"urlTemplate\":\"http:\/\/anthuriuminfo.com\/fr\/?s={search_term_string}\"},\"query-input\":{\"@type\":\"PropertyValueSpecification\",\"valueRequired\":true,\"valueName\":\"search_term_string\"}}],\"inLanguage\":\"nl-NL\"}]}<\/script>\n<!-- \/ Yoast SEO plugin. -->","yoast_head_json":{"title":"Foire aux Questions - Anthurium Fran\u00e7ais","description":"Vous avez toujours voulu savoir combien de temps un anthurium fleurit ou combien d'esp\u00e8ces il en existe ? Vous trouverez ici quelques r\u00e9ponses \u00e0 vos questions.","robots":{"index":"index","follow":"follow","max-snippet":"max-snippet:-1","max-image-preview":"max-image-preview:large","max-video-preview":"max-video-preview:-1"},"canonical":"https:\/\/anthuriuminfo.com\/fr\/faq\/","og_locale":"nl_NL","og_type":"article","og_title":"Foire aux Questions - Anthurium Fran\u00e7ais","og_description":"Vous avez toujours voulu savoir combien de temps un anthurium fleurit ou combien d'esp\u00e8ces il en existe ? Vous trouverez ici quelques r\u00e9ponses \u00e0 vos questions.","og_url":"https:\/\/anthuriuminfo.com\/fr\/faq\/","og_site_name":"Anthurium Fran\u00e7ais","article_publisher":"https:\/\/www.facebook.com\/Anthurium.info","article_modified_time":"2019-10-21T12:54:53+00:00","og_image":[{"width":1200,"height":800,"url":"https:\/\/anthuriuminfo.com\/fr\/wp-content\/uploads\/sites\/4\/2018\/06\/romance-3-0-stijltrend-groene-trends-anthurium-planten-bloemen.jpg","type":"image\/jpeg"}],"twitter_card":"summary_large_image","twitter_site":"@Anthuriuminfo","twitter_misc":{"Geschatte leestijd":"3 minuten"},"schema":{"@context":"https:\/\/schema.org","@graph":[{"@type":"WebPage","@id":"https:\/\/anthuriuminfo.com\/fr\/faq\/","url":"https:\/\/anthuriuminfo.com\/fr\/faq\/","name":"Foire aux Questions - Anthurium Fran\u00e7ais","isPartOf":{"@id":"http:\/\/anthuriuminfo.com\/fr\/#website"},"primaryImageOfPage":{"@id":"https:\/\/anthuriuminfo.com\/fr\/faq\/#primaryimage"},"image":{"@id":"https:\/\/anthuriuminfo.com\/fr\/faq\/#primaryimage"},"thumbnailUrl":"https:\/\/anthuriuminfo.com\/fr\/wp-content\/uploads\/sites\/4\/2018\/06\/romance-3-0-stijltrend-groene-trends-anthurium-planten-bloemen.jpg","datePublished":"2017-02-22T15:52:21+00:00","dateModified":"2019-10-21T12:54:53+00:00","description":"Vous avez toujours voulu savoir combien de temps un anthurium fleurit ou combien d'esp\u00e8ces il en existe ? Vous trouverez ici quelques r\u00e9ponses \u00e0 vos questions.","breadcrumb":{"@id":"https:\/\/anthuriuminfo.com\/fr\/faq\/#breadcrumb"},"inLanguage":"nl-NL","potentialAction":[{"@type":"ReadAction","target":["https:\/\/anthuriuminfo.com\/fr\/faq\/"]}]},{"@type":"ImageObject","inLanguage":"nl-NL","@id":"https:\/\/anthuriuminfo.com\/fr\/faq\/#primaryimage","url":"https:\/\/anthuriuminfo.com\/fr\/wp-content\/uploads\/sites\/4\/2018\/06\/romance-3-0-stijltrend-groene-trends-anthurium-planten-bloemen.jpg","contentUrl":"https:\/\/anthuriuminfo.com\/fr\/wp-content\/uploads\/sites\/4\/2018\/06\/romance-3-0-stijltrend-groene-trends-anthurium-planten-bloemen.jpg","width":1200,"height":800,"caption":"Foto: Anthura"},{"@type":"BreadcrumbList","@id":"https:\/\/anthuriuminfo.com\/fr\/faq\/#breadcrumb","itemListElement":[{"@type":"ListItem","position":1,"name":"Home","item":"http:\/\/anthuriuminfo.com\/fr\/"},{"@type":"ListItem","position":2,"name":"Foire aux Questions"}]},{"@type":"WebSite","@id":"http:\/\/anthuriuminfo.com\/fr\/#website","url":"http:\/\/anthuriuminfo.com\/fr\/","name":"Anthurium Fran\u00e7ais","description":"Tout sur les fleurs coup\u00e9es et les plantes en pot d&#039;Anthurium","potentialAction":[{"@type":"SearchAction","target":{"@type":"EntryPoint","urlTemplate":"http:\/\/anthuriuminfo.com\/fr\/?s={search_term_string}"},"query-input":{"@type":"PropertyValueSpecification","valueRequired":true,"valueName":"search_term_string"}}],"inLanguage":"nl-NL"}]}},"_links":{"self":[{"href":"https:\/\/anthuriuminfo.com\/fr\/wp-json\/wp\/v2\/pages\/353","targetHints":{"allow":["GET"]}}],"collection":[{"href":"https:\/\/anthuriuminfo.com\/fr\/wp-json\/wp\/v2\/pages"}],"about":[{"href":"https:\/\/anthuriuminfo.com\/fr\/wp-json\/wp\/v2\/types\/page"}],"author":[{"embeddable":true,"href":"https:\/\/anthuriuminfo.com\/fr\/wp-json\/wp\/v2\/users\/1"}],"replies":[{"embeddable":true,"href":"https:\/\/anthuriuminfo.com\/fr\/wp-json\/wp\/v2\/comments?post=353"}],"version-history":[{"count":2,"href":"https:\/\/anthuriuminfo.com\/fr\/wp-json\/wp\/v2\/pages\/353\/revisions"}],"predecessor-version":[{"id":5567,"href":"https:\/\/anthuriuminfo.com\/fr\/wp-json\/wp\/v2\/pages\/353\/revisions\/5567"}],"wp:featuredmedia":[{"embeddable":true,"href":"https:\/\/anthuriuminfo.com\/fr\/wp-json\/wp\/v2\/media\/3726"}],"wp:attachment":[{"href":"https:\/\/anthuriuminfo.com\/fr\/wp-json\/wp\/v2\/media?parent=353"}],"curies":[{"name":"wp","href":"https:\/\/api.w.org\/{rel}","templated":true}]}}