{"id":4741,"date":"2019-02-08T09:59:21","date_gmt":"2019-02-08T08:59:21","guid":{"rendered":"http:\/\/anthuriuminfo.com\/?page_id=4741"},"modified":"2019-07-11T15:57:52","modified_gmt":"2019-07-11T13:57:52","slug":"declaration-de-confidentialite","status":"publish","type":"page","link":"https:\/\/anthuriuminfo.com\/fr\/declaration-de-confidentialite\/","title":{"rendered":"D\u00e9claration de confidentialit\u00e9"},"content":{"rendered":"<p>Cette d\u00e9claration de confidentialit\u00e9 concerne le traitement des donn\u00e9es personnelles via www.anthuriuminfo.com. Ce site est g\u00e9r\u00e9 par Stichting Promotie Anthurium. Stichting Promotie Anthurium respecte votre vie priv\u00e9e. C&#8217;est pourquoi nous ne traitons que les donn\u00e9es dont nous avons besoin pour (am\u00e9liorer) nos informations et nous traitons avec soin les informations que nous avons recueillies \u00e0 votre sujet.<\/p>\n<h3>Utilisation de vos donn\u00e9es<\/h3>\n<p>Stichting Promotie Anthurium utilise vos donn\u00e9es \u00e0 des fins promotionnelles ou si vous indiquez que vous souhaitez recevoir notre newsletter. Lorsque vous nous envoyez un e-mail ou d&#8217;autres messages, il est possible que nous conservions vos donn\u00e9es personnelles. Nous ne communiquerons pas vos donn\u00e9es et\/ou informations \u00e0 des tiers, sauf si la loi nous y oblige.<\/p>\n<h3>Responsabilit\u00e9<\/h3>\n<p>Stichting Promotie Anthurium est responsable du traitement de vos donn\u00e9es personnelles conform\u00e9ment \u00e0 la loi RGPD.<\/p>\n<p>Nos coordonn\u00e9es sont les suivantes :<br \/>\nStichting Promotie Anthurium<br \/>\nHoeksekade 117<br \/>\n2661 JN Bergschenhoek \u2013 Pays-Bas<br \/>\n+31 (0)6 82583183<br \/>\n<a href=\"applewebdata:\/\/000C4E60-F415-4406-91A9-0667B996543E\/Mail%C3%A0:info@anthurium.info\">info@anthurium.info<\/a><\/p>\n<h3>Quelles donn\u00e9es recueillons-nous ?<\/h3>\n<p>Stichting Promotie Anthurium ne recueille en principe aucune donn\u00e9e personnelle, \u00e0 moins que vous ne nous les fournissiez via l&#8217;adresse e-mail sur ce site Internet, ou lorsque vous vous inscrivez \u00e0 notre newsletter.\u00a0 Dans les deux cas, nous ne recueillons que les donn\u00e9es personnelles suivantes :<\/p>\n<p>\u2022 Nom<br \/>\n\u2022 Organisme<br \/>\n\u2022 Adresse \u00e9lectronique<br \/>\n\u2022 Num\u00e9ro de t\u00e9l\u00e9phone (mobile)<\/p>\n<h3>Cookies<\/h3>\n<p>La Stichting Promotie Anthurium place des cookies sur les appareils des visiteurs du site.\u00a0 Nous le faisons dans le but de recueillir des informations sur les pages de notre site Internet visit\u00e9es par les utilisateurs, de garder une trace de la fr\u00e9quence \u00e0 laquelle les visiteurs visitent le site et de voir quelles sont les pages les plus performantes du site Internet. Nous conservons \u00e9galement une trace des informations partag\u00e9es par le navigateur. Vous pouvez choisir de d\u00e9sactiver les cookies. Pour ce faire, utilisez les fonctions de votre navigateur.<\/p>\n<h3>Google Analytics<\/h3>\n<p>Nous utilisons Google Analytics \u00e0 des fins d&#8217;analyse. Il s&#8217;agit du traitement anonyme des donn\u00e9es dans un environnement s\u00e9curis\u00e9 r\u00e9pondant aux exigences du RGPD. Dans ces cas, nous ne recueillons que les donn\u00e9es suivantes :<\/p>\n<p>\u2022 Informations concernant vos activit\u00e9s sur notre site Internet<br \/>\n\u2022 Navigateur Internet et type d&#8217;appareil<\/p>\n<h3>MailChimp<\/h3>\n<p>Nous utilisons MailChimp \u00e0 des fins de communication. Vous pouvez vous d\u00e9sabonner \u00e0 tout moment en cliquant sur le lien de la newsletter concern\u00e9e ou en utilisant l&#8217;adresse e-mail ou le num\u00e9ro de t\u00e9l\u00e9phone ci-dessous. Si vous avez des questions ou des r\u00e9clamations (objections) concernant cette d\u00e9claration de confidentialit\u00e9, veuillez envoyer un e-mail \u00e0 <a href=\"applewebdata:\/\/000C4E60-F415-4406-91A9-0667B996543E\/Mail%C3%A0:info@anthurium.info\">info@anthurium.info<\/a>\u00a0ou t\u00e9l\u00e9phoner au +31 (0)6 82583183.<\/p>\n<h3>Combien de temps mes donn\u00e9es personnelles seront-elles conserv\u00e9es ?<\/h3>\n<p>Les coordonn\u00e9es que nous obtenons lorsque vous vous abonnez \u00e0 notre newsletter sont conserv\u00e9es aussi longtemps qu&#8217;elles sont n\u00e9cessaires \u00e0 l&#8217;ex\u00e9cution du service. \u00c0 l&#8217;issue de cette relation de service, vos donn\u00e9es personnelles seront stock\u00e9es pendant un an maximum.<\/p>\n<h3>Modifications<\/h3>\n<p>La pr\u00e9sente d\u00e9claration de confidentialit\u00e9 peut faire l\u2019objet de modifications. La version la plus r\u00e9cente peut toujours \u00eatre consult\u00e9e sur notre site Internet<a href=\"http:\/\/www.anthuriuminfo.com\/\">www.anthuriuminfo.com<\/a>. Toutes les modifications que nous apporterons \u00e0 notre politique de confidentialit\u00e9 seront publi\u00e9es sur cette page.<\/p>\n","protected":false},"excerpt":{"rendered":"<p class=\"excerpt\">Cette d\u00e9claration de confidentialit\u00e9 concerne le traitement des donn\u00e9es personnelles via www.anthuriuminfo.com. Ce site est g\u00e9r\u00e9 par Stichting Promotie Anthurium. Stichting Promotie Anthurium respecte votre vie priv\u00e9e. C&#8217;est pourquoi nous ne traitons que les donn\u00e9es dont nous avons besoin pour (am\u00e9liorer) nos informations et nous traitons avec soin les informations que nous avons recueillies \u00e0 [&hellip;]<\/p>\n","protected":false},"author":1,"featured_media":0,"parent":0,"menu_order":0,"comment_status":"closed","ping_status":"closed","template":"","meta":{"_acf_changed":false,"footnotes":""},"class_list":["post-4741","page","type-page","status-publish","hentry"],"acf":[],"yoast_head":"<!-- This site is optimized with the Yoast SEO plugin v26.7 - https:\/\/yoast.com\/wordpress\/plugins\/seo\/ -->\n<title>D\u00e9claration de confidentialit\u00e9 - Anthurium Fran\u00e7ais<\/title>\n<meta name=\"robots\" content=\"index, follow, max-snippet:-1, max-image-preview:large, max-video-preview:-1\" \/>\n<link rel=\"canonical\" href=\"https:\/\/anthuriuminfo.com\/fr\/declaration-de-confidentialite\/\" \/>\n<meta property=\"og:locale\" content=\"nl_NL\" \/>\n<meta property=\"og:type\" content=\"article\" \/>\n<meta property=\"og:title\" content=\"D\u00e9claration de confidentialit\u00e9 - Anthurium Fran\u00e7ais\" \/>\n<meta property=\"og:description\" content=\"Cette d\u00e9claration de confidentialit\u00e9 concerne le traitement des donn\u00e9es personnelles via www.anthuriuminfo.com. Ce site est g\u00e9r\u00e9 par Stichting Promotie Anthurium. Stichting Promotie Anthurium respecte votre vie priv\u00e9e. C&#8217;est pourquoi nous ne traitons que les donn\u00e9es dont nous avons besoin pour (am\u00e9liorer) nos informations et nous traitons avec soin les informations que nous avons recueillies \u00e0 [&hellip;]\" \/>\n<meta property=\"og:url\" content=\"https:\/\/anthuriuminfo.com\/fr\/declaration-de-confidentialite\/\" \/>\n<meta property=\"og:site_name\" content=\"Anthurium Fran\u00e7ais\" \/>\n<meta property=\"article:publisher\" content=\"https:\/\/www.facebook.com\/Anthurium.info\" \/>\n<meta property=\"article:modified_time\" content=\"2019-07-11T13:57:52+00:00\" \/>\n<meta name=\"twitter:card\" content=\"summary_large_image\" \/>\n<meta name=\"twitter:site\" content=\"@Anthuriuminfo\" \/>\n<meta name=\"twitter:label1\" content=\"Geschatte leestijd\" \/>\n\t<meta name=\"twitter:data1\" content=\"3 minuten\" \/>\n<script type=\"application\/ld+json\" class=\"yoast-schema-graph\">{\"@context\":\"https:\/\/schema.org\",\"@graph\":[{\"@type\":\"WebPage\",\"@id\":\"https:\/\/anthuriuminfo.com\/fr\/declaration-de-confidentialite\/\",\"url\":\"https:\/\/anthuriuminfo.com\/fr\/declaration-de-confidentialite\/\",\"name\":\"D\u00e9claration de confidentialit\u00e9 - Anthurium Fran\u00e7ais\",\"isPartOf\":{\"@id\":\"http:\/\/anthuriuminfo.com\/fr\/#website\"},\"datePublished\":\"2019-02-08T08:59:21+00:00\",\"dateModified\":\"2019-07-11T13:57:52+00:00\",\"breadcrumb\":{\"@id\":\"https:\/\/anthuriuminfo.com\/fr\/declaration-de-confidentialite\/#breadcrumb\"},\"inLanguage\":\"nl-NL\",\"potentialAction\":[{\"@type\":\"ReadAction\",\"target\":[\"https:\/\/anthuriuminfo.com\/fr\/declaration-de-confidentialite\/\"]}]},{\"@type\":\"BreadcrumbList\",\"@id\":\"https:\/\/anthuriuminfo.com\/fr\/declaration-de-confidentialite\/#breadcrumb\",\"itemListElement\":[{\"@type\":\"ListItem\",\"position\":1,\"name\":\"Home\",\"item\":\"http:\/\/anthuriuminfo.com\/fr\/\"},{\"@type\":\"ListItem\",\"position\":2,\"name\":\"D\u00e9claration de confidentialit\u00e9\"}]},{\"@type\":\"WebSite\",\"@id\":\"http:\/\/anthuriuminfo.com\/fr\/#website\",\"url\":\"http:\/\/anthuriuminfo.com\/fr\/\",\"name\":\"Anthurium Fran\u00e7ais\",\"description\":\"Tout sur les fleurs coup\u00e9es et les plantes en pot d&#039;Anthurium\",\"potentialAction\":[{\"@type\":\"SearchAction\",\"target\":{\"@type\":\"EntryPoint\",\"urlTemplate\":\"http:\/\/anthuriuminfo.com\/fr\/?s={search_term_string}\"},\"query-input\":{\"@type\":\"PropertyValueSpecification\",\"valueRequired\":true,\"valueName\":\"search_term_string\"}}],\"inLanguage\":\"nl-NL\"}]}<\/script>\n<!-- \/ Yoast SEO plugin. -->","yoast_head_json":{"title":"D\u00e9claration de confidentialit\u00e9 - Anthurium Fran\u00e7ais","robots":{"index":"index","follow":"follow","max-snippet":"max-snippet:-1","max-image-preview":"max-image-preview:large","max-video-preview":"max-video-preview:-1"},"canonical":"https:\/\/anthuriuminfo.com\/fr\/declaration-de-confidentialite\/","og_locale":"nl_NL","og_type":"article","og_title":"D\u00e9claration de confidentialit\u00e9 - Anthurium Fran\u00e7ais","og_description":"Cette d\u00e9claration de confidentialit\u00e9 concerne le traitement des donn\u00e9es personnelles via www.anthuriuminfo.com. Ce site est g\u00e9r\u00e9 par Stichting Promotie Anthurium. Stichting Promotie Anthurium respecte votre vie priv\u00e9e. C&#8217;est pourquoi nous ne traitons que les donn\u00e9es dont nous avons besoin pour (am\u00e9liorer) nos informations et nous traitons avec soin les informations que nous avons recueillies \u00e0 [&hellip;]","og_url":"https:\/\/anthuriuminfo.com\/fr\/declaration-de-confidentialite\/","og_site_name":"Anthurium Fran\u00e7ais","article_publisher":"https:\/\/www.facebook.com\/Anthurium.info","article_modified_time":"2019-07-11T13:57:52+00:00","twitter_card":"summary_large_image","twitter_site":"@Anthuriuminfo","twitter_misc":{"Geschatte leestijd":"3 minuten"},"schema":{"@context":"https:\/\/schema.org","@graph":[{"@type":"WebPage","@id":"https:\/\/anthuriuminfo.com\/fr\/declaration-de-confidentialite\/","url":"https:\/\/anthuriuminfo.com\/fr\/declaration-de-confidentialite\/","name":"D\u00e9claration de confidentialit\u00e9 - Anthurium Fran\u00e7ais","isPartOf":{"@id":"http:\/\/anthuriuminfo.com\/fr\/#website"},"datePublished":"2019-02-08T08:59:21+00:00","dateModified":"2019-07-11T13:57:52+00:00","breadcrumb":{"@id":"https:\/\/anthuriuminfo.com\/fr\/declaration-de-confidentialite\/#breadcrumb"},"inLanguage":"nl-NL","potentialAction":[{"@type":"ReadAction","target":["https:\/\/anthuriuminfo.com\/fr\/declaration-de-confidentialite\/"]}]},{"@type":"BreadcrumbList","@id":"https:\/\/anthuriuminfo.com\/fr\/declaration-de-confidentialite\/#breadcrumb","itemListElement":[{"@type":"ListItem","position":1,"name":"Home","item":"http:\/\/anthuriuminfo.com\/fr\/"},{"@type":"ListItem","position":2,"name":"D\u00e9claration de confidentialit\u00e9"}]},{"@type":"WebSite","@id":"http:\/\/anthuriuminfo.com\/fr\/#website","url":"http:\/\/anthuriuminfo.com\/fr\/","name":"Anthurium Fran\u00e7ais","description":"Tout sur les fleurs coup\u00e9es et les plantes en pot d&#039;Anthurium","potentialAction":[{"@type":"SearchAction","target":{"@type":"EntryPoint","urlTemplate":"http:\/\/anthuriuminfo.com\/fr\/?s={search_term_string}"},"query-input":{"@type":"PropertyValueSpecification","valueRequired":true,"valueName":"search_term_string"}}],"inLanguage":"nl-NL"}]}},"_links":{"self":[{"href":"https:\/\/anthuriuminfo.com\/fr\/wp-json\/wp\/v2\/pages\/4741","targetHints":{"allow":["GET"]}}],"collection":[{"href":"https:\/\/anthuriuminfo.com\/fr\/wp-json\/wp\/v2\/pages"}],"about":[{"href":"https:\/\/anthuriuminfo.com\/fr\/wp-json\/wp\/v2\/types\/page"}],"author":[{"embeddable":true,"href":"https:\/\/anthuriuminfo.com\/fr\/wp-json\/wp\/v2\/users\/1"}],"replies":[{"embeddable":true,"href":"https:\/\/anthuriuminfo.com\/fr\/wp-json\/wp\/v2\/comments?post=4741"}],"version-history":[{"count":2,"href":"https:\/\/anthuriuminfo.com\/fr\/wp-json\/wp\/v2\/pages\/4741\/revisions"}],"predecessor-version":[{"id":5346,"href":"https:\/\/anthuriuminfo.com\/fr\/wp-json\/wp\/v2\/pages\/4741\/revisions\/5346"}],"wp:attachment":[{"href":"https:\/\/anthuriuminfo.com\/fr\/wp-json\/wp\/v2\/media?parent=4741"}],"curies":[{"name":"wp","href":"https:\/\/api.w.org\/{rel}","templated":true}]}}