{"id":4748,"date":"2019-02-08T10:39:32","date_gmt":"2019-02-08T09:39:32","guid":{"rendered":"http:\/\/anthuriuminfo.com\/?page_id=4748"},"modified":"2019-07-11T15:52:26","modified_gmt":"2019-07-11T13:52:26","slug":"clause-de-non-responsabilite","status":"publish","type":"page","link":"https:\/\/anthuriuminfo.com\/fr\/clause-de-non-responsabilite\/","title":{"rendered":"Clause de non-responsabilit\u00e9"},"content":{"rendered":"<p>Ce site est g\u00e9r\u00e9 par la Stichting Promotie Anthurium. Les conditions d&#8217;utilisation suivantes s&#8217;appliquent \u00e0 l&#8217;utilisation du site Internet <a href=\"http:\/\/www.anthuriuminfo.com\/\">www.anthuriuminfo.com<\/a>. En utilisant ce site Internet, vous \u00eates cens\u00e9 avoir lu et accept\u00e9 les conditions d&#8217;utilisation.<\/p>\n<h3>Utilisation des informations<\/h3>\n<p>La Stichting Promotie Anthurium s&#8217;efforce toujours de fournir, sur ce site Internet, des informations exactes et actuelles. Bien que ces informations aient \u00e9t\u00e9 compil\u00e9es avec le plus grand soin, la Stichting Promotie Anthurium n\u2019en garantit pas l&#8217;exhaustivit\u00e9, l&#8217;exactitude ou la mise \u00e0 jour.\u00a0 Si les informations fournies sur le site Internet pr\u00e9sentent des lacunes, la Stichting Promotie Anthurium s&#8217;efforcera de les corriger dans les plus brefs d\u00e9lais.<\/p>\n<p>Aucun droit ne peut \u00eatre d\u00e9riv\u00e9 de ces informations. La Stichting Promotie Anthurium d\u00e9cline toute responsabilit\u00e9 pour les pr\u00e9judices r\u00e9sultant de l&#8217;utilisation des informations ou du site Internet ou pour le mauvais fonctionnement de ce dernier. L\u2019envoi et la r\u00e9ception d&#8217;informations via le site Internet ou par e-mail ne constituent en aucun cas la base d\u2019une relation automatique entre la Stichting Promotie Anthurium et l&#8217;utilisateur du site Internet.<\/p>\n<h3>Hyperliens et r\u00e9f\u00e9rences<\/h3>\n<p>Les r\u00e9f\u00e9rences \u00e0 d&#8217;autres sites Internet et les liens hypertextes ne sont repris qu\u2019\u00e0 titre informatif pour le visiteur de ce site. La Stichting Promotie Anthurium ne garantit pas le contenu ou la fiabilit\u00e9, de quelque mani\u00e8re que ce soit, de ces sites et hyperliens. La Stichting Promotie Anthurium d\u00e9cline toute responsabilit\u00e9 pour les dommages r\u00e9sultant de l&#8217;utilisation de sites Internet tiers.<\/p>\n<h3>Droits de propri\u00e9t\u00e9<\/h3>\n<p>Les informations affich\u00e9es sur ce site Internet, y compris les textes, les photographies, le contenu graphique, les marques, les logos et les noms (commerciaux), sont la propri\u00e9t\u00e9 de la Stichting Promotie Anthurium ou sont diffus\u00e9s avec l&#8217;autorisation des propri\u00e9taires. Il est interdit de publier, copier ou sauvegarder tout ou partie du site sans l&#8217;autorisation \u00e9crite pr\u00e9alable de la Stichting Promotie Anthurium. Veuillez envoyer vos demandes \u00e0 <a href=\"applewebdata:\/\/78D8DDF3-051B-47FA-A9AD-9138CDB875FC\/mail%C3%A0%C2%A0:info@anthurium.info\">info@anthurium.info<\/a>.<\/p>\n<p>Lorsque vous publiez le contenu d&#8217;un de nos sites Internet, vous devez inclure une source et un lien actif vers le site en question.<\/p>\n<h3>Modifications<\/h3>\n<p>La Stichting Promotie Anthurium se r\u00e9serve le droit de modifier cette clause de non-responsabilit\u00e9 \u00e0 tout moment, sans pr\u00e9avis. Si vous continuez \u00e0 utiliser ce site Internet apr\u00e8s modification, vous \u00eates automatiquement li\u00e9 par la clause de non-responsabilit\u00e9 modifi\u00e9e.\u00a0 Il est donc recommand\u00e9 de consulter r\u00e9guli\u00e8rement cette clause de non-responsabilit\u00e9 lorsque vous visitez notre site.<\/p>\n<p>Si vous souhaitez obtenir plus d&#8217;informations sur cette clause de non-responsabilit\u00e9, n&#8217;h\u00e9sitez pas \u00e0 prendre contact avec nous :<\/p>\n<p>Stichting Promotie Anthurium<br \/>\nM +31 (0)6 82 58 31 83<br \/>\nE <a href=\"applewebdata:\/\/78D8DDF3-051B-47FA-A9AD-9138CDB875FC\/mail%C3%A0:info@anthurium.info\">info@anthurium.info<\/a><\/p>\n","protected":false},"excerpt":{"rendered":"<p class=\"excerpt\">Ce site est g\u00e9r\u00e9 par la Stichting Promotie Anthurium. Les conditions d&#8217;utilisation suivantes s&#8217;appliquent \u00e0 l&#8217;utilisation du site Internet www.anthuriuminfo.com. En utilisant ce site Internet, vous \u00eates cens\u00e9 avoir lu et accept\u00e9 les conditions d&#8217;utilisation. Utilisation des informations La Stichting Promotie Anthurium s&#8217;efforce toujours de fournir, sur ce site Internet, des informations exactes et actuelles. [&hellip;]<\/p>\n","protected":false},"author":1,"featured_media":0,"parent":0,"menu_order":0,"comment_status":"closed","ping_status":"closed","template":"","meta":{"_acf_changed":false,"footnotes":""},"class_list":["post-4748","page","type-page","status-publish","hentry"],"acf":[],"yoast_head":"<!-- This site is optimized with the Yoast SEO plugin v26.7 - https:\/\/yoast.com\/wordpress\/plugins\/seo\/ -->\n<title>Clause de non-responsabilit\u00e9 - Anthurium Fran\u00e7ais<\/title>\n<meta name=\"robots\" content=\"index, follow, max-snippet:-1, max-image-preview:large, max-video-preview:-1\" \/>\n<link rel=\"canonical\" href=\"https:\/\/anthuriuminfo.com\/fr\/clause-de-non-responsabilite\/\" \/>\n<meta property=\"og:locale\" content=\"nl_NL\" \/>\n<meta property=\"og:type\" content=\"article\" \/>\n<meta property=\"og:title\" content=\"Clause de non-responsabilit\u00e9 - Anthurium Fran\u00e7ais\" \/>\n<meta property=\"og:description\" content=\"Ce site est g\u00e9r\u00e9 par la Stichting Promotie Anthurium. Les conditions d&#8217;utilisation suivantes s&#8217;appliquent \u00e0 l&#8217;utilisation du site Internet www.anthuriuminfo.com. En utilisant ce site Internet, vous \u00eates cens\u00e9 avoir lu et accept\u00e9 les conditions d&#8217;utilisation. Utilisation des informations La Stichting Promotie Anthurium s&#8217;efforce toujours de fournir, sur ce site Internet, des informations exactes et actuelles. [&hellip;]\" \/>\n<meta property=\"og:url\" content=\"https:\/\/anthuriuminfo.com\/fr\/clause-de-non-responsabilite\/\" \/>\n<meta property=\"og:site_name\" content=\"Anthurium Fran\u00e7ais\" \/>\n<meta property=\"article:publisher\" content=\"https:\/\/www.facebook.com\/Anthurium.info\" \/>\n<meta property=\"article:modified_time\" content=\"2019-07-11T13:52:26+00:00\" \/>\n<meta name=\"twitter:card\" content=\"summary_large_image\" \/>\n<meta name=\"twitter:site\" content=\"@Anthuriuminfo\" \/>\n<meta name=\"twitter:label1\" content=\"Geschatte leestijd\" \/>\n\t<meta name=\"twitter:data1\" content=\"2 minuten\" \/>\n<script type=\"application\/ld+json\" class=\"yoast-schema-graph\">{\"@context\":\"https:\/\/schema.org\",\"@graph\":[{\"@type\":\"WebPage\",\"@id\":\"https:\/\/anthuriuminfo.com\/fr\/clause-de-non-responsabilite\/\",\"url\":\"https:\/\/anthuriuminfo.com\/fr\/clause-de-non-responsabilite\/\",\"name\":\"Clause de non-responsabilit\u00e9 - Anthurium Fran\u00e7ais\",\"isPartOf\":{\"@id\":\"http:\/\/anthuriuminfo.com\/fr\/#website\"},\"datePublished\":\"2019-02-08T09:39:32+00:00\",\"dateModified\":\"2019-07-11T13:52:26+00:00\",\"breadcrumb\":{\"@id\":\"https:\/\/anthuriuminfo.com\/fr\/clause-de-non-responsabilite\/#breadcrumb\"},\"inLanguage\":\"nl-NL\",\"potentialAction\":[{\"@type\":\"ReadAction\",\"target\":[\"https:\/\/anthuriuminfo.com\/fr\/clause-de-non-responsabilite\/\"]}]},{\"@type\":\"BreadcrumbList\",\"@id\":\"https:\/\/anthuriuminfo.com\/fr\/clause-de-non-responsabilite\/#breadcrumb\",\"itemListElement\":[{\"@type\":\"ListItem\",\"position\":1,\"name\":\"Home\",\"item\":\"http:\/\/anthuriuminfo.com\/fr\/\"},{\"@type\":\"ListItem\",\"position\":2,\"name\":\"Clause de non-responsabilit\u00e9\"}]},{\"@type\":\"WebSite\",\"@id\":\"http:\/\/anthuriuminfo.com\/fr\/#website\",\"url\":\"http:\/\/anthuriuminfo.com\/fr\/\",\"name\":\"Anthurium Fran\u00e7ais\",\"description\":\"Tout sur les fleurs coup\u00e9es et les plantes en pot d&#039;Anthurium\",\"potentialAction\":[{\"@type\":\"SearchAction\",\"target\":{\"@type\":\"EntryPoint\",\"urlTemplate\":\"http:\/\/anthuriuminfo.com\/fr\/?s={search_term_string}\"},\"query-input\":{\"@type\":\"PropertyValueSpecification\",\"valueRequired\":true,\"valueName\":\"search_term_string\"}}],\"inLanguage\":\"nl-NL\"}]}<\/script>\n<!-- \/ Yoast SEO plugin. -->","yoast_head_json":{"title":"Clause de non-responsabilit\u00e9 - Anthurium Fran\u00e7ais","robots":{"index":"index","follow":"follow","max-snippet":"max-snippet:-1","max-image-preview":"max-image-preview:large","max-video-preview":"max-video-preview:-1"},"canonical":"https:\/\/anthuriuminfo.com\/fr\/clause-de-non-responsabilite\/","og_locale":"nl_NL","og_type":"article","og_title":"Clause de non-responsabilit\u00e9 - Anthurium Fran\u00e7ais","og_description":"Ce site est g\u00e9r\u00e9 par la Stichting Promotie Anthurium. Les conditions d&#8217;utilisation suivantes s&#8217;appliquent \u00e0 l&#8217;utilisation du site Internet www.anthuriuminfo.com. En utilisant ce site Internet, vous \u00eates cens\u00e9 avoir lu et accept\u00e9 les conditions d&#8217;utilisation. Utilisation des informations La Stichting Promotie Anthurium s&#8217;efforce toujours de fournir, sur ce site Internet, des informations exactes et actuelles. [&hellip;]","og_url":"https:\/\/anthuriuminfo.com\/fr\/clause-de-non-responsabilite\/","og_site_name":"Anthurium Fran\u00e7ais","article_publisher":"https:\/\/www.facebook.com\/Anthurium.info","article_modified_time":"2019-07-11T13:52:26+00:00","twitter_card":"summary_large_image","twitter_site":"@Anthuriuminfo","twitter_misc":{"Geschatte leestijd":"2 minuten"},"schema":{"@context":"https:\/\/schema.org","@graph":[{"@type":"WebPage","@id":"https:\/\/anthuriuminfo.com\/fr\/clause-de-non-responsabilite\/","url":"https:\/\/anthuriuminfo.com\/fr\/clause-de-non-responsabilite\/","name":"Clause de non-responsabilit\u00e9 - Anthurium Fran\u00e7ais","isPartOf":{"@id":"http:\/\/anthuriuminfo.com\/fr\/#website"},"datePublished":"2019-02-08T09:39:32+00:00","dateModified":"2019-07-11T13:52:26+00:00","breadcrumb":{"@id":"https:\/\/anthuriuminfo.com\/fr\/clause-de-non-responsabilite\/#breadcrumb"},"inLanguage":"nl-NL","potentialAction":[{"@type":"ReadAction","target":["https:\/\/anthuriuminfo.com\/fr\/clause-de-non-responsabilite\/"]}]},{"@type":"BreadcrumbList","@id":"https:\/\/anthuriuminfo.com\/fr\/clause-de-non-responsabilite\/#breadcrumb","itemListElement":[{"@type":"ListItem","position":1,"name":"Home","item":"http:\/\/anthuriuminfo.com\/fr\/"},{"@type":"ListItem","position":2,"name":"Clause de non-responsabilit\u00e9"}]},{"@type":"WebSite","@id":"http:\/\/anthuriuminfo.com\/fr\/#website","url":"http:\/\/anthuriuminfo.com\/fr\/","name":"Anthurium Fran\u00e7ais","description":"Tout sur les fleurs coup\u00e9es et les plantes en pot d&#039;Anthurium","potentialAction":[{"@type":"SearchAction","target":{"@type":"EntryPoint","urlTemplate":"http:\/\/anthuriuminfo.com\/fr\/?s={search_term_string}"},"query-input":{"@type":"PropertyValueSpecification","valueRequired":true,"valueName":"search_term_string"}}],"inLanguage":"nl-NL"}]}},"_links":{"self":[{"href":"https:\/\/anthuriuminfo.com\/fr\/wp-json\/wp\/v2\/pages\/4748","targetHints":{"allow":["GET"]}}],"collection":[{"href":"https:\/\/anthuriuminfo.com\/fr\/wp-json\/wp\/v2\/pages"}],"about":[{"href":"https:\/\/anthuriuminfo.com\/fr\/wp-json\/wp\/v2\/types\/page"}],"author":[{"embeddable":true,"href":"https:\/\/anthuriuminfo.com\/fr\/wp-json\/wp\/v2\/users\/1"}],"replies":[{"embeddable":true,"href":"https:\/\/anthuriuminfo.com\/fr\/wp-json\/wp\/v2\/comments?post=4748"}],"version-history":[{"count":2,"href":"https:\/\/anthuriuminfo.com\/fr\/wp-json\/wp\/v2\/pages\/4748\/revisions"}],"predecessor-version":[{"id":5345,"href":"https:\/\/anthuriuminfo.com\/fr\/wp-json\/wp\/v2\/pages\/4748\/revisions\/5345"}],"wp:attachment":[{"href":"https:\/\/anthuriuminfo.com\/fr\/wp-json\/wp\/v2\/media?parent=4748"}],"curies":[{"name":"wp","href":"https:\/\/api.w.org\/{rel}","templated":true}]}}