{"id":5066,"date":"2019-05-20T16:40:13","date_gmt":"2019-05-20T14:40:13","guid":{"rendered":"http:\/\/anthuriuminfo.com\/?page_id=5066"},"modified":"2019-12-13T09:02:33","modified_gmt":"2019-12-13T08:02:33","slug":"points-de-vente-anthurium","status":"publish","type":"page","link":"https:\/\/anthuriuminfo.com\/fr\/points-de-vente-anthurium\/","title":{"rendered":"Points de vente"},"content":{"rendered":"<p>Les anthuriums en pot sont en vente dans les jardineries, les supermarch\u00e9s, les magasins sp\u00e9cialis\u00e9s et chez le fleuriste. Les fleurs d\u2019anthurium coup\u00e9es sont principalement disponibles chez les fleuristes. Votre fleuriste n\u2019a pas l\u2019anthurium que vous recherchez\u00a0? N\u2019h\u00e9sitez pas \u00e0 lui demander\u00a0; souvent, commander la vari\u00e9t\u00e9 de votre choix ne lui pose pas probl\u00e8me. Vous trouverez ci-dessous quelques points de vente fixes d\u2019anthuriums en pot.<br \/>\n<!--more--><\/p>\n<h3 style=\"text-align: center;\">Points de vente en ligne d\u2019anthuriums en pot\u00a0:<\/h3>\n<p><a href=\"https:\/\/www.florastore.com\/fr\/brands\/anthurium\/\"><img loading=\"lazy\" decoding=\"async\" class=\"aligncenter wp-image-5685 size-full\" src=\"http:\/\/anthuriuminfo.com\/fr\/wp-content\/uploads\/sites\/4\/2019\/05\/Copy-of-Template-website-verkooppunten-1-1.jpg\" alt=\"\" width=\"1176\" height=\"236\" srcset=\"https:\/\/anthuriuminfo.com\/fr\/wp-content\/uploads\/sites\/4\/2019\/05\/Copy-of-Template-website-verkooppunten-1-1.jpg 1176w, https:\/\/anthuriuminfo.com\/fr\/wp-content\/uploads\/sites\/4\/2019\/05\/Copy-of-Template-website-verkooppunten-1-1-800x161.jpg 800w, https:\/\/anthuriuminfo.com\/fr\/wp-content\/uploads\/sites\/4\/2019\/05\/Copy-of-Template-website-verkooppunten-1-1-768x154.jpg 768w\" sizes=\"auto, (max-width: 1176px) 100vw, 1176px\" \/><\/a><a href=\"https:\/\/www.truffaut.com\/recherche\/Pages\/produits.aspx?s=anthurium&amp;sttd=WebStore\"><img loading=\"lazy\" decoding=\"async\" class=\"aligncenter wp-image-5686 size-full\" src=\"http:\/\/anthuriuminfo.com\/fr\/wp-content\/uploads\/sites\/4\/2019\/05\/Copy-of-Template-website-verkooppunten-2.jpg\" alt=\"\" width=\"1176\" height=\"236\" srcset=\"https:\/\/anthuriuminfo.com\/fr\/wp-content\/uploads\/sites\/4\/2019\/05\/Copy-of-Template-website-verkooppunten-2.jpg 1176w, https:\/\/anthuriuminfo.com\/fr\/wp-content\/uploads\/sites\/4\/2019\/05\/Copy-of-Template-website-verkooppunten-2-800x161.jpg 800w, https:\/\/anthuriuminfo.com\/fr\/wp-content\/uploads\/sites\/4\/2019\/05\/Copy-of-Template-website-verkooppunten-2-768x154.jpg 768w\" sizes=\"auto, (max-width: 1176px) 100vw, 1176px\" \/><img loading=\"lazy\" decoding=\"async\" class=\"aligncenter wp-image-5688 size-full\" src=\"http:\/\/anthuriuminfo.com\/fr\/wp-content\/uploads\/sites\/4\/2019\/05\/Copy-of-Template-website-verkooppunten-3.jpg\" alt=\"\" width=\"1176\" height=\"236\" srcset=\"https:\/\/anthuriuminfo.com\/fr\/wp-content\/uploads\/sites\/4\/2019\/05\/Copy-of-Template-website-verkooppunten-3.jpg 1176w, https:\/\/anthuriuminfo.com\/fr\/wp-content\/uploads\/sites\/4\/2019\/05\/Copy-of-Template-website-verkooppunten-3-800x161.jpg 800w, https:\/\/anthuriuminfo.com\/fr\/wp-content\/uploads\/sites\/4\/2019\/05\/Copy-of-Template-website-verkooppunten-3-768x154.jpg 768w\" sizes=\"auto, (max-width: 1176px) 100vw, 1176px\" \/><img loading=\"lazy\" decoding=\"async\" class=\"aligncenter wp-image-5690 size-full\" src=\"http:\/\/anthuriuminfo.com\/fr\/wp-content\/uploads\/sites\/4\/2019\/05\/Copy-of-Template-website-verkooppunten-4.jpg\" alt=\"\" width=\"1176\" height=\"236\" srcset=\"https:\/\/anthuriuminfo.com\/fr\/wp-content\/uploads\/sites\/4\/2019\/05\/Copy-of-Template-website-verkooppunten-4.jpg 1176w, https:\/\/anthuriuminfo.com\/fr\/wp-content\/uploads\/sites\/4\/2019\/05\/Copy-of-Template-website-verkooppunten-4-800x161.jpg 800w, https:\/\/anthuriuminfo.com\/fr\/wp-content\/uploads\/sites\/4\/2019\/05\/Copy-of-Template-website-verkooppunten-4-768x154.jpg 768w\" sizes=\"auto, (max-width: 1176px) 100vw, 1176px\" \/><\/a><\/p>\n<h3 style=\"text-align: center;\">Points de vente hors ligne d\u2019anthuriums en pot\u00a0:<\/h3>\n<h3 style=\"text-align: center;\"><a style=\"font-size: 16px;\" href=\"https:\/\/www.truffaut.com\/jardin\/plantes-interieur\/plantes-fleuries-interieur\/Pages\/produits-plantes-fleuries-interieur.aspx?p=N-anthuriums%7CD-5510%7CC-10213\" target=\"_blank\" rel=\"noopener noreferrer\"><img loading=\"lazy\" decoding=\"async\" class=\"aligncenter wp-image-5690 size-full\" src=\"http:\/\/anthuriuminfo.com\/fr\/wp-content\/uploads\/sites\/4\/2019\/05\/Copy-of-Template-website-verkooppunten-4.jpg\" alt=\"\" width=\"1176\" height=\"236\" srcset=\"https:\/\/anthuriuminfo.com\/fr\/wp-content\/uploads\/sites\/4\/2019\/05\/Copy-of-Template-website-verkooppunten-4.jpg 1176w, https:\/\/anthuriuminfo.com\/fr\/wp-content\/uploads\/sites\/4\/2019\/05\/Copy-of-Template-website-verkooppunten-4-800x161.jpg 800w, https:\/\/anthuriuminfo.com\/fr\/wp-content\/uploads\/sites\/4\/2019\/05\/Copy-of-Template-website-verkooppunten-4-768x154.jpg 768w\" sizes=\"auto, (max-width: 1176px) 100vw, 1176px\" \/><\/a><\/h3>\n<p>&nbsp;<\/p>\n<h3>Pour les fleuristes de votre r\u00e9gion, vous pouvez consulter le site www.lajoiedesfleurs.fr pour trouver le magasin (cliquez sur l&#8217;image ci-dessous):<\/h3>\n<figure id=\"attachment_5734\" aria-describedby=\"caption-attachment-5734\" style=\"width: 952px\" class=\"wp-caption aligncenter\"><a href=\"https:\/\/www.lajoiedesfleurs.fr\/points-de-vente?storesearchq=&amp;submit=Rechercher&amp;form_build_id=form-hJT2zoaDbkUpbagA2lfntELDBvnFiDHBHi7yZD9AM1w&amp;form_id=ait_store_locator_block_form&amp;op=Rechercher\"><img loading=\"lazy\" decoding=\"async\" class=\"size-full wp-image-5734\" src=\"http:\/\/anthuriuminfo.com\/fr\/wp-content\/uploads\/sites\/4\/2019\/05\/Schermafbeelding-2019-12-13-om-08.58.57.png\" alt=\"\" width=\"952\" height=\"930\" srcset=\"https:\/\/anthuriuminfo.com\/fr\/wp-content\/uploads\/sites\/4\/2019\/05\/Schermafbeelding-2019-12-13-om-08.58.57.png 952w, https:\/\/anthuriuminfo.com\/fr\/wp-content\/uploads\/sites\/4\/2019\/05\/Schermafbeelding-2019-12-13-om-08.58.57-800x782.png 800w, https:\/\/anthuriuminfo.com\/fr\/wp-content\/uploads\/sites\/4\/2019\/05\/Schermafbeelding-2019-12-13-om-08.58.57-768x750.png 768w\" sizes=\"auto, (max-width: 952px) 100vw, 952px\" \/><\/a><figcaption id=\"caption-attachment-5734\" class=\"wp-caption-text\">Foto: Lajoiedesfleurs.fr<\/figcaption><\/figure>\n","protected":false},"excerpt":{"rendered":"<p class=\"excerpt\">Les anthuriums en pot sont en vente dans les jardineries, les supermarch\u00e9s, les magasins sp\u00e9cialis\u00e9s et chez le fleuriste. Les fleurs d\u2019anthurium coup\u00e9es sont principalement disponibles chez les fleuristes. Votre fleuriste n\u2019a pas l\u2019anthurium que vous recherchez\u00a0? N\u2019h\u00e9sitez pas \u00e0 lui demander\u00a0; souvent, commander la vari\u00e9t\u00e9 de votre choix ne lui pose pas probl\u00e8me. Vous [&hellip;]<\/p>\n","protected":false},"author":1,"featured_media":0,"parent":0,"menu_order":0,"comment_status":"closed","ping_status":"closed","template":"","meta":{"_acf_changed":false,"footnotes":""},"class_list":["post-5066","page","type-page","status-publish","hentry"],"acf":[],"yoast_head":"<!-- This site is optimized with the Yoast SEO plugin v26.7 - https:\/\/yoast.com\/wordpress\/plugins\/seo\/ -->\n<title>Points de vente d&#039; anthurium<\/title>\n<meta name=\"description\" content=\"Points de vente d&#039; anthurium. Les anthuriums en pot sont en vente dans les jardineries, les supermarch\u00e9s, les magasins sp\u00e9cialis\u00e9s et chez le fleuriste.\" \/>\n<meta name=\"robots\" content=\"index, follow, max-snippet:-1, max-image-preview:large, max-video-preview:-1\" \/>\n<link rel=\"canonical\" href=\"https:\/\/anthuriuminfo.com\/fr\/points-de-vente-anthurium\/\" \/>\n<meta property=\"og:locale\" content=\"nl_NL\" \/>\n<meta property=\"og:type\" content=\"article\" \/>\n<meta property=\"og:title\" content=\"Points de vente d&#039; anthurium\" \/>\n<meta property=\"og:description\" content=\"Points de vente d&#039; anthurium. Les anthuriums en pot sont en vente dans les jardineries, les supermarch\u00e9s, les magasins sp\u00e9cialis\u00e9s et chez le fleuriste.\" \/>\n<meta property=\"og:url\" content=\"https:\/\/anthuriuminfo.com\/fr\/points-de-vente-anthurium\/\" \/>\n<meta property=\"og:site_name\" content=\"Anthurium Fran\u00e7ais\" \/>\n<meta property=\"article:publisher\" content=\"https:\/\/www.facebook.com\/Anthurium.info\" \/>\n<meta property=\"article:modified_time\" content=\"2019-12-13T08:02:33+00:00\" \/>\n<meta property=\"og:image\" content=\"http:\/\/anthuriuminfo.com\/fr\/wp-content\/uploads\/sites\/4\/2019\/05\/Copy-of-Template-website-verkooppunten-1-1.jpg\" \/>\n<meta name=\"twitter:card\" content=\"summary_large_image\" \/>\n<meta name=\"twitter:site\" content=\"@Anthuriuminfo\" \/>\n<meta name=\"twitter:label1\" content=\"Geschatte leestijd\" \/>\n\t<meta name=\"twitter:data1\" content=\"1 minuut\" \/>\n<script type=\"application\/ld+json\" class=\"yoast-schema-graph\">{\"@context\":\"https:\/\/schema.org\",\"@graph\":[{\"@type\":\"WebPage\",\"@id\":\"https:\/\/anthuriuminfo.com\/fr\/points-de-vente-anthurium\/\",\"url\":\"https:\/\/anthuriuminfo.com\/fr\/points-de-vente-anthurium\/\",\"name\":\"Points de vente d' anthurium\",\"isPartOf\":{\"@id\":\"http:\/\/anthuriuminfo.com\/fr\/#website\"},\"primaryImageOfPage\":{\"@id\":\"https:\/\/anthuriuminfo.com\/fr\/points-de-vente-anthurium\/#primaryimage\"},\"image\":{\"@id\":\"https:\/\/anthuriuminfo.com\/fr\/points-de-vente-anthurium\/#primaryimage\"},\"thumbnailUrl\":\"http:\/\/anthuriuminfo.com\/fr\/wp-content\/uploads\/sites\/4\/2019\/05\/Copy-of-Template-website-verkooppunten-1-1.jpg\",\"datePublished\":\"2019-05-20T14:40:13+00:00\",\"dateModified\":\"2019-12-13T08:02:33+00:00\",\"description\":\"Points de vente d' anthurium. Les anthuriums en pot sont en vente dans les jardineries, les supermarch\u00e9s, les magasins sp\u00e9cialis\u00e9s et chez le fleuriste.\",\"breadcrumb\":{\"@id\":\"https:\/\/anthuriuminfo.com\/fr\/points-de-vente-anthurium\/#breadcrumb\"},\"inLanguage\":\"nl-NL\",\"potentialAction\":[{\"@type\":\"ReadAction\",\"target\":[\"https:\/\/anthuriuminfo.com\/fr\/points-de-vente-anthurium\/\"]}]},{\"@type\":\"ImageObject\",\"inLanguage\":\"nl-NL\",\"@id\":\"https:\/\/anthuriuminfo.com\/fr\/points-de-vente-anthurium\/#primaryimage\",\"url\":\"https:\/\/anthuriuminfo.com\/fr\/wp-content\/uploads\/sites\/4\/2019\/05\/Copy-of-Template-website-verkooppunten-1-1.jpg\",\"contentUrl\":\"https:\/\/anthuriuminfo.com\/fr\/wp-content\/uploads\/sites\/4\/2019\/05\/Copy-of-Template-website-verkooppunten-1-1.jpg\",\"width\":1176,\"height\":236},{\"@type\":\"BreadcrumbList\",\"@id\":\"https:\/\/anthuriuminfo.com\/fr\/points-de-vente-anthurium\/#breadcrumb\",\"itemListElement\":[{\"@type\":\"ListItem\",\"position\":1,\"name\":\"Home\",\"item\":\"http:\/\/anthuriuminfo.com\/fr\/\"},{\"@type\":\"ListItem\",\"position\":2,\"name\":\"Points de vente\"}]},{\"@type\":\"WebSite\",\"@id\":\"http:\/\/anthuriuminfo.com\/fr\/#website\",\"url\":\"http:\/\/anthuriuminfo.com\/fr\/\",\"name\":\"Anthurium Fran\u00e7ais\",\"description\":\"Tout sur les fleurs coup\u00e9es et les plantes en pot d&#039;Anthurium\",\"potentialAction\":[{\"@type\":\"SearchAction\",\"target\":{\"@type\":\"EntryPoint\",\"urlTemplate\":\"http:\/\/anthuriuminfo.com\/fr\/?s={search_term_string}\"},\"query-input\":{\"@type\":\"PropertyValueSpecification\",\"valueRequired\":true,\"valueName\":\"search_term_string\"}}],\"inLanguage\":\"nl-NL\"}]}<\/script>\n<!-- \/ Yoast SEO plugin. -->","yoast_head_json":{"title":"Points de vente d' anthurium","description":"Points de vente d' anthurium. Les anthuriums en pot sont en vente dans les jardineries, les supermarch\u00e9s, les magasins sp\u00e9cialis\u00e9s et chez le fleuriste.","robots":{"index":"index","follow":"follow","max-snippet":"max-snippet:-1","max-image-preview":"max-image-preview:large","max-video-preview":"max-video-preview:-1"},"canonical":"https:\/\/anthuriuminfo.com\/fr\/points-de-vente-anthurium\/","og_locale":"nl_NL","og_type":"article","og_title":"Points de vente d' anthurium","og_description":"Points de vente d' anthurium. Les anthuriums en pot sont en vente dans les jardineries, les supermarch\u00e9s, les magasins sp\u00e9cialis\u00e9s et chez le fleuriste.","og_url":"https:\/\/anthuriuminfo.com\/fr\/points-de-vente-anthurium\/","og_site_name":"Anthurium Fran\u00e7ais","article_publisher":"https:\/\/www.facebook.com\/Anthurium.info","article_modified_time":"2019-12-13T08:02:33+00:00","og_image":[{"url":"http:\/\/anthuriuminfo.com\/fr\/wp-content\/uploads\/sites\/4\/2019\/05\/Copy-of-Template-website-verkooppunten-1-1.jpg","type":"","width":"","height":""}],"twitter_card":"summary_large_image","twitter_site":"@Anthuriuminfo","twitter_misc":{"Geschatte leestijd":"1 minuut"},"schema":{"@context":"https:\/\/schema.org","@graph":[{"@type":"WebPage","@id":"https:\/\/anthuriuminfo.com\/fr\/points-de-vente-anthurium\/","url":"https:\/\/anthuriuminfo.com\/fr\/points-de-vente-anthurium\/","name":"Points de vente d' anthurium","isPartOf":{"@id":"http:\/\/anthuriuminfo.com\/fr\/#website"},"primaryImageOfPage":{"@id":"https:\/\/anthuriuminfo.com\/fr\/points-de-vente-anthurium\/#primaryimage"},"image":{"@id":"https:\/\/anthuriuminfo.com\/fr\/points-de-vente-anthurium\/#primaryimage"},"thumbnailUrl":"http:\/\/anthuriuminfo.com\/fr\/wp-content\/uploads\/sites\/4\/2019\/05\/Copy-of-Template-website-verkooppunten-1-1.jpg","datePublished":"2019-05-20T14:40:13+00:00","dateModified":"2019-12-13T08:02:33+00:00","description":"Points de vente d' anthurium. Les anthuriums en pot sont en vente dans les jardineries, les supermarch\u00e9s, les magasins sp\u00e9cialis\u00e9s et chez le fleuriste.","breadcrumb":{"@id":"https:\/\/anthuriuminfo.com\/fr\/points-de-vente-anthurium\/#breadcrumb"},"inLanguage":"nl-NL","potentialAction":[{"@type":"ReadAction","target":["https:\/\/anthuriuminfo.com\/fr\/points-de-vente-anthurium\/"]}]},{"@type":"ImageObject","inLanguage":"nl-NL","@id":"https:\/\/anthuriuminfo.com\/fr\/points-de-vente-anthurium\/#primaryimage","url":"https:\/\/anthuriuminfo.com\/fr\/wp-content\/uploads\/sites\/4\/2019\/05\/Copy-of-Template-website-verkooppunten-1-1.jpg","contentUrl":"https:\/\/anthuriuminfo.com\/fr\/wp-content\/uploads\/sites\/4\/2019\/05\/Copy-of-Template-website-verkooppunten-1-1.jpg","width":1176,"height":236},{"@type":"BreadcrumbList","@id":"https:\/\/anthuriuminfo.com\/fr\/points-de-vente-anthurium\/#breadcrumb","itemListElement":[{"@type":"ListItem","position":1,"name":"Home","item":"http:\/\/anthuriuminfo.com\/fr\/"},{"@type":"ListItem","position":2,"name":"Points de vente"}]},{"@type":"WebSite","@id":"http:\/\/anthuriuminfo.com\/fr\/#website","url":"http:\/\/anthuriuminfo.com\/fr\/","name":"Anthurium Fran\u00e7ais","description":"Tout sur les fleurs coup\u00e9es et les plantes en pot d&#039;Anthurium","potentialAction":[{"@type":"SearchAction","target":{"@type":"EntryPoint","urlTemplate":"http:\/\/anthuriuminfo.com\/fr\/?s={search_term_string}"},"query-input":{"@type":"PropertyValueSpecification","valueRequired":true,"valueName":"search_term_string"}}],"inLanguage":"nl-NL"}]}},"_links":{"self":[{"href":"https:\/\/anthuriuminfo.com\/fr\/wp-json\/wp\/v2\/pages\/5066","targetHints":{"allow":["GET"]}}],"collection":[{"href":"https:\/\/anthuriuminfo.com\/fr\/wp-json\/wp\/v2\/pages"}],"about":[{"href":"https:\/\/anthuriuminfo.com\/fr\/wp-json\/wp\/v2\/types\/page"}],"author":[{"embeddable":true,"href":"https:\/\/anthuriuminfo.com\/fr\/wp-json\/wp\/v2\/users\/1"}],"replies":[{"embeddable":true,"href":"https:\/\/anthuriuminfo.com\/fr\/wp-json\/wp\/v2\/comments?post=5066"}],"version-history":[{"count":11,"href":"https:\/\/anthuriuminfo.com\/fr\/wp-json\/wp\/v2\/pages\/5066\/revisions"}],"predecessor-version":[{"id":5735,"href":"https:\/\/anthuriuminfo.com\/fr\/wp-json\/wp\/v2\/pages\/5066\/revisions\/5735"}],"wp:attachment":[{"href":"https:\/\/anthuriuminfo.com\/fr\/wp-json\/wp\/v2\/media?parent=5066"}],"curies":[{"name":"wp","href":"https:\/\/api.w.org\/{rel}","templated":true}]}}