{"id":8023,"date":"2025-10-07T09:44:38","date_gmt":"2025-10-07T07:44:38","guid":{"rendered":"https:\/\/anthuriuminfo.com\/fr\/?page_id=8023"},"modified":"2025-10-07T09:44:38","modified_gmt":"2025-10-07T07:44:38","slug":"lanthurium-bien-plus-quune-simple-plante","status":"publish","type":"page","link":"https:\/\/anthuriuminfo.com\/fr\/lanthurium-bien-plus-quune-simple-plante\/","title":{"rendered":"L\u2019anthurium : bien plus qu\u2019une simple plante"},"content":{"rendered":"<p>L\u2019anthurium n\u2019est pas n\u2019importe quelle plante. Robuste, \u00e9l\u00e9gante et toujours en fleurs. Avec ses fleurs en forme de c\u0153ur et ses couleurs vari\u00e9es, elle apporte bonheur, facilit\u00e9, sant\u00e9 et couleur dans la maison. D\u00e9couvrez pourquoi l\u2019anthurium est bien plus qu\u2019une simple plante.<\/p>\n<p><!--more--><\/p>\n<h2>L\u2019anthurium\u00a0: bien plus qu\u2019une simple plante<\/h2>\n<h3>Bonheur<\/h3>\n<p>L\u2019anthurium est connu pour ses fleurs en forme de c\u0153ur et ses couleurs vives. Ce n\u2019est pas n\u2019importe quelle plante, mais une v\u00e9ritable cr\u00e9atrice d\u2019ambiance qui respire la chaleur, l\u2019amour et la positivit\u00e9. Mettez-la dans votre salon, sur la table \u00e0 manger ou offrez-la en cadeau \u00e0 une personne qui vous est ch\u00e8re. La pr\u00e9sence d\u2019un anthurium cr\u00e9e une ambiance joyeuse et optimiste dans la maison, une dose quotidienne de bonheur, en pot tout simplement.<\/p>\n<p><img loading=\"lazy\" decoding=\"async\" class=\"aligncenter wp-image-8025 size-large\" src=\"http:\/\/anthuriuminfo.com\/fr\/wp-content\/uploads\/sites\/4\/2025\/10\/geluk-3-1066x1600.jpeg\" alt=\"bien plus qu\u2019une simple plante\" width=\"1066\" height=\"1600\" srcset=\"https:\/\/anthuriuminfo.com\/fr\/wp-content\/uploads\/sites\/4\/2025\/10\/geluk-3-1066x1600.jpeg 1066w, https:\/\/anthuriuminfo.com\/fr\/wp-content\/uploads\/sites\/4\/2025\/10\/geluk-3-533x800.jpeg 533w, https:\/\/anthuriuminfo.com\/fr\/wp-content\/uploads\/sites\/4\/2025\/10\/geluk-3-768x1152.jpeg 768w, https:\/\/anthuriuminfo.com\/fr\/wp-content\/uploads\/sites\/4\/2025\/10\/geluk-3-1024x1536.jpeg 1024w, https:\/\/anthuriuminfo.com\/fr\/wp-content\/uploads\/sites\/4\/2025\/10\/geluk-3.jpeg 1333w\" sizes=\"auto, (max-width: 1066px) 100vw, 1066px\" \/><\/p>\n<h3>Facilit\u00e9<\/h3>\n<p>Pas la main verte\u00a0? Pas de probl\u00e8me ! L\u2019anthurium est \u00e9tonnamment facile \u00e0 entretenir. Il est robuste et fleurit pendant des mois avec un minimum d\u2019entretien. C\u2019est donc la plante id\u00e9ale pour toutes les personnes qui veulent profiter de fleurs et de couleur dans leur maison, mais qui n\u2019ont pas le temps de s\u2019en occuper intensivement. L\u2019anthurium allie beaut\u00e9 et commodit\u00e9.<\/p>\n<h5>Vous voulez savoir comment bien prendre soin de votre anthurium\u00a0? Nous vous pr\u00e9sentons un r\u00e9capitulatif pratique de tous les conseils d\u2019entretien.<\/h5>\n<a class=\"maxbutton-1 maxbutton maxbutton-conseils-d-entretien\" target=\"_blank\" title=\"Cliquez pour ouvrir\" rel=\"noopener\" href=\"http:\/\/anthuriuminfo.com\/fr\/wp-content\/uploads\/sites\/4\/2025\/10\/Anthurium_verzorging_FR.pdf\"><span class='mb-text'>Download conseils d&#039;entretien<\/span><\/a>\n<p><img loading=\"lazy\" decoding=\"async\" class=\"aligncenter wp-image-8026 size-large\" src=\"http:\/\/anthuriuminfo.com\/fr\/wp-content\/uploads\/sites\/4\/2025\/10\/gemak-6-1600x1067.jpeg\" alt=\"\" width=\"1600\" height=\"1067\" srcset=\"https:\/\/anthuriuminfo.com\/fr\/wp-content\/uploads\/sites\/4\/2025\/10\/gemak-6-1600x1067.jpeg 1600w, https:\/\/anthuriuminfo.com\/fr\/wp-content\/uploads\/sites\/4\/2025\/10\/gemak-6-800x533.jpeg 800w, https:\/\/anthuriuminfo.com\/fr\/wp-content\/uploads\/sites\/4\/2025\/10\/gemak-6-768x512.jpeg 768w, https:\/\/anthuriuminfo.com\/fr\/wp-content\/uploads\/sites\/4\/2025\/10\/gemak-6-1536x1024.jpeg 1536w, https:\/\/anthuriuminfo.com\/fr\/wp-content\/uploads\/sites\/4\/2025\/10\/gemak-6-2048x1365.jpeg 2048w\" sizes=\"auto, (max-width: 1600px) 100vw, 1600px\" \/><\/p>\n<h3>Sant\u00e9<\/h3>\n<p>L\u2019anthurium contribue activement \u00e0 un environnement sain. En effet, les plantes purifient l\u2019air et r\u00e9duisent les concentrations de CO\u2082 et de compos\u00e9s organiques volatiles. Mais comment cela fonctionne-t-il\u00a0? Les plantes absorbent par leurs feuilles les substances nocives de l\u2019air. Ces derni\u00e8res sont ensuite stock\u00e9es et d\u00e9compos\u00e9es dans la plante ou ses racines. De plus, les plantes purificatrices d\u2019air, comme l\u2019anthurium, d\u00e9gagent de la vapeur d\u2019eau, am\u00e9liorant ainsi l\u2019humidit\u00e9 de l\u2019air. Et votre environnement de travail et de vie reste frais et sain.<\/p>\n<p>Des v\u00e9g\u00e9taux dans la maison ou sur le lieu de travail ont un effet positif prouv\u00e9 sur la sant\u00e9 et le ressenti. Les plantes contribuent \u00e0 am\u00e9liorer la capacit\u00e9 de concentration, \u00e0 r\u00e9duire le stress et m\u00eame \u00e0 augmenter la productivit\u00e9 du travail. L\u2019anthurium apporte non seulement de la couleur dans votre int\u00e9rieur, mais aussi plus d\u2019\u00e9quilibre, d\u2019\u00e9nergie et de bien-\u00eatre dans votre vie quotidienne.<\/p>\n<h5>Vous souhaitez en savoir plus sur les propri\u00e9t\u00e9s purificatrices de l\u2019air et la longue floraison de l\u2019anthurium\u00a0? Alors rendez-vous sur\u00a0<a href=\"https:\/\/www.breatheandbloom.info\/\" target=\"_blank\" rel=\"noopener\">breatheandbloom.info<\/a>\u00a0pour de plus amples informations.<\/h5>\n<p><img loading=\"lazy\" decoding=\"async\" class=\"size-large wp-image-8027 aligncenter\" src=\"http:\/\/anthuriuminfo.com\/fr\/wp-content\/uploads\/sites\/4\/2025\/10\/gezondheid-12-1600x1067.jpeg\" alt=\"\" width=\"1600\" height=\"1067\" srcset=\"https:\/\/anthuriuminfo.com\/fr\/wp-content\/uploads\/sites\/4\/2025\/10\/gezondheid-12-1600x1067.jpeg 1600w, https:\/\/anthuriuminfo.com\/fr\/wp-content\/uploads\/sites\/4\/2025\/10\/gezondheid-12-800x533.jpeg 800w, https:\/\/anthuriuminfo.com\/fr\/wp-content\/uploads\/sites\/4\/2025\/10\/gezondheid-12-768x512.jpeg 768w, https:\/\/anthuriuminfo.com\/fr\/wp-content\/uploads\/sites\/4\/2025\/10\/gezondheid-12-1536x1024.jpeg 1536w, https:\/\/anthuriuminfo.com\/fr\/wp-content\/uploads\/sites\/4\/2025\/10\/gezondheid-12-2048x1365.jpeg 2048w\" sizes=\"auto, (max-width: 1600px) 100vw, 1600px\" \/><\/p>\n<h3>Couleur<\/h3>\n<p>Les fleurs sont disponibles en diff\u00e9rentes couleurs et formes. Du rouge classique au blanc \u00e9l\u00e9gant en passant par le rose joyeux, le violet fonc\u00e9 et m\u00eame le bicolore. De ce fait, l\u2019anthurium s\u2019int\u00e8gre dans chaque int\u00e9rieur, qu\u2019il soit moderne et \u00e9pur\u00e9 ou chaleureux et color\u00e9. Que vous optiez pour un seul accroche-regard ou pour plusieurs plantes de diff\u00e9rentes teintes, l\u2019anthurium cr\u00e9e toujours une ambiance dans votre maison et la personnalise. Avec une palette de couleurs aussi vari\u00e9e, il y a toujours un anthurium en harmonie avec vous et votre int\u00e9rieur.<\/p>\n<p><img loading=\"lazy\" decoding=\"async\" class=\"aligncenter wp-image-8028 size-large\" src=\"http:\/\/anthuriuminfo.com\/fr\/wp-content\/uploads\/sites\/4\/2025\/10\/kleur-4-1600x1067.jpeg\" alt=\"bien plus qu\u2019une simple plante\" width=\"1600\" height=\"1067\" srcset=\"https:\/\/anthuriuminfo.com\/fr\/wp-content\/uploads\/sites\/4\/2025\/10\/kleur-4-1600x1067.jpeg 1600w, https:\/\/anthuriuminfo.com\/fr\/wp-content\/uploads\/sites\/4\/2025\/10\/kleur-4-800x533.jpeg 800w, https:\/\/anthuriuminfo.com\/fr\/wp-content\/uploads\/sites\/4\/2025\/10\/kleur-4-768x512.jpeg 768w, https:\/\/anthuriuminfo.com\/fr\/wp-content\/uploads\/sites\/4\/2025\/10\/kleur-4-1536x1024.jpeg 1536w, https:\/\/anthuriuminfo.com\/fr\/wp-content\/uploads\/sites\/4\/2025\/10\/kleur-4-2048x1365.jpeg 2048w\" sizes=\"auto, (max-width: 1600px) 100vw, 1600px\" \/><\/p>\n<p>Avec l\u2019anthurium, vous faites entrer dans votre maison plus qu\u2019une simple plante. Elle r\u00e9chauffe l\u2019ambiance, fleurit pendant des mois, assainit votre maison et l\u2019\u00e9gaye. D\u00e9couvrez par vous-m\u00eame la puissance de cette plante exceptionnelle.<\/p>\n","protected":false},"excerpt":{"rendered":"<p class=\"excerpt\">L\u2019anthurium n\u2019est pas n\u2019importe quelle plante. Robuste, \u00e9l\u00e9gante et toujours en fleurs. Avec ses fleurs en forme de c\u0153ur et ses couleurs vari\u00e9es, elle apporte bonheur, facilit\u00e9, sant\u00e9 et couleur dans la maison. D\u00e9couvrez pourquoi l\u2019anthurium est bien plus qu\u2019une simple plante.<\/p>\n","protected":false},"author":7,"featured_media":8029,"parent":0,"menu_order":0,"comment_status":"closed","ping_status":"closed","template":"","meta":{"_acf_changed":false,"footnotes":""},"class_list":["post-8023","page","type-page","status-publish","has-post-thumbnail","hentry"],"acf":[],"yoast_head":"<!-- This site is optimized with the Yoast SEO plugin v26.7 - https:\/\/yoast.com\/wordpress\/plugins\/seo\/ -->\n<title>L\u2019anthurium : bien plus qu\u2019une simple plante<\/title>\n<meta name=\"description\" content=\"L\u2019anthurium n\u2019est pas n\u2019importe quelle plante. Il apporte bonheur, commodit\u00e9 et couleur dans la maison. D\u00e9couvrez pourquoi l\u2019anthurium est bien plus qu\u2019une simple plante.\" \/>\n<meta name=\"robots\" content=\"index, follow, max-snippet:-1, max-image-preview:large, max-video-preview:-1\" \/>\n<link rel=\"canonical\" href=\"https:\/\/anthuriuminfo.com\/fr\/lanthurium-bien-plus-quune-simple-plante\/\" \/>\n<meta property=\"og:locale\" content=\"nl_NL\" \/>\n<meta property=\"og:type\" content=\"article\" \/>\n<meta property=\"og:title\" content=\"L\u2019anthurium : bien plus qu\u2019une simple plante\" \/>\n<meta property=\"og:description\" content=\"L\u2019anthurium n\u2019est pas n\u2019importe quelle plante. Il apporte bonheur, commodit\u00e9 et couleur dans la maison. D\u00e9couvrez pourquoi l\u2019anthurium est bien plus qu\u2019une simple plante.\" \/>\n<meta property=\"og:url\" content=\"https:\/\/anthuriuminfo.com\/fr\/lanthurium-bien-plus-quune-simple-plante\/\" \/>\n<meta property=\"og:site_name\" content=\"Anthurium Fran\u00e7ais\" \/>\n<meta property=\"article:publisher\" content=\"https:\/\/www.facebook.com\/Anthurium.info\" \/>\n<meta property=\"og:image\" content=\"https:\/\/anthuriuminfo.com\/fr\/wp-content\/uploads\/sites\/4\/2025\/10\/Campagnebeeld_FR-scaled.jpeg\" \/>\n\t<meta property=\"og:image:width\" content=\"2560\" \/>\n\t<meta property=\"og:image:height\" content=\"1440\" \/>\n\t<meta property=\"og:image:type\" content=\"image\/jpeg\" \/>\n<meta name=\"twitter:card\" content=\"summary_large_image\" \/>\n<meta name=\"twitter:site\" content=\"@Anthuriuminfo\" \/>\n<meta name=\"twitter:label1\" content=\"Geschatte leestijd\" \/>\n\t<meta name=\"twitter:data1\" content=\"4 minuten\" \/>\n<script type=\"application\/ld+json\" class=\"yoast-schema-graph\">{\"@context\":\"https:\/\/schema.org\",\"@graph\":[{\"@type\":\"WebPage\",\"@id\":\"https:\/\/anthuriuminfo.com\/fr\/lanthurium-bien-plus-quune-simple-plante\/\",\"url\":\"https:\/\/anthuriuminfo.com\/fr\/lanthurium-bien-plus-quune-simple-plante\/\",\"name\":\"L\u2019anthurium : bien plus qu\u2019une simple plante\",\"isPartOf\":{\"@id\":\"http:\/\/anthuriuminfo.com\/fr\/#website\"},\"primaryImageOfPage\":{\"@id\":\"https:\/\/anthuriuminfo.com\/fr\/lanthurium-bien-plus-quune-simple-plante\/#primaryimage\"},\"image\":{\"@id\":\"https:\/\/anthuriuminfo.com\/fr\/lanthurium-bien-plus-quune-simple-plante\/#primaryimage\"},\"thumbnailUrl\":\"https:\/\/anthuriuminfo.com\/fr\/wp-content\/uploads\/sites\/4\/2025\/10\/Campagnebeeld_FR-scaled.jpeg\",\"datePublished\":\"2025-10-07T07:44:38+00:00\",\"description\":\"L\u2019anthurium n\u2019est pas n\u2019importe quelle plante. Il apporte bonheur, commodit\u00e9 et couleur dans la maison. D\u00e9couvrez pourquoi l\u2019anthurium est bien plus qu\u2019une simple plante.\",\"breadcrumb\":{\"@id\":\"https:\/\/anthuriuminfo.com\/fr\/lanthurium-bien-plus-quune-simple-plante\/#breadcrumb\"},\"inLanguage\":\"nl-NL\",\"potentialAction\":[{\"@type\":\"ReadAction\",\"target\":[\"https:\/\/anthuriuminfo.com\/fr\/lanthurium-bien-plus-quune-simple-plante\/\"]}]},{\"@type\":\"ImageObject\",\"inLanguage\":\"nl-NL\",\"@id\":\"https:\/\/anthuriuminfo.com\/fr\/lanthurium-bien-plus-quune-simple-plante\/#primaryimage\",\"url\":\"https:\/\/anthuriuminfo.com\/fr\/wp-content\/uploads\/sites\/4\/2025\/10\/Campagnebeeld_FR-scaled.jpeg\",\"contentUrl\":\"https:\/\/anthuriuminfo.com\/fr\/wp-content\/uploads\/sites\/4\/2025\/10\/Campagnebeeld_FR-scaled.jpeg\",\"width\":\"2560\",\"height\":\"1440\"},{\"@type\":\"BreadcrumbList\",\"@id\":\"https:\/\/anthuriuminfo.com\/fr\/lanthurium-bien-plus-quune-simple-plante\/#breadcrumb\",\"itemListElement\":[{\"@type\":\"ListItem\",\"position\":1,\"name\":\"Home\",\"item\":\"http:\/\/anthuriuminfo.com\/fr\/\"},{\"@type\":\"ListItem\",\"position\":2,\"name\":\"L\u2019anthurium : bien plus qu\u2019une simple plante\"}]},{\"@type\":\"WebSite\",\"@id\":\"http:\/\/anthuriuminfo.com\/fr\/#website\",\"url\":\"http:\/\/anthuriuminfo.com\/fr\/\",\"name\":\"Anthurium Fran\u00e7ais\",\"description\":\"Tout sur les fleurs coup\u00e9es et les plantes en pot d&#039;Anthurium\",\"potentialAction\":[{\"@type\":\"SearchAction\",\"target\":{\"@type\":\"EntryPoint\",\"urlTemplate\":\"http:\/\/anthuriuminfo.com\/fr\/?s={search_term_string}\"},\"query-input\":{\"@type\":\"PropertyValueSpecification\",\"valueRequired\":true,\"valueName\":\"search_term_string\"}}],\"inLanguage\":\"nl-NL\"}]}<\/script>\n<!-- \/ Yoast SEO plugin. -->","yoast_head_json":{"title":"L\u2019anthurium : bien plus qu\u2019une simple plante","description":"L\u2019anthurium n\u2019est pas n\u2019importe quelle plante. Il apporte bonheur, commodit\u00e9 et couleur dans la maison. D\u00e9couvrez pourquoi l\u2019anthurium est bien plus qu\u2019une simple plante.","robots":{"index":"index","follow":"follow","max-snippet":"max-snippet:-1","max-image-preview":"max-image-preview:large","max-video-preview":"max-video-preview:-1"},"canonical":"https:\/\/anthuriuminfo.com\/fr\/lanthurium-bien-plus-quune-simple-plante\/","og_locale":"nl_NL","og_type":"article","og_title":"L\u2019anthurium : bien plus qu\u2019une simple plante","og_description":"L\u2019anthurium n\u2019est pas n\u2019importe quelle plante. Il apporte bonheur, commodit\u00e9 et couleur dans la maison. D\u00e9couvrez pourquoi l\u2019anthurium est bien plus qu\u2019une simple plante.","og_url":"https:\/\/anthuriuminfo.com\/fr\/lanthurium-bien-plus-quune-simple-plante\/","og_site_name":"Anthurium Fran\u00e7ais","article_publisher":"https:\/\/www.facebook.com\/Anthurium.info","og_image":[{"width":2560,"height":1440,"url":"https:\/\/anthuriuminfo.com\/fr\/wp-content\/uploads\/sites\/4\/2025\/10\/Campagnebeeld_FR-scaled.jpeg","type":"image\/jpeg"}],"twitter_card":"summary_large_image","twitter_site":"@Anthuriuminfo","twitter_misc":{"Geschatte leestijd":"4 minuten"},"schema":{"@context":"https:\/\/schema.org","@graph":[{"@type":"WebPage","@id":"https:\/\/anthuriuminfo.com\/fr\/lanthurium-bien-plus-quune-simple-plante\/","url":"https:\/\/anthuriuminfo.com\/fr\/lanthurium-bien-plus-quune-simple-plante\/","name":"L\u2019anthurium : bien plus qu\u2019une simple plante","isPartOf":{"@id":"http:\/\/anthuriuminfo.com\/fr\/#website"},"primaryImageOfPage":{"@id":"https:\/\/anthuriuminfo.com\/fr\/lanthurium-bien-plus-quune-simple-plante\/#primaryimage"},"image":{"@id":"https:\/\/anthuriuminfo.com\/fr\/lanthurium-bien-plus-quune-simple-plante\/#primaryimage"},"thumbnailUrl":"https:\/\/anthuriuminfo.com\/fr\/wp-content\/uploads\/sites\/4\/2025\/10\/Campagnebeeld_FR-scaled.jpeg","datePublished":"2025-10-07T07:44:38+00:00","description":"L\u2019anthurium n\u2019est pas n\u2019importe quelle plante. Il apporte bonheur, commodit\u00e9 et couleur dans la maison. D\u00e9couvrez pourquoi l\u2019anthurium est bien plus qu\u2019une simple plante.","breadcrumb":{"@id":"https:\/\/anthuriuminfo.com\/fr\/lanthurium-bien-plus-quune-simple-plante\/#breadcrumb"},"inLanguage":"nl-NL","potentialAction":[{"@type":"ReadAction","target":["https:\/\/anthuriuminfo.com\/fr\/lanthurium-bien-plus-quune-simple-plante\/"]}]},{"@type":"ImageObject","inLanguage":"nl-NL","@id":"https:\/\/anthuriuminfo.com\/fr\/lanthurium-bien-plus-quune-simple-plante\/#primaryimage","url":"https:\/\/anthuriuminfo.com\/fr\/wp-content\/uploads\/sites\/4\/2025\/10\/Campagnebeeld_FR-scaled.jpeg","contentUrl":"https:\/\/anthuriuminfo.com\/fr\/wp-content\/uploads\/sites\/4\/2025\/10\/Campagnebeeld_FR-scaled.jpeg","width":"2560","height":"1440"},{"@type":"BreadcrumbList","@id":"https:\/\/anthuriuminfo.com\/fr\/lanthurium-bien-plus-quune-simple-plante\/#breadcrumb","itemListElement":[{"@type":"ListItem","position":1,"name":"Home","item":"http:\/\/anthuriuminfo.com\/fr\/"},{"@type":"ListItem","position":2,"name":"L\u2019anthurium : bien plus qu\u2019une simple plante"}]},{"@type":"WebSite","@id":"http:\/\/anthuriuminfo.com\/fr\/#website","url":"http:\/\/anthuriuminfo.com\/fr\/","name":"Anthurium Fran\u00e7ais","description":"Tout sur les fleurs coup\u00e9es et les plantes en pot d&#039;Anthurium","potentialAction":[{"@type":"SearchAction","target":{"@type":"EntryPoint","urlTemplate":"http:\/\/anthuriuminfo.com\/fr\/?s={search_term_string}"},"query-input":{"@type":"PropertyValueSpecification","valueRequired":true,"valueName":"search_term_string"}}],"inLanguage":"nl-NL"}]}},"_links":{"self":[{"href":"https:\/\/anthuriuminfo.com\/fr\/wp-json\/wp\/v2\/pages\/8023","targetHints":{"allow":["GET"]}}],"collection":[{"href":"https:\/\/anthuriuminfo.com\/fr\/wp-json\/wp\/v2\/pages"}],"about":[{"href":"https:\/\/anthuriuminfo.com\/fr\/wp-json\/wp\/v2\/types\/page"}],"author":[{"embeddable":true,"href":"https:\/\/anthuriuminfo.com\/fr\/wp-json\/wp\/v2\/users\/7"}],"replies":[{"embeddable":true,"href":"https:\/\/anthuriuminfo.com\/fr\/wp-json\/wp\/v2\/comments?post=8023"}],"version-history":[{"count":1,"href":"https:\/\/anthuriuminfo.com\/fr\/wp-json\/wp\/v2\/pages\/8023\/revisions"}],"predecessor-version":[{"id":8030,"href":"https:\/\/anthuriuminfo.com\/fr\/wp-json\/wp\/v2\/pages\/8023\/revisions\/8030"}],"wp:featuredmedia":[{"embeddable":true,"href":"https:\/\/anthuriuminfo.com\/fr\/wp-json\/wp\/v2\/media\/8029"}],"wp:attachment":[{"href":"https:\/\/anthuriuminfo.com\/fr\/wp-json\/wp\/v2\/media?parent=8023"}],"curies":[{"name":"wp","href":"https:\/\/api.w.org\/{rel}","templated":true}]}}