{"id":896,"date":"2017-02-20T21:18:33","date_gmt":"2017-02-20T20:18:33","guid":{"rendered":"http:\/\/doingz.com\/sites\/anthurium\/?page_id=2"},"modified":"2019-07-12T07:57:50","modified_gmt":"2019-07-12T05:57:50","slug":"tout-sur-lanthurium-en-fleur-coupee-et-en-pot","status":"publish","type":"page","link":"https:\/\/anthuriuminfo.com\/fr\/tout-sur-lanthurium-en-fleur-coupee-et-en-pot\/","title":{"rendered":"Tout sur l\u2019anthurium en fleur coup\u00e9e et en pot"},"content":{"rendered":"<h3><span lang=\"fr\">Tout est dans le nom<\/span><\/h3>\n<p><span lang=\"fr\">Le genre Anthurium est d\u00e9riv\u00e9 du grec \u00ab\u00a0Anthos\u00a0\u00bb et \u00ab\u00a0Oura\u00a0\u00bb, ce qui signifie \u00ab\u00a0queue fleurie\u00a0\u00bb. Le nom est tr\u00e8s appropri\u00e9 en raison de son inflorescence. Celle-ci est constitu\u00e9e d&#8217;une spathe et d&#8217;un spadice sur lesquels se trouvent les fleurs. En raison de cette inflorescence, l&#8217;anthurium appartient \u00e0 la famille des Arac\u00e9es (Araceae).<\/span><\/p>\n<h3><span lang=\"fr\">Un globe-trotter aux racines tropicales<\/span><\/h3>\n<p><span lang=\"fr\">L&#8217;anthurium est plus fortement li\u00e9 \u00e0 la Colombie qu\u2019\u00e0 la Gr\u00e8ce. C\u2019est ce que r\u00e9v\u00e8le son aspect exotique : l&#8217;anthurium est originaire des for\u00eats tropicales humides de Colombie. Le m\u00e9decin et botaniste autrichien Karl van Scherzer a eu l&#8217;honneur d\u2019en d\u00e9couvrir le premier sp\u00e9cimen. Il n&#8217;est donc pas tout \u00e0 fait surprenant qu&#8217;il ait donn\u00e9 son nom \u00e0 cette esp\u00e8ce, \u00e0 savoir Anthurium scherzerianum. La seconde esp\u00e8ce a \u00e9t\u00e9 trouv\u00e9e en 1876 par Edouard Fran\u00e7ois Andr\u00e9 en \u00c9quateur et en Colombie, lors d&#8217;une exp\u00e9dition \u00e0 travers les Andes.\u00a0 Lui aussi lui a donn\u00e9 son nom, c\u2019est-\u00e0-dire Anthurium andreanum.<\/span><\/p>\n<h3><span lang=\"fr\">De nombreuses esp\u00e8ces<\/span><\/h3>\n<p><span lang=\"fr\">Apr\u00e8s cette petite le\u00e7on d&#8217;histoire, revenons-en maintenant au pr\u00e9sent. La premi\u00e8re esp\u00e8ce d\u00e9couverte, Anthurium scherzerianum, reste la plus connue. Elle est \u00e9galement appel\u00e9e \u00ab\u00a0flamant rose\u00a0\u00bb. Comme vous l\u2019avez peut-\u00eatre d\u00e9j\u00e0 devin\u00e9, elle est disponible en rose vif. Et en plus, elle se d\u00e9cline en d&#8217;autres couleurs vives, comme l&#8217;orange et le violet.<\/span><\/p>\n<p><span lang=\"fr\">La seconde esp\u00e8ce, Anthurium andreanum, est nomm\u00e9e par les N\u00e9erlandais \u2018lakanthurium\u2019, litt\u00e9ralement \u00ab\u00a0anthurium vernis\u00a0\u00bb. Il poss\u00e8de les m\u00eames qualit\u00e9s que l\u2019anthure &#8221; flamant rose&#8221;. Mais contrairement \u00e0 la fleur de ce dernier, Anthurium andreanum pr\u00e9sente une spathe brillante vernie, \u00e0 l\u2019aspect du plastique, unique en son genre.<\/span><\/p>\n<p><span lang=\"fr\">Anthurium andreanum se distingue en outre de la fleur de l\u2019anthure flamant rose par son inflorescence. Chez ce dernier, la fleur se compose d&#8217;une bract\u00e9e ronde ou ovo\u00efde avec un spadice fin et fris\u00e9, tandis que Anthurium andreanum a une inflorescence \u00e9paisse et droite. Si vous souhaitez offrir une fleur \u00e0 votre ch\u00e9ri(e), c\u2019est celle qu\u2019il vous faut : sa bract\u00e9e est en forme de c\u0153ur.<\/span><\/p>\n<h3><span lang=\"fr\">Sains et beaux<\/span><\/h3>\n<p><span lang=\"fr\">Non seulement les anthuriums sont beaux, mais ils contribuent \u00e0 un environnement plus sain. Les plantes \u00e9liminent les substances toxiques de l\u2019air, telles que le benz\u00e8ne, le formald\u00e9hyde et l&#8217;ammoniac. Elles d\u00e9gagent des substances qui tuent les moisissures et les virus, nous gardant ainsi en meilleure sant\u00e9.<\/span><\/p>\n<p><span lang=\"fr\">Mais ce n&#8217;est pas tout ! Les anthuriums augmentent \u00e9galement la capacit\u00e9 de concentration et d&#8217;apprentissage, car ils transforment le dioxyde de carbone en oxyg\u00e8ne. Et enfin, ils augmentent l&#8217;humidit\u00e9 de l&#8217;air, ce qui r\u00e9duit les probl\u00e8mes de s\u00e9cheresse de la peau, des yeux et des l\u00e8vres.<\/span><\/p>\n<h3><span lang=\"fr\">\u00c0 l\u2019aise partout<\/span><\/h3>\n<p><span lang=\"fr\">Les anthuriums sont disponibles en diff\u00e9rentes tailles et vari\u00e9t\u00e9s. De la plantes en pot jusqu\u2019\u00e0 la fleur coup\u00e9e, avec de grandes ou de petites fleurs. La forme des fleurs varie \u00e9galement : en forme de c\u0153ur, de tulipe ou une forme allong\u00e9e (de ruban).\u00a0Et histoire de rendre le choix encore plus difficile, les anthuriums sont disponibles en divers coloris\u00a0: rose, orange, violet, jaune, saumon, marron et m\u00eame noir. Si vous voulez encore plus de couleurs, vous pouvez opter pour une vari\u00e9t\u00e9 aux fleurs multicolores.<\/span><\/p>\n<p><span lang=\"fr\">Vous devez maintenant \u00eatre tr\u00e8s enthousiaste et avoir h\u00e2te de ramener des anthuriums \u00e0 la maison.\u00a0 Ils sont heureusement disponibles toute l&#8217;ann\u00e9e, dans les jardineries, les supermarch\u00e9s, les magasins sp\u00e9cialis\u00e9s et, bien s\u00fbr, chez le fleuriste.<\/span><\/p>\n","protected":false},"excerpt":{"rendered":"<p class=\"excerpt\">Tout est dans le nom Le genre Anthurium est d\u00e9riv\u00e9 du grec \u00ab\u00a0Anthos\u00a0\u00bb et \u00ab\u00a0Oura\u00a0\u00bb, ce qui signifie \u00ab\u00a0queue fleurie\u00a0\u00bb. Le nom est tr\u00e8s appropri\u00e9 en raison de son inflorescence. Celle-ci est constitu\u00e9e d&#8217;une spathe et d&#8217;un spadice sur lesquels se trouvent les fleurs. En raison de cette inflorescence, l&#8217;anthurium appartient \u00e0 la famille des [&hellip;]<\/p>\n","protected":false},"author":1,"featured_media":0,"parent":0,"menu_order":4,"comment_status":"closed","ping_status":"closed","template":"","meta":{"_acf_changed":false,"footnotes":""},"class_list":["post-896","page","type-page","status-publish","hentry"],"acf":[],"yoast_head":"<!-- This site is optimized with the Yoast SEO plugin v26.7 - https:\/\/yoast.com\/wordpress\/plugins\/seo\/ -->\n<title>Tout sur l\u2019anthurium en fleur coup\u00e9e et en pot - Anthurium Fran\u00e7ais<\/title>\n<meta name=\"description\" content=\"Anthurium is een groot plantengeslacht uit tropisch Amerika dat bestaat uit 600 soorten. Het geslacht behoort tot de aronskelkfamilie.\" \/>\n<meta name=\"robots\" content=\"index, follow, max-snippet:-1, max-image-preview:large, max-video-preview:-1\" \/>\n<link rel=\"canonical\" href=\"https:\/\/anthuriuminfo.com\/fr\/tout-sur-lanthurium-en-fleur-coupee-et-en-pot\/\" \/>\n<meta property=\"og:locale\" content=\"nl_NL\" \/>\n<meta property=\"og:type\" content=\"article\" \/>\n<meta property=\"og:title\" content=\"Tout sur l\u2019anthurium en fleur coup\u00e9e et en pot - Anthurium Fran\u00e7ais\" \/>\n<meta property=\"og:description\" content=\"Anthurium is een groot plantengeslacht uit tropisch Amerika dat bestaat uit 600 soorten. Het geslacht behoort tot de aronskelkfamilie.\" \/>\n<meta property=\"og:url\" content=\"https:\/\/anthuriuminfo.com\/fr\/tout-sur-lanthurium-en-fleur-coupee-et-en-pot\/\" \/>\n<meta property=\"og:site_name\" content=\"Anthurium Fran\u00e7ais\" \/>\n<meta property=\"article:publisher\" content=\"https:\/\/www.facebook.com\/Anthurium.info\" \/>\n<meta property=\"article:modified_time\" content=\"2019-07-12T05:57:50+00:00\" \/>\n<meta name=\"twitter:card\" content=\"summary_large_image\" \/>\n<meta name=\"twitter:site\" content=\"@Anthuriuminfo\" \/>\n<meta name=\"twitter:label1\" content=\"Geschatte leestijd\" \/>\n\t<meta name=\"twitter:data1\" content=\"3 minuten\" \/>\n<script type=\"application\/ld+json\" class=\"yoast-schema-graph\">{\"@context\":\"https:\/\/schema.org\",\"@graph\":[{\"@type\":\"WebPage\",\"@id\":\"https:\/\/anthuriuminfo.com\/fr\/tout-sur-lanthurium-en-fleur-coupee-et-en-pot\/\",\"url\":\"https:\/\/anthuriuminfo.com\/fr\/tout-sur-lanthurium-en-fleur-coupee-et-en-pot\/\",\"name\":\"Tout sur l\u2019anthurium en fleur coup\u00e9e et en pot - Anthurium Fran\u00e7ais\",\"isPartOf\":{\"@id\":\"http:\/\/anthuriuminfo.com\/fr\/#website\"},\"datePublished\":\"2017-02-20T20:18:33+00:00\",\"dateModified\":\"2019-07-12T05:57:50+00:00\",\"description\":\"Anthurium is een groot plantengeslacht uit tropisch Amerika dat bestaat uit 600 soorten. Het geslacht behoort tot de aronskelkfamilie.\",\"breadcrumb\":{\"@id\":\"https:\/\/anthuriuminfo.com\/fr\/tout-sur-lanthurium-en-fleur-coupee-et-en-pot\/#breadcrumb\"},\"inLanguage\":\"nl-NL\",\"potentialAction\":[{\"@type\":\"ReadAction\",\"target\":[\"https:\/\/anthuriuminfo.com\/fr\/tout-sur-lanthurium-en-fleur-coupee-et-en-pot\/\"]}]},{\"@type\":\"BreadcrumbList\",\"@id\":\"https:\/\/anthuriuminfo.com\/fr\/tout-sur-lanthurium-en-fleur-coupee-et-en-pot\/#breadcrumb\",\"itemListElement\":[{\"@type\":\"ListItem\",\"position\":1,\"name\":\"Home\",\"item\":\"http:\/\/anthuriuminfo.com\/fr\/\"},{\"@type\":\"ListItem\",\"position\":2,\"name\":\"Tout sur l\u2019anthurium en fleur coup\u00e9e et en pot\"}]},{\"@type\":\"WebSite\",\"@id\":\"http:\/\/anthuriuminfo.com\/fr\/#website\",\"url\":\"http:\/\/anthuriuminfo.com\/fr\/\",\"name\":\"Anthurium Fran\u00e7ais\",\"description\":\"Tout sur les fleurs coup\u00e9es et les plantes en pot d&#039;Anthurium\",\"potentialAction\":[{\"@type\":\"SearchAction\",\"target\":{\"@type\":\"EntryPoint\",\"urlTemplate\":\"http:\/\/anthuriuminfo.com\/fr\/?s={search_term_string}\"},\"query-input\":{\"@type\":\"PropertyValueSpecification\",\"valueRequired\":true,\"valueName\":\"search_term_string\"}}],\"inLanguage\":\"nl-NL\"}]}<\/script>\n<!-- \/ Yoast SEO plugin. -->","yoast_head_json":{"title":"Tout sur l\u2019anthurium en fleur coup\u00e9e et en pot - Anthurium Fran\u00e7ais","description":"Anthurium is een groot plantengeslacht uit tropisch Amerika dat bestaat uit 600 soorten. Het geslacht behoort tot de aronskelkfamilie.","robots":{"index":"index","follow":"follow","max-snippet":"max-snippet:-1","max-image-preview":"max-image-preview:large","max-video-preview":"max-video-preview:-1"},"canonical":"https:\/\/anthuriuminfo.com\/fr\/tout-sur-lanthurium-en-fleur-coupee-et-en-pot\/","og_locale":"nl_NL","og_type":"article","og_title":"Tout sur l\u2019anthurium en fleur coup\u00e9e et en pot - Anthurium Fran\u00e7ais","og_description":"Anthurium is een groot plantengeslacht uit tropisch Amerika dat bestaat uit 600 soorten. Het geslacht behoort tot de aronskelkfamilie.","og_url":"https:\/\/anthuriuminfo.com\/fr\/tout-sur-lanthurium-en-fleur-coupee-et-en-pot\/","og_site_name":"Anthurium Fran\u00e7ais","article_publisher":"https:\/\/www.facebook.com\/Anthurium.info","article_modified_time":"2019-07-12T05:57:50+00:00","twitter_card":"summary_large_image","twitter_site":"@Anthuriuminfo","twitter_misc":{"Geschatte leestijd":"3 minuten"},"schema":{"@context":"https:\/\/schema.org","@graph":[{"@type":"WebPage","@id":"https:\/\/anthuriuminfo.com\/fr\/tout-sur-lanthurium-en-fleur-coupee-et-en-pot\/","url":"https:\/\/anthuriuminfo.com\/fr\/tout-sur-lanthurium-en-fleur-coupee-et-en-pot\/","name":"Tout sur l\u2019anthurium en fleur coup\u00e9e et en pot - Anthurium Fran\u00e7ais","isPartOf":{"@id":"http:\/\/anthuriuminfo.com\/fr\/#website"},"datePublished":"2017-02-20T20:18:33+00:00","dateModified":"2019-07-12T05:57:50+00:00","description":"Anthurium is een groot plantengeslacht uit tropisch Amerika dat bestaat uit 600 soorten. Het geslacht behoort tot de aronskelkfamilie.","breadcrumb":{"@id":"https:\/\/anthuriuminfo.com\/fr\/tout-sur-lanthurium-en-fleur-coupee-et-en-pot\/#breadcrumb"},"inLanguage":"nl-NL","potentialAction":[{"@type":"ReadAction","target":["https:\/\/anthuriuminfo.com\/fr\/tout-sur-lanthurium-en-fleur-coupee-et-en-pot\/"]}]},{"@type":"BreadcrumbList","@id":"https:\/\/anthuriuminfo.com\/fr\/tout-sur-lanthurium-en-fleur-coupee-et-en-pot\/#breadcrumb","itemListElement":[{"@type":"ListItem","position":1,"name":"Home","item":"http:\/\/anthuriuminfo.com\/fr\/"},{"@type":"ListItem","position":2,"name":"Tout sur l\u2019anthurium en fleur coup\u00e9e et en pot"}]},{"@type":"WebSite","@id":"http:\/\/anthuriuminfo.com\/fr\/#website","url":"http:\/\/anthuriuminfo.com\/fr\/","name":"Anthurium Fran\u00e7ais","description":"Tout sur les fleurs coup\u00e9es et les plantes en pot d&#039;Anthurium","potentialAction":[{"@type":"SearchAction","target":{"@type":"EntryPoint","urlTemplate":"http:\/\/anthuriuminfo.com\/fr\/?s={search_term_string}"},"query-input":{"@type":"PropertyValueSpecification","valueRequired":true,"valueName":"search_term_string"}}],"inLanguage":"nl-NL"}]}},"_links":{"self":[{"href":"https:\/\/anthuriuminfo.com\/fr\/wp-json\/wp\/v2\/pages\/896","targetHints":{"allow":["GET"]}}],"collection":[{"href":"https:\/\/anthuriuminfo.com\/fr\/wp-json\/wp\/v2\/pages"}],"about":[{"href":"https:\/\/anthuriuminfo.com\/fr\/wp-json\/wp\/v2\/types\/page"}],"author":[{"embeddable":true,"href":"https:\/\/anthuriuminfo.com\/fr\/wp-json\/wp\/v2\/users\/1"}],"replies":[{"embeddable":true,"href":"https:\/\/anthuriuminfo.com\/fr\/wp-json\/wp\/v2\/comments?post=896"}],"version-history":[{"count":2,"href":"https:\/\/anthuriuminfo.com\/fr\/wp-json\/wp\/v2\/pages\/896\/revisions"}],"predecessor-version":[{"id":5348,"href":"https:\/\/anthuriuminfo.com\/fr\/wp-json\/wp\/v2\/pages\/896\/revisions\/5348"}],"wp:attachment":[{"href":"https:\/\/anthuriuminfo.com\/fr\/wp-json\/wp\/v2\/media?parent=896"}],"curies":[{"name":"wp","href":"https:\/\/api.w.org\/{rel}","templated":true}]}}